{"id":323,"date":"2020-07-15T13:33:14","date_gmt":"2020-07-15T11:33:14","guid":{"rendered":"https:\/\/encann.websitedev.usermd.net\/?page_id=323"},"modified":"2024-12-12T13:05:46","modified_gmt":"2024-12-12T12:05:46","slug":"datenschutzbestimmungen","status":"publish","type":"page","link":"https:\/\/encann.pl\/de\/datenschutzbestimmungen\/","title":{"rendered":"Datenschutzbestimmungen"},"content":{"rendered":"<div class=\"wpb-content-wrapper\"><div class=\"vc_row wpb_row vc_row-fluid\"><div class=\"wpb_column vc_column_container vc_col-sm-2\"><div class=\"vc_column-inner\"><div class=\"wpb_wrapper\"><\/div><\/div><\/div><div class=\"wpb_column vc_column_container vc_col-sm-8\"><div class=\"vc_column-inner\"><div class=\"wpb_wrapper\">\n\t<div class=\"wpb_text_column wpb_content_element\" >\n\t\t<div class=\"wpb_wrapper\">\n\t\t\t<h2 class=\"title title--smaller\"><strong style=\"color: #333333; font-size: 16px;\">INFORMATIONEN \u00dcBER DIE VERARBEITUNG PERSONENBEZOGENER DATEN DURCH ENCANN.PL IM ZUSAMMENHANG MIT DER NUTZUNG DES ONLINE-SHOPS AUF ENCANN.PL<\/strong><\/h2>\n<div class=\"text text--reg\">\n<p><strong>vom 09. Juli 2019<\/strong><\/p>\n<p><strong><a href=\"https:\/\/encann.pl\/de\/vorschriften\/?wmc-currency=EUR\">Die Allgemeinen Gesch\u00e4ftsbedingungen finden Sie unter diesem Link<\/a><\/strong><\/p>\n<p><strong>Die Website www.encann.pl geh\u00f6rt dem Unternehmen:<\/strong><\/p>\n<p><strong>ENCANN sp. z o. o.<\/strong><\/p>\n<p><b>33\/13 Nowy \u015awiat Stra\u00dfe<\/b><\/p>\n<p><strong>00-029 Warschau<\/strong><\/p>\n<p><strong>NIP: 8442366400<\/strong><\/p>\n<p><strong>kontakt@encann.pl<\/strong><\/p>\n<p><strong>Tel.: 512 420 360<\/strong><\/p>\n<p>Sehr geehrter Kunde,<\/p>\n<p>Im Folgenden informieren wir Sie \u00fcber die Verarbeitung Ihrer personenbezogenen Daten im Zusammenhang mit der Nutzung unseres Online-Shops unter www.encann.pl und der Bestellung von ENCANN-Produkten \u00fcber diesen Shop.<br \/>\nWir stellen sicher, dass Ihre Daten von uns nur in dem Umfang verarbeitet werden, der f\u00fcr die unten beschriebenen Zwecke erforderlich ist, und zwar in einer Weise, die ihre vollst\u00e4ndige Sicherheit gew\u00e4hrleistet, und in \u00dcbereinstimmung mit allen Vorschriften, die die Verarbeitung personenbezogener Daten regeln, insbesondere der Verordnung (EU) 2016\/679 des Europ\u00e4ischen Parlaments und des Rates vom 27. April 2016 zum Schutz nat\u00fcrlicher Personen bei der Verarbeitung personenbezogener Daten, zum freien Datenverkehr und zur Aufhebung der Richtlinie 95\/46\/EG (Datenschutz-Grundverordnung) (Dz.Urz.UE.L Nr. 119, S. 1), nachstehend \"RODO\" genannt, und das Gesetz vom 10. Mai 2018 \u00fcber den Schutz personenbezogener Daten (GBl. 2018, Pos. 1000).<\/p>\n<p><strong>Wie k\u00f6nnen Sie uns kontaktieren?<\/strong><\/p>\n<p>Eine Kontaktaufnahme mit encann.co.uk ist m\u00f6glich:<br \/>\n- per E-Mail an:<br \/>\nsklep@encann.pl<br \/>\noder \u00fcber das Formular im Kontaktbereich der Website encann.co.uk oder per Post an die Adresse des Unternehmens.<\/p>\n<p><strong>Zu welchem Zweck verarbeiten wir die personenbezogenen Daten unserer Kunden?<\/strong><\/p>\n<p>Betrieb der Website encann.pl<br \/>\nWir verarbeiten die personenbezogenen Daten unserer Kunden, um die Funktionsf\u00e4higkeit unseres Online-Shops gem\u00e4\u00df dessen Bedingungen zu gew\u00e4hrleisten. Dazu geh\u00f6rt insbesondere, dass die Kunden sich f\u00fcr den Shop registrieren und unsere Produkte bestellen k\u00f6nnen.<\/p>\n<p>Ausf\u00fchrung des Verkaufs<br \/>\nMit der Entscheidung zum Kauf unserer Produkte werden die Daten des Kunden zum Zwecke der Abwicklung des Kaufvorgangs verwendet. Dazu geh\u00f6ren insbesondere die Entgegennahme der Zahlung durch den Kunden, die Lieferung der Ware an den vom Kunden angegebenen Ort, die Ausstellung von Verkaufsunterlagen sowie die Erm\u00f6glichung der Aus\u00fcbung von Gew\u00e4hrleistungsrechten durch den Kunden. Die personenbezogenen Daten der Kunden k\u00f6nnen auch zur Verwirklichung der berechtigten Interessen von encann.pl verwendet werden, wie z.B. zur Sicherung und Durchsetzung von Anspr\u00fcchen.<\/p>\n<p>Marketing-Ziele<br \/>\nWir verarbeiten die personenbezogenen Daten unserer Kunden f\u00fcr unsere Marketingzwecke, d. h. insbesondere f\u00fcr die Werbung f\u00fcr unsere Produktpalette. Wir m\u00f6chten, dass unsere Kunden \u00fcber unsere Produkte und Entwicklungen auf dem Laufenden gehalten werden und insbesondere Informationen \u00fcber neue Produkte und exklusive Angebote erhalten. Wenn der Kunde zustimmt, erh\u00e4lt er kommerzielle Mitteilungen per E-Mail oder Telefon, um das Angebot unseres Shops vorzustellen.<\/p>\n<p><strong>Auf welcher Grundlage verarbeiten wir Ihre personenbezogenen Daten?<\/strong><\/p>\n<p>Je nach dem Zweck, zu dem die personenbezogenen Daten der Kunden verarbeitet werden, ist die Rechtsgrundlage der Umstand, dass die Verarbeitung f\u00fcr die Erf\u00fcllung von Kaufvertr\u00e4gen f\u00fcr ENCANN-Produkte erforderlich ist (Artikel 6 Absatz 1 Buchstabe b) RODO), oder es ist die Zustimmung, die der Kunde beim Kauf oder bei der Registrierung f\u00fcr die auf der Website encann.pl angebotenen Dienstleistungen zum Ausdruck gebracht hat (Artikel 6 Absatz 1 Buchstabe a) RODO). Die Grundlage f\u00fcr die Verarbeitung der personenbezogenen Daten der Kunden kann auch der Umstand sein, dass die Verarbeitung f\u00fcr die Zwecke erforderlich ist, die sich aus den von encann.pl verfolgten berechtigten Interessen ergeben (Artikel 6 Absatz 1 Buchstabe f) RODO).<\/p>\n<p><strong>Welche Kundendaten verarbeiten wir?<\/strong><\/p>\n<p>Wir verarbeiten nur die Daten, die uns von den Kunden im Rahmen der Bestellung oder der Registrierung im encann.pl-Shop zur Verf\u00fcgung gestellt werden, sowie Cookies, d.h:<br \/>\n(a) Name;<br \/>\n(b) E-Mail-Adresse;<br \/>\n(c) Telefon;<br \/>\n(d) Land;<br \/>\n(e) Anschrift;<br \/>\n(f) Postleitzahl;<br \/>\n(g) die Stadt;<br \/>\n(h) Cookies f\u00fcr die Auftragsabwicklung;<br \/>\nund, im Falle von Unternehmen, auch:<br \/>\n(i) das Unternehmen;<br \/>\n(j) TIN.<\/p>\n<p><strong>Legitimes Interesse<\/strong><\/p>\n<p>Die berechtigten Interessen, auf die wir uns berufen, sind die Direktvermarktung unserer eigenen Produkte, die korrekte Pr\u00e4sentation unseres Produktangebots, die Sicherung und Durchsetzung von Anspr\u00fcchen, die Wahrung und der Schutz vor Anspr\u00fcchen des Kunden oder Dritter.<\/p>\n<p><strong>Recht auf Widerspruch<\/strong><\/p>\n<p>Die betroffene Person hat das Recht, aus Gr\u00fcnden, die sich aus ihrer besonderen Situation ergeben, jederzeit gegen die Verarbeitung sie betreffender personenbezogener Daten Widerspruch einzulegen, sofern die Verarbeitung auf der Grundlage der von dem f\u00fcr die Verarbeitung Verantwortlichen verfolgten berechtigten Interessen erforderlich ist.<br \/>\nDer Kunde hat das Recht, der Verarbeitung ihn betreffender personenbezogener Daten jederzeit zu widersprechen, wenn die personenbezogenen Daten f\u00fcr Zwecke der Direktwerbung verarbeitet werden.<\/p>\n<p><strong>Wie lange verarbeiten wir die personenbezogenen Daten unserer Kunden?<\/strong><\/p>\n<p>Der Zeitraum, f\u00fcr den wir die personenbezogenen Daten der Kunden verarbeiten, h\u00e4ngt vom Zweck der Verarbeitung ab. Dementsprechend:<br \/>\na) Registrierung auf der Website des Shops - f\u00fcr den Zeitraum, in dem der Kunde registriert ist - bis zur Abmeldung des Kunden von der Website; danach verarbeiten wir die Daten des Kunden f\u00fcr die Zwecke der Rechenschaftslegung \u00fcber unsere Handlungen, zu denen wir aufgrund der Datenschutzbestimmungen verpflichtet sind, oder f\u00fcr den Zeitraum, f\u00fcr den wir aufgrund anderer gesetzlicher Bestimmungen zur Verarbeitung verpflichtet sind, sowie f\u00fcr die Dauer der Verj\u00e4hrung von Anspr\u00fcchen, jedoch nicht l\u00e4nger als 10 Jahre;<br \/>\nb) die Abwicklung des Verkaufs - f\u00fcr einen Zeitraum von einem Jahr ab Vertragsabschluss; danach verarbeiten wir die Daten des Kunden f\u00fcr die Zwecke der Rechenschaftslegung \u00fcber unsere Handlungen, zu denen wir nach den Datenschutzgesetzen verpflichtet sind, oder f\u00fcr den Zeitraum, f\u00fcr den wir nach anderen Gesetzen zur Verarbeitung verpflichtet sind, sowie f\u00fcr den Zeitraum der Verj\u00e4hrung von Anspr\u00fcchen, jedoch nicht l\u00e4nger als 10 Jahre;<br \/>\nc) im Falle der Verarbeitung personenbezogener Daten f\u00fcr Zwecke, die sich aus den berechtigten Interessen der encann.pl ergeben, werden die Daten f\u00fcr einen Zeitraum von maximal 10 Jahren verarbeitet.<\/p>\n<p><strong>Wer ist der Empf\u00e4nger der Kundendaten?<\/strong><\/p>\n<p>Kundendaten werden nur an die Stellen weitergegeben, die am Betrieb des Online-Shops encann.de und an der Abwicklung von Bestellungen von ENCANN-Produkten beteiligt sind,<br \/>\nd. h:<br \/>\na) den Hosting-Service unserer Website;<br \/>\nb) das Kurierunternehmen und die polnische Post, die die bestellten Produkte zustellen;<br \/>\n(c) ein Online-Zahlungsdienstleister;<br \/>\n(d) an die Bank, bei der das Bankkonto des Unternehmens gef\u00fchrt wird.<br \/>\nIn allen F\u00e4llen, in denen die Verarbeitung personenbezogener Daten in Auftrag gegeben wird, geschieht dies auf der Grundlage entsprechender Vereinbarungen und in einer Weise, die sicherstellt, dass personenbezogene Daten nur f\u00fcr die oben genannten Zwecke verarbeitet werden.<\/p>\n<p><strong>Nutzung sozialer Medien und von Suchmaschinen-Plug-ins<\/strong><\/p>\n<p>Unser Online-Shop nutzt Social Media und Suchmaschinen-Plugins, soweit diese mit der RODO und dem Datenschutzgesetz vom 10. Mai 2018 \u00fcbereinstimmen. Die Social-Media-Seiten stellen sicher, dass die Verwendung personenbezogener Daten im Einklang mit dem Gesetz steht. Wir empfehlen, die Datenschutzrichtlinien der einzelnen Social-Media-Seiten und Suchmaschinen zu lesen, um weitere Einzelheiten zu erfahren.<\/p>\n<p><strong>\u00dcbermittlung von Daten an ein Drittland oder eine internationale Organisation<\/strong><\/p>\n<p>Kundendaten werden nicht an ein Drittland oder eine internationale Organisation \u00fcbermittelt.<\/p>\n<p><strong>Recht auf Zugang zu personenbezogenen Daten<\/strong><\/p>\n<p>Der Kunde hat das Recht auf Auskunft \u00fcber den Inhalt seiner personenbezogenen Daten, das Recht auf Berichtigung, L\u00f6schung und das Recht auf Einschr\u00e4nkung der Verarbeitung. Dar\u00fcber hinaus hat er auch das Recht, seine Einwilligung jederzeit zu widerrufen, ohne dass die Rechtm\u00e4\u00dfigkeit der Verarbeitung ber\u00fchrt wird, sowie das Recht auf Daten\u00fcbertragbarkeit und das Recht, der Verarbeitung personenbezogener Daten zu widersprechen.<\/p>\n<p><strong>Recht auf Beschwerde bei einer Aufsichtsbeh\u00f6rde<\/strong><\/p>\n<p>Der Kunde hat das Recht, sich beim Pr\u00e4sidenten des Amtes f\u00fcr den Schutz personenbezogener Daten, ul. Stawki 2, 00-193 Warschau, zu beschweren, wenn er der Ansicht ist, dass die Verarbeitung der ihn betreffenden personenbezogenen Daten gegen die gesetzlichen Bestimmungen verst\u00f6\u00dft.<\/p>\n<p><strong>Welche Folgen hat es, wenn der Kunde keine pers\u00f6nlichen Daten angibt?<\/strong><\/p>\n<p>Die Verweigerung der Daten\u00fcbermittlung durch den Kunden macht die Nutzung des Online-Shops encann.de, einschlie\u00dflich der Registrierung und der Bestellung von ENCANN-Produkten, unm\u00f6glich.<\/p>\n<p><strong>Der f\u00fcr die Verarbeitung Ihrer personenbezogenen Daten Verantwortliche ist:<\/strong><\/p>\n<p>ENCANN sp. z o. o.<\/p>\n<p>33\/13 Nowy \u015awiat Stra\u00dfe<\/p>\n<\/div>\n<div class=\"text text--reg\">\n<p>00-029 Warschau<\/p>\n<\/div>\n\n\t\t<\/div>\n\t<\/div>\n<\/div><\/div><\/div><div class=\"wpb_column vc_column_container vc_col-sm-2\"><div class=\"vc_column-inner\"><div class=\"wpb_wrapper\"><\/div><\/div><\/div><\/div>\n<\/div>","protected":false},"excerpt":{"rendered":"INFORMATIONEN \u00dcBER DIE VERARBEITUNG PERSONENBEZOGENER DATEN DURCH DIE WEBSEITE ENCANN.PL IN VERBINDUNG MIT DER NUTZUNG DER WEBSEITE ENCANN.PL, datiert vom","protected":false},"author":1,"featured_media":0,"parent":0,"menu_order":0,"comment_status":"closed","ping_status":"closed","template":"","meta":{"footnotes":""},"class_list":["post-323","page","type-page","status-publish","hentry"],"_links":{"self":[{"href":"https:\/\/encann.pl\/de\/wp-json\/wp\/v2\/pages\/323","targetHints":{"allow":["GET"]}}],"collection":[{"href":"https:\/\/encann.pl\/de\/wp-json\/wp\/v2\/pages"}],"about":[{"href":"https:\/\/encann.pl\/de\/wp-json\/wp\/v2\/types\/page"}],"author":[{"embeddable":true,"href":"https:\/\/encann.pl\/de\/wp-json\/wp\/v2\/users\/1"}],"replies":[{"embeddable":true,"href":"https:\/\/encann.pl\/de\/wp-json\/wp\/v2\/comments?post=323"}],"version-history":[{"count":5,"href":"https:\/\/encann.pl\/de\/wp-json\/wp\/v2\/pages\/323\/revisions"}],"predecessor-version":[{"id":4263,"href":"https:\/\/encann.pl\/de\/wp-json\/wp\/v2\/pages\/323\/revisions\/4263"}],"wp:attachment":[{"href":"https:\/\/encann.pl\/de\/wp-json\/wp\/v2\/media?parent=323"}],"curies":[{"name":"wp","href":"https:\/\/api.w.org\/{rel}","templated":true}]}}