{"id":1230,"date":"2020-12-21T11:05:24","date_gmt":"2020-12-21T10:05:24","guid":{"rendered":"https:\/\/encann.pl\/?post_type=product&#038;p=1230"},"modified":"2026-04-13T14:16:36","modified_gmt":"2026-04-13T12:16:36","slug":"cryo-cooling-creme-mit-cbd-150-ml","status":"publish","type":"product","link":"https:\/\/encann.pl\/de\/produkt\/cryo-cooling-creme-mit-cbd-150-ml\/","title":{"rendered":"KRIO K\u00fchlcreme mit CBD 150 ml"},"content":{"rendered":"<div class=\"wpb-content-wrapper\"><div class=\"vc_row wpb_row vc_row-fluid\"><div class=\"wpb_column vc_column_container vc_col-sm-2\"><div class=\"vc_column-inner\"><div class=\"wpb_wrapper\"><\/div><\/div><\/div><div class=\"wpb_column vc_column_container vc_col-sm-8\"><div class=\"vc_column-inner\"><div class=\"wpb_wrapper\">\n\t\t<div id=\"wd-66d5accc58ce5\" class=\"wd-tabs wd-wpb wd-rs-66d5accc58ce5 tabs-design-default\">\n\t\t\t<div class=\"wd-tabs-header text-center\">\n\t\t\t\t\n\t\t\t\t\n\t\t\t\t<div class=\"wd-nav-wrapper wd-nav-tabs-wrapper wd-mb-action-swipe\">\n\t\t\t\t\t<ul class=\"wd-nav wd-nav-tabs wd-icon-pos-left wd-style-default font-primary wd-fontsize-s wd-font-weight-600\">\n\t\t\t\t\t\t\t\t\t\t\t\t\t\n\t\t\t\t\t\t\t<li>\n\t\t\t\t\t\t\t\t<a href=\"#\" class=\"wd-nav-link\">\n\t\t\t\t\t\t\t\t\t\t\t\t\t\t\t\t\t\t<span class=\"nav-link-text wd-tabs-title\">\n\t\t\t\t\t\t\t\t\t\tPRODUKTBEZEICHNUNG\t\t\t\t\t\t\t\t\t<\/span>\n\t\t\t\t\t\t\t\t<\/a>\n\t\t\t\t\t\t\t<\/li>\n\n\t\t\t\t\t\t\t\t\t\t\t\t\t\n\t\t\t\t\t\t\t<li>\n\t\t\t\t\t\t\t\t<a href=\"#\" class=\"wd-nav-link\">\n\t\t\t\t\t\t\t\t\t\t\t\t\t\t\t\t\t\t<span class=\"nav-link-text wd-tabs-title\">\n\t\t\t\t\t\t\t\t\t\tZusammensetzung\t\t\t\t\t\t\t\t\t<\/span>\n\t\t\t\t\t\t\t\t<\/a>\n\t\t\t\t\t\t\t<\/li>\n\n\t\t\t\t\t\t\n\t\t\t\t\t<\/ul>\n\t\t\t\t<\/div>\n\t\t\t<\/div>\n\n\t\t\t<div class=\"wd-tabs-content-wrapper\">\n\t\t\t\t\n\t\t<div class=\"wd-tab-content\">\n\t\t\t\t\t\t\t<div class=\"wd-entry-content\">\n\t\t\t\t\t<strong>ENCANN\u00ae KRIO<\/strong>\u00a0ist eine Creme mit k\u00fchlender und regenerierender Wirkung f\u00fcr die Haut mit einem hohen Gehalt an nat\u00fcrlichem Hanf\u00f6l.<\/p>\n<p><strong>F\u00dcR WEN?<\/strong><\/p>\n<p>F\u00fcr alle, die nach anstrengender Arbeit, Sport oder den ganz normalen Strapazen des Alltags schnelle Linderung brauchen. Die ENCANN\u00ae Hanfcreme-Serie unterst\u00fctzt den K\u00f6rper in jeder Lebenslage. Die innovative Formel sorgt daf\u00fcr, dass das Produkt trotz eines hohen \u00d6lanteils in der Rezeptur schnell einzieht und keine fettigen Spuren auf der Kleidung hinterl\u00e4sst.<\/p>\n<p><strong>Wodurch unterscheidet sich ENCANN\u00ae KRIO von Konkurrenzprodukten?<\/strong><\/p>\n<p><strong>Reine Zusammensetzung<\/strong>- 97,3% aller Cremebestandteile sind nat\u00fcrlichen Ursprungs.<\/p>\n<p><strong>Eine F\u00fclle von Wirkstoffen<\/strong>- Neben Hanf\u00f6l und CBD wird in unseren Cremes nicht an anderen wertvollen Inhaltsstoffen gespart.<\/p>\n<p><strong>Hoher Gehalt<\/strong>\u00a0Hanf\u00f6l und Cannabidiol zu einem attraktiven Preis.<\/p>\n<p><strong>Bestens geeignet f\u00fcr<\/strong>\u00a0sowohl f\u00fcr den t\u00e4glichen Gebrauch \"unter der Kleidung\" als auch f\u00fcr die Massage.<\/p>\n<p><strong>Bew\u00e4hrte Leistung<\/strong>\u00a0in Anwendungstests an einer repr\u00e4sentativen Gruppe von Freiwilligen. Die Bewertung des Produkts im Vergleich zu anderen Produkten seiner Art betrug 100\/100 Punkte!<\/p>\n<p><strong>Zus\u00e4tzlich zu den Hanf-Inhaltsstoffen enth\u00e4lt die Creme potente aktive Pflanzenextrakte, um die volle Synergie ihrer Wirkung zu gew\u00e4hrleisten.\u00a0<\/strong><\/p>\n<p><strong>WIRKSTOFFE:<\/strong><\/p>\n<p><strong>Hanf\u00f6l (10% in der Zusammensetzung)<\/strong>\u00a0- l\u00e4sst die Wirkstoffe tiefer in die Haut eindringen und ist ein hervorragender Tr\u00e4ger f\u00fcr Wirkstoffe wie Pflanzenextrakte oder \u00e4therische \u00d6le.<\/p>\n<p><strong>Cannabidiol (150 mg CBD)<\/strong>\u00a0hat eine starke antioxidative Wirkung und regeneriert altersbedingte Zellsch\u00e4den.<\/p>\n<p><strong>Menthol, Menthyllactat, Pfefferminzextrakt und Kampfer<\/strong>\u00a0haben eine stark k\u00fchlende und erfrischende Wirkung.<\/p>\n<p><strong>Rosskastanien- und Malvenextrakt<\/strong>\u00a0Schwellungen und das Gef\u00fchl von \"schweren Beinen\" zu lindern.<\/p>\n<p><strong>Schafgarbenextrakt<\/strong>\u00a0stimuliert regenerative Prozesse.<\/p>\n<p><strong>Kamillenextrakt<\/strong>\u00a0bes\u00e4nftigt und beruhigt die Haut<\/p>\n<p><strong>Johanniskraut, Hamamelis, Lindenbl\u00fctenextrakt, Zypressen\u00f6l und Sonnenblumenkern\u00f6l<\/strong>\u00a0haben eine n\u00e4hrende, regenerierende und st\u00e4rkende Wirkung.\t\t\t\t<\/div>\n\t\t\t\t\t<\/div>\n\n\t\t\n\t\t<div class=\"wd-tab-content\">\n\t\t\t\t\t\t\t<div class=\"wd-entry-content\">\n\t\t\t\t\tENCANN-Creme<strong>\u00ae<\/strong>\u00a0KRIO wurde in einer Anlage hergestellt, die den Standards der\u00a0<strong>ISO 9001<\/strong>,\u00a0<strong>Gefahrenanalyse und kritische Kontrollpunkte (HAACP)<\/strong>\u00a0und\u00a0<strong>Gute Herstellungspraxis (GMP).<\/strong><\/p>\n<p><em>Zutaten: Aqua, Cannabis Sativa Seed Oil, Glycerin, Caprylic\/Capric Triglyceride, Propanediol, Menthol, Glyceryl Stearate Citrate, Polyglyceryl-4 Cocoate, Polyacrylate Crosspolymer-6, Menthyl Lactate, Campher, Cannabidiol, Mentha Piperita Leaf Extract, Aesculus Hippocastanum Seed Extract, Achillea Millefolium Flower Extract, Malva Sylvestris Flower Extract, Chamomilla Recutita Flower Extract, Calendula Officinalis Flower Extract, Hypericum Perforatum Flower Extract, Hamamelis Virginiana Leaf Extract, Tilia Platyphyllos Flower Extract, Cupressus Sempervirens Oil, Helianthus Annuus Seed Oil, Tocopherol, Cetyl Alcohol, Sucrose Stearate, Sucrose Distearate, Glyceryl Stearate, Potassium Sorbate, Sodium Benzoate, Sodium Ricinoleate, Tetrasodium Glutamate Diacetate, Xanthan Gum, Citric Acid, Parfum, Limonene, Linalool<\/em>\t\t\t\t<\/div>\n\t\t\t\t\t<\/div>\n\n\t\t\t\t\t<\/div>\n\t\t<\/div>\n\n\t\t<\/div><\/div><\/div><div class=\"wpb_column vc_column_container vc_col-sm-2\"><div class=\"vc_column-inner\"><div class=\"wpb_wrapper\"><\/div><\/div><\/div><\/div>\n<\/div>","protected":false},"excerpt":{"rendered":"<p><em>150 ml (26,00 PLN\/100 ml)<\/em><\/p>\n<p><strong>ENCANN\u00ae KRIO<\/strong>\u00a0- eine Creme mit k\u00fchlender und regenerierender Wirkung zum Auftragen auf die Haut.<\/p>\n<p><strong>97,3%<\/strong>\u00a0alle Cremebestandteile sind nat\u00fcrlichen Ursprungs<\/p>\n<p>Konzentration des Hanf\u00f6ls:\u00a0<strong>10%<\/strong><\/p>\n<p>CBD-Gehalt:<strong>\u00a0150 mg<\/strong><\/p>\n<p>Lautst\u00e4rke:\u00a0<strong>150 ml\u00a0<\/strong><\/p>","protected":false},"featured_media":1265,"template":"","meta":[],"product_brand":[],"product_cat":[95,36],"product_tag":[],"class_list":{"0":"post-1230","1":"product","2":"type-product","3":"status-publish","4":"has-post-thumbnail","6":"product_cat-wszystkie_produkty","7":"product_cat-masci_konopne","9":"first","10":"instock","11":"taxable","12":"shipping-taxable","13":"purchasable","14":"product-type-simple"},"_links":{"self":[{"href":"https:\/\/encann.pl\/de\/wp-json\/wp\/v2\/product\/1230","targetHints":{"allow":["GET"]}}],"collection":[{"href":"https:\/\/encann.pl\/de\/wp-json\/wp\/v2\/product"}],"about":[{"href":"https:\/\/encann.pl\/de\/wp-json\/wp\/v2\/types\/product"}],"wp:featuredmedia":[{"embeddable":true,"href":"https:\/\/encann.pl\/de\/wp-json\/wp\/v2\/media\/1265"}],"wp:attachment":[{"href":"https:\/\/encann.pl\/de\/wp-json\/wp\/v2\/media?parent=1230"}],"wp:term":[{"taxonomy":"product_brand","embeddable":true,"href":"https:\/\/encann.pl\/de\/wp-json\/wp\/v2\/product_brand?post=1230"},{"taxonomy":"product_cat","embeddable":true,"href":"https:\/\/encann.pl\/de\/wp-json\/wp\/v2\/product_cat?post=1230"},{"taxonomy":"product_tag","embeddable":true,"href":"https:\/\/encann.pl\/de\/wp-json\/wp\/v2\/product_tag?post=1230"}],"curies":[{"name":"wp","href":"https:\/\/api.w.org\/{rel}","templated":true}]}}