{"id":1242,"date":"2020-12-21T13:04:08","date_gmt":"2020-12-21T12:04:08","guid":{"rendered":"https:\/\/encann.pl\/?post_type=product&#038;p=1242"},"modified":"2026-04-09T14:16:47","modified_gmt":"2026-04-09T12:16:47","slug":"ruhe-entspannende-creme-mit-cbd-150-ml","status":"publish","type":"product","link":"https:\/\/encann.pl\/de\/produkt\/ruhe-entspannende-creme-mit-cbd-150-ml\/","title":{"rendered":"REST Entspannungscreme mit CBD 150 ml"},"content":{"rendered":"<div class=\"wpb-content-wrapper\"><div class=\"vc_row wpb_row vc_row-fluid\"><div class=\"wpb_column vc_column_container vc_col-sm-2\"><div class=\"vc_column-inner\"><div class=\"wpb_wrapper\"><\/div><\/div><\/div><div class=\"wpb_column vc_column_container vc_col-sm-8\"><div class=\"vc_column-inner\"><div class=\"wpb_wrapper\">\n\t\t<div id=\"wd-66d5accc58ce5\" class=\"wd-tabs wd-wpb wd-rs-66d5accc58ce5 tabs-design-default\">\n\t\t\t<div class=\"wd-tabs-header text-center\">\n\t\t\t\t\n\t\t\t\t\n\t\t\t\t<div class=\"wd-nav-wrapper wd-nav-tabs-wrapper wd-mb-action-swipe\">\n\t\t\t\t\t<ul class=\"wd-nav wd-nav-tabs wd-icon-pos-left wd-style-default font-primary wd-fontsize-s wd-font-weight-600\">\n\t\t\t\t\t\t\t\t\t\t\t\t\t\n\t\t\t\t\t\t\t<li>\n\t\t\t\t\t\t\t\t<a href=\"#\" class=\"wd-nav-link\">\n\t\t\t\t\t\t\t\t\t\t\t\t\t\t\t\t\t\t<span class=\"nav-link-text wd-tabs-title\">\n\t\t\t\t\t\t\t\t\t\tPRODUKTBEZEICHNUNG\t\t\t\t\t\t\t\t\t<\/span>\n\t\t\t\t\t\t\t\t<\/a>\n\t\t\t\t\t\t\t<\/li>\n\n\t\t\t\t\t\t\t\t\t\t\t\t\t\n\t\t\t\t\t\t\t<li>\n\t\t\t\t\t\t\t\t<a href=\"#\" class=\"wd-nav-link\">\n\t\t\t\t\t\t\t\t\t\t\t\t\t\t\t\t\t\t<span class=\"nav-link-text wd-tabs-title\">\n\t\t\t\t\t\t\t\t\t\tZusammensetzung\t\t\t\t\t\t\t\t\t<\/span>\n\t\t\t\t\t\t\t\t<\/a>\n\t\t\t\t\t\t\t<\/li>\n\n\t\t\t\t\t\t\n\t\t\t\t\t<\/ul>\n\t\t\t\t<\/div>\n\t\t\t<\/div>\n\n\t\t\t<div class=\"wd-tabs-content-wrapper\">\n\t\t\t\t\n\t\t<div class=\"wd-tab-content\">\n\t\t\t\t\t\t\t<div class=\"wd-entry-content\">\n\t\t\t\t\t<strong>ENCANN\u00ae REST<\/strong>\u00a0- eine Creme mit stark feuchtigkeitsspendender, beruhigender und regenerierender Wirkung f\u00fcr die Haut, mit einem hohen Gehalt an nat\u00fcrlichem Hanf\u00f6l und CBD.<\/p>\n<p><strong>F\u00dcR WEN?<\/strong><\/p>\n<p><strong>F\u00fcr Menschen mit trockener und\/oder schuppiger Haut und f\u00fcr Haut mit dermatologischen Problemen. Reduziert den Juckreiz der Haut (durch Anwendungstests best\u00e4tigt). Ideal f\u00fcr die t\u00e4gliche Anwendung auf der Haut des gesamten K\u00f6rpers sowie f\u00fcr eine entspannende Massage. Dringt tief in die Haut ein und erzeugt eine entspannende Wirkung an der Anwendungsstelle.<\/strong><\/p>\n<p>Die innovative Formel sorgt daf\u00fcr, dass das Produkt trotz eines hohen \u00d6lanteils in der Formulierung schnell einzieht und keine fettigen Spuren auf der Kleidung hinterl\u00e4sst.<\/p>\n<p><strong>Wodurch unterscheidet sich ENCANN\u00ae REST von Konkurrenzprodukten?<\/strong><\/p>\n<p><strong>Reine Zusammensetzung<\/strong>- 98,8% aller Cremebestandteile sind nat\u00fcrlichen Ursprungs.<\/p>\n<p><strong>Eine F\u00fclle von Wirkstoffen<\/strong>- Neben Hanf\u00f6l und CBD wird in unseren Cremes nicht an anderen wertvollen Inhaltsstoffen gespart.<\/p>\n<p><strong>Sehr hoher Gehalt<\/strong>\u00a0Hanf\u00f6l und Cannabidiol zu einem attraktiven Preis.<\/p>\n<p><strong>Bestens geeignet f\u00fcr<\/strong>\u00a0sowohl f\u00fcr den t\u00e4glichen Gebrauch \"unter der Kleidung\" als auch f\u00fcr die Massage.<\/p>\n<p><strong>Bew\u00e4hrte Leistung<\/strong>\u00a0in Anwendungstests mit einer repr\u00e4sentativen Gruppe von Freiwilligen. Die Gesamtbewertung des Produkts betrug 92\/100 Punkte, w\u00e4hrend die Bewertung im Vergleich zu anderen Produkten dieser Art 100\/100 Punkte betrug!<\/p>\n<p><strong>Zus\u00e4tzlich zu den Hanf-Inhaltsstoffen enth\u00e4lt die Creme potente aktive Pflanzenextrakte, um die volle Synergie ihrer Wirkung zu gew\u00e4hrleisten.\u00a0<\/strong><\/p>\n<p><strong>WIRKSTOFFE:<\/strong><\/p>\n<p><strong>Hanf\u00f6l (15% in der Zusammensetzung)<\/strong>\u00a0- Es hat ausgezeichnete feuchtigkeitsspendende Eigenschaften und erm\u00f6glicht das Eindringen von Wirkstoffen in die tieferen Hautschichten und ist ein hervorragender Tr\u00e4ger f\u00fcr Wirkstoffe wie Pflanzenextrakte oder \u00e4therische \u00d6le. Die Zusammensetzung des \u00d6ls enth\u00e4lt Antioxidantien, Proteine, Aminos\u00e4uren, Karotin, Phytosterole, Phospholipide und Mineralien (einschlie\u00dflich Ca, Mg, S, K, Fe, Zn und P) sowie die Vitamine A, B1, B2, B3, C, D und E.<\/p>\n<p><strong>Cannabidiol (300 mg CBD)<\/strong>\u00a0regeneriert altersbedingte Sch\u00e4den, hat eine antioxidative Wirkung, hilft, die Auswirkungen sch\u00e4dlicher \u00e4u\u00dferer Faktoren auf die Haut zu vermeiden, hemmt Oxidationsprozesse.<\/p>\n<p><strong>Sheabutter<\/strong>\u00a0n\u00e4hrt und sch\u00fctzt die Haut, beruhigt und lindert Reizungen.<\/p>\n<p><strong>Magnesiumsulfat<\/strong>\u00a0Hat eine st\u00e4rkende, n\u00e4hrende und antioxidative Wirkung. Reduziert die Wirkung von M\u00fcdigkeit an der Applikationsstelle.<\/p>\n<p><strong>Schafgarbenextrakt<\/strong>\u00a0stimuliert regenerative Prozesse.<\/p>\n<p><strong>Ringelblume<\/strong>\u00a0beschleunigt die Regeneration und hat eine adstringierende Wirkung auf die Anwendungsstelle.<\/p>\n<p><strong>Kamillenextrakt<\/strong>\u00a0hat eine lindernde, tonisierende und beruhigende Wirkung auf die Haut.<\/p>\n<p><strong>Rosskastanien- und Malvenextrakt<\/strong>\u00a0Schwellungen und das Gef\u00fchl von \"schweren Beinen\" zu lindern.<\/p>\n<p><strong>Johanniskraut, Hamamelis, Lindenbl\u00fctenextrakt, Zypressen\u00f6l und Sonnenblumenkern\u00f6l<\/strong>\u00a0haben eine n\u00e4hrende, regenerierende und st\u00e4rkende Wirkung.\t\t\t\t<\/div>\n\t\t\t\t\t<\/div>\n\n\t\t\n\t\t<div class=\"wd-tab-content\">\n\t\t\t\t\t\t\t<div class=\"wd-entry-content\">\n\t\t\t\t\tENCANN-Creme<strong>\u00ae<\/strong>\u00a0REST wurde in einem Werk hergestellt, das die Normen erf\u00fcllt\u00a0<strong>ISO 9001<\/strong>,\u00a0<strong>Gefahrenanalyse und kritische Kontrollpunkte (HAACP)<\/strong>\u00a0und\u00a0<strong>Gute Herstellungspraxis (GMP).<\/strong><\/p>\n<p><em>Zutaten: Aqua, Cannabis Sativa Seed Oil, Glycerin, Caprylic\/Capric Triglyceride, Propanediol, Coco-Caprylate\/Caprate, Glyceryl Stearate Citrate, Cetearyl Alcohol, Cetyl Alcohol, Silica, Butyrospermum Parkii Butter, Cannabidiol, Magnesiumsulfat, Glyceryl Caprylate, Tocopherol, Helianthus Annuus Seed Oil, Hamamelis Virginiana Leaf Extract, Hypericum Perforatum Flower Extract, Calendula Officinalis Flower Extract, Chamomilla Recutita Flower Extract, Aesculus Hippocastanum Seed Extract, Malva Sylvestris Flower Extract, Tilia Platyphyllos Flower Extract, Mentha Piperita Leaf Extract, Achillea Millefolium Flower Extract, Acacia Senegal Gum, Xanthan Gum, Sodium Benzoate, Potassium Sorbate, Citric Acid, Parfum, Limonene, Citral, Linalool<\/em>\t\t\t\t<\/div>\n\t\t\t\t\t<\/div>\n\n\t\t\t\t\t<\/div>\n\t\t<\/div>\n\n\t\t<\/div><\/div><\/div><div class=\"wpb_column vc_column_container vc_col-sm-2\"><div class=\"vc_column-inner\"><div class=\"wpb_wrapper\"><\/div><\/div><\/div><\/div>\n<\/div>","protected":false},"excerpt":{"rendered":"<p><em>150 ml (30,00 PLN\/100 ml)<\/em><\/p>\n<p><strong>ENCANN\u00ae REST<\/strong>\u00a0- eine Creme mit stark feuchtigkeitsspendender, beruhigender und regenerierender Wirkung zur Anwendung auf der Haut.<\/p>\n<p><strong>98,8%<\/strong>\u00a0alle Cremebestandteile sind nat\u00fcrlichen Ursprungs<\/p>\n<p>Konzentration des Hanf\u00f6ls:\u00a0<strong>15%<\/strong><\/p>\n<p>CBD-Gehalt:<strong>\u00a0300 mg<\/strong><\/p>\n<p>Lautst\u00e4rke:\u00a0<strong>150 ml\u00a0<\/strong><\/p>","protected":false},"featured_media":1262,"template":"","meta":[],"product_brand":[],"product_cat":[95,36],"product_tag":[],"class_list":{"0":"post-1242","1":"product","2":"type-product","3":"status-publish","4":"has-post-thumbnail","6":"product_cat-wszystkie_produkty","7":"product_cat-masci_konopne","9":"first","10":"instock","11":"taxable","12":"shipping-taxable","13":"purchasable","14":"product-type-simple"},"_links":{"self":[{"href":"https:\/\/encann.pl\/de\/wp-json\/wp\/v2\/product\/1242","targetHints":{"allow":["GET"]}}],"collection":[{"href":"https:\/\/encann.pl\/de\/wp-json\/wp\/v2\/product"}],"about":[{"href":"https:\/\/encann.pl\/de\/wp-json\/wp\/v2\/types\/product"}],"wp:featuredmedia":[{"embeddable":true,"href":"https:\/\/encann.pl\/de\/wp-json\/wp\/v2\/media\/1262"}],"wp:attachment":[{"href":"https:\/\/encann.pl\/de\/wp-json\/wp\/v2\/media?parent=1242"}],"wp:term":[{"taxonomy":"product_brand","embeddable":true,"href":"https:\/\/encann.pl\/de\/wp-json\/wp\/v2\/product_brand?post=1242"},{"taxonomy":"product_cat","embeddable":true,"href":"https:\/\/encann.pl\/de\/wp-json\/wp\/v2\/product_cat?post=1242"},{"taxonomy":"product_tag","embeddable":true,"href":"https:\/\/encann.pl\/de\/wp-json\/wp\/v2\/product_tag?post=1242"}],"curies":[{"name":"wp","href":"https:\/\/api.w.org\/{rel}","templated":true}]}}