{"id":3150,"date":"2024-03-08T15:08:58","date_gmt":"2024-03-08T14:08:58","guid":{"rendered":"https:\/\/encann.pl\/?post_type=product&#038;p=3150"},"modified":"2026-04-23T14:16:32","modified_gmt":"2026-04-23T12:16:32","slug":"coriolus-cornelis-30-90-kapseln","status":"publish","type":"product","link":"https:\/\/encann.pl\/de\/produkt\/coriolus-cornelis-30-90-kapseln\/","title":{"rendered":"3x CORIOLUS Verminaceous 30% (3\u00d790 Kapseln)"},"content":{"rendered":"<div class=\"wpb-content-wrapper\"><div class=\"vc_row wpb_row vc_row-fluid\"><div class=\"wpb_column vc_column_container vc_col-sm-2\"><div class=\"vc_column-inner\"><div class=\"wpb_wrapper\"><\/div><\/div><\/div><div class=\"wpb_column vc_column_container vc_col-sm-8\"><div class=\"vc_column-inner\"><div class=\"wpb_wrapper\">\n\t\t<div id=\"wd-66d5accc58ce5\" class=\"wd-tabs wd-wpb wd-rs-66d5accc58ce5 tabs-design-default\">\n\t\t\t<div class=\"wd-tabs-header text-center\">\n\t\t\t\t\n\t\t\t\t\n\t\t\t\t<div class=\"wd-nav-wrapper wd-nav-tabs-wrapper wd-mb-action-swipe\">\n\t\t\t\t\t<ul class=\"wd-nav wd-nav-tabs wd-icon-pos-left wd-style-default font-primary wd-fontsize-s wd-font-weight-600\">\n\t\t\t\t\t\t\t\t\t\t\t\t\t\n\t\t\t\t\t\t\t<li>\n\t\t\t\t\t\t\t\t<a href=\"#\" class=\"wd-nav-link\">\n\t\t\t\t\t\t\t\t\t\t\t\t\t\t\t\t\t\t<span class=\"nav-link-text wd-tabs-title\">\n\t\t\t\t\t\t\t\t\t\tPRODUKTBEZEICHNUNG\t\t\t\t\t\t\t\t\t<\/span>\n\t\t\t\t\t\t\t\t<\/a>\n\t\t\t\t\t\t\t<\/li>\n\n\t\t\t\t\t\t\t\t\t\t\t\t\t\n\t\t\t\t\t\t\t<li>\n\t\t\t\t\t\t\t\t<a href=\"#\" class=\"wd-nav-link\">\n\t\t\t\t\t\t\t\t\t\t\t\t\t\t\t\t\t\t<span class=\"nav-link-text wd-tabs-title\">\n\t\t\t\t\t\t\t\t\t\tZusammensetzung\t\t\t\t\t\t\t\t\t<\/span>\n\t\t\t\t\t\t\t\t<\/a>\n\t\t\t\t\t\t\t<\/li>\n\n\t\t\t\t\t\t\t\t\t\t\t\t\t\n\t\t\t\t\t\t\t<li>\n\t\t\t\t\t\t\t\t<a href=\"#\" class=\"wd-nav-link\">\n\t\t\t\t\t\t\t\t\t\t\t\t\t\t\t\t\t\t<span class=\"nav-link-text wd-tabs-title\">\n\t\t\t\t\t\t\t\t\t\tForschung\t\t\t\t\t\t\t\t\t<\/span>\n\t\t\t\t\t\t\t\t<\/a>\n\t\t\t\t\t\t\t<\/li>\n\n\t\t\t\t\t\t\n\t\t\t\t\t<\/ul>\n\t\t\t\t<\/div>\n\t\t\t<\/div>\n\n\t\t\t<div class=\"wd-tabs-content-wrapper\">\n\t\t\t\t\n\t\t<div class=\"wd-tab-content\">\n\t\t\t\t\t\t\t<div class=\"wd-entry-content\">\n\t\t\t\t\t<\/p>\n<p class=\"p1\">Das Produkt Coriolus Encann\u00ae ist ein reiner Extrakt aus\u00a0<strong>Fruchtk\u00f6rper<\/strong>\u00a0Coriolus Versicolor Pilz. Dieser adaptogene Pilz ist seit Jahrhunderten in der chinesischen Volksmedizin weit verbreitet und wird seit den 1980er Jahren unter anderem auch weltweit in der pharmazeutischen Industrie verwendet.<\/p>\n<p class=\"p1\">In 1 Kapsel passt so viel wie\u00a0<strong>550 mg, standardisiert auf einen Mindestgehalt von 30% Polysacchariden<\/strong> Extrakt aus dem Fruchtk\u00f6rper der Rhodiola rosea. Das Set enth\u00e4lt 270 Kapseln (3 Packungen \u00e0 90 Kapseln).<\/p>\n<p class=\"p1\"><strong>Es enth\u00e4lt keine k\u00fcnstlichen Zusatzstoffe oder F\u00fcllstoffe.<\/strong>\u00a0Coriolus von Encann\u00ae ist\u00a0<strong>h\u00f6chste<\/strong>\u00a0Dosis des Extrakts pro Kapsel, die derzeit auf dem polnischen Markt erh\u00e4ltlich ist.<\/p>\n<p>Der Rohstoff, aus dem der Extrakt hergestellt wird, stammt aus biologischem Anbau innerhalb der EU.<\/p>\n<p class=\"p1\">Unter\u00a0<strong>Zusammensetzung\u00a0<\/strong>finden Sie weitere Informationen zu Rohstoffen und Produktion.<\/p>\n<p>Unter\u00a0<strong>Forschung<\/strong>\u00a0finden Sie Informationen \u00fcber die nachgewiesenen Vorteile des Pilzes Trametes Versicolor.<\/p>\n<h6 class=\"p1\"><em><img loading=\"lazy\" decoding=\"async\" class=\"aligncenter wp-image-3155 size-medium\" src=\"https:\/\/encann.pl\/wp-content\/uploads\/2024\/03\/encann_coriolus-300x253.png\" alt=\"\" width=\"300\" height=\"253\" srcset=\"https:\/\/encann.pl\/wp-content\/uploads\/2024\/03\/encann_coriolus-300x253.png 300w, https:\/\/encann.pl\/wp-content\/uploads\/2024\/03\/encann_coriolus-600x506.png 600w, https:\/\/encann.pl\/wp-content\/uploads\/2024\/03\/encann_coriolus-150x126.png 150w, https:\/\/encann.pl\/wp-content\/uploads\/2024\/03\/encann_coriolus.png 764w\" sizes=\"auto, (max-width: 300px) 100vw, 300px\" \/><\/em><\/h6>\n<h6 class=\"p1\"><em>\u00a0<\/em><\/h6>\n<h6 class=\"p1\"><em>Der EU-Katalog f\u00fcr neuartige Lebensmittel definiert Trametes Versicolor als \"neuartiges Lebensmittel\" und erlaubt derzeit nicht seine Einf\u00fchrung in Lebensmittelprodukte innerhalb der EU. Als zugelassenes Lebensmittel ist er unter anderem in vielen asiatischen und s\u00fcdamerikanischen L\u00e4ndern zu finden.<\/em><em>Coriolus Encann\u00ae 90 Kapseln ist kein Lebensmittel im Sinne der Verordnung (EU) Nr. 1169\/2011 des Europ\u00e4ischen Parlaments und des Rates. Coriolus Encann\u00ae 90 Kapseln ist ein Erg\u00e4nzungsfuttermittel f\u00fcr Hunde. Anwendung: 1 Kapsel pro 20 kg K\u00f6rpergewicht. Hergestellt in Polen unter der WNI: PL1417010p. Direkt verabreichen oder den Inhalt der Kapsel unter das Futter mischen.<\/em><\/h6>\n<p>\t\t\t\t<\/div>\n\t\t\t\t\t<\/div>\n\n\t\t\n\t\t<div class=\"wd-tab-content\">\n\t\t\t\t\t\t\t<div class=\"wd-entry-content\">\n\t\t\t\t\t<strong>Zutaten: Extrakt aus Verminaceae (Trametes Versicolor) 550 mg, HPMC (Kapsel).<\/strong><\/p>\n<p><strong>270 Kapseln mit einem Nettogewicht von 180,9 g pro Packung.<\/strong><\/p>\n<p>Auszug standardisiert auf ein Minimum von\u00a0<strong>30%-Polysaccharide.<\/strong><\/p>\n<p>Der Extrakt ist reich an\u00a0<strong>Beta-Glucane, Polysaccharide PSK und PSP, Terpene<\/strong>\u00a0und andere wissenschaftlich wertvolle Verbindungen.<\/p>\n<p class=\"p1\">Der f\u00fcr die Erzeugung verwendete Mangold wird in dem Gebiet der\u00a0<strong>EU<\/strong>\u00a0in Kulturen mit\u00a0<strong>Umwelt-Akkreditierung<\/strong>\u00a0zertifiziert.<\/p>\n<p class=\"p1\">Unser Rohmaterial kommt aus der Europ\u00e4ischen Union und nicht aus China, wie bei den meisten Konkurrenzprodukten auf dem Markt. Das fertige Produkt wird in Polen hergestellt. Wir haben also eine echte Kontrolle \u00fcber den gesamten Prozess und k\u00f6nnen sicher sein, dass die verwendeten Rohstoffe den strengen EU-Normen entsprechen.<\/p>\n<p><strong>Coriolus Encann\u00ae enth\u00e4lt keine synthetischen Polysaccharide, F\u00fcllstoffe oder Konservierungsmittel.<\/strong><\/p>\n<p>Die Methode der Wasser-Alkohol-Extraktion gew\u00e4hrleistet die Gewinnung eines einmaligen\u00a0<strong>das breite Spektrum der in den Fruchtk\u00f6rpern von Wroxana enthaltenen Stoffe.\u00a0<\/strong><\/p>\n<p>Labortests durchgef\u00fchrt von J.S. Hamilton Poland Sp. z o.o. im Auftrag von Encann sp. z o.o. - dem Eigent\u00fcmer der Marke Encann, durchgef\u00fchrt. Es wurden Proben des Produkts Encann Coriolus getestet. Die Pr\u00fcfung wurde nach einer akkreditierten Methode durchgef\u00fchrt. Alle im Bericht dargestellten Ergebnisse liegen unter den H\u00f6chstwerten f\u00fcr Kontaminanten.<\/p>\n<p><a href=\"https:\/\/encann.pl\/wp-content\/uploads\/2024\/03\/2024-05-02-09-16-14-TemplateJSHPL-PL-239607-24-gdy-1.png\" target=\"_blank\" rel=\"noopener\"><img loading=\"lazy\" decoding=\"async\" class=\"alignnone size-full wp-image-3252 entered lazyloaded\" src=\"https:\/\/encann.pl\/wp-content\/uploads\/2024\/03\/2024-05-02-09-16-14-TemplateJSHPL-PL-239607-24-gdy-1.png\" sizes=\"auto, (max-width: 787px) 100vw, 787px\" srcset=\"https:\/\/encann.pl\/wp-content\/uploads\/2024\/03\/2024-05-02-09-16-14-TemplateJSHPL-PL-239607-24-gdy-1.png 787w, https:\/\/encann.pl\/wp-content\/uploads\/2024\/03\/2024-05-02-09-16-14-TemplateJSHPL-PL-239607-24-gdy-1-212x300.png 212w, https:\/\/encann.pl\/wp-content\/uploads\/2024\/03\/2024-05-02-09-16-14-TemplateJSHPL-PL-239607-24-gdy-1-723x1024.png 723w, https:\/\/encann.pl\/wp-content\/uploads\/2024\/03\/2024-05-02-09-16-14-TemplateJSHPL-PL-239607-24-gdy-1-768x1087.png 768w, https:\/\/encann.pl\/wp-content\/uploads\/2024\/03\/2024-05-02-09-16-14-TemplateJSHPL-PL-239607-24-gdy-1-600x849.png 600w\" alt=\"\" width=\"787\" height=\"1114\" data-lazy-srcset=\"https:\/\/encann.pl\/wp-content\/uploads\/2024\/03\/2024-05-02-09-16-14-TemplateJSHPL-PL-239607-24-gdy-1.png 787w, https:\/\/encann.pl\/wp-content\/uploads\/2024\/03\/2024-05-02-09-16-14-TemplateJSHPL-PL-239607-24-gdy-1-212x300.png 212w, https:\/\/encann.pl\/wp-content\/uploads\/2024\/03\/2024-05-02-09-16-14-TemplateJSHPL-PL-239607-24-gdy-1-723x1024.png 723w, https:\/\/encann.pl\/wp-content\/uploads\/2024\/03\/2024-05-02-09-16-14-TemplateJSHPL-PL-239607-24-gdy-1-768x1087.png 768w, https:\/\/encann.pl\/wp-content\/uploads\/2024\/03\/2024-05-02-09-16-14-TemplateJSHPL-PL-239607-24-gdy-1-600x849.png 600w\" data-lazy-sizes=\"(max-width: 787px) 100vw, 787px\" data-lazy-src=\"https:\/\/encann.pl\/wp-content\/uploads\/2024\/03\/2024-05-02-09-16-14-TemplateJSHPL-PL-239607-24-gdy-1.png\" data-ll-status=\"loaded\" \/><\/a>\t\t\t\t<\/div>\n\t\t\t\t\t<\/div>\n\n\t\t\n\t\t<div class=\"wd-tab-content\">\n\t\t\t\t\t\t\t<div class=\"wd-entry-content\">\n\t\t\t\t\t<strong>Wir m\u00f6chten Sie ermutigen, sich umfassend \u00fcber die Forschung zu Verminaceae zu informieren. Nachstehend finden Sie eine Auswahl wissenschaftlicher Ver\u00f6ffentlichungen*<\/strong><\/p>\n<h6>*Die Aussagen beziehen sich auf Studien zum Pilz Trametes Versicolor, nicht auf das Produkt Coriolus Encann\u00ae 90 Kapseln. Es handelt sich nicht um Aussagen zu den medizinischen Eigenschaften des angebotenen Produktes. Gem\u00e4\u00df der Verordnung (EG) Nr. 767\/2009 des Europ\u00e4ischen Parlaments und des Rates werden auf dieser Seite nachpr\u00fcfbare wissenschaftliche Erkenntnisse \u00fcber Studien zur Verwendung des Pilzes Trametes Versicolor dargestellt.<\/h6>\n<p>&nbsp;<\/p>\n<p><strong><em>Umfangreiche mykochemische Forschungen haben gezeigt, dass die Fruchtk\u00f6rper eine Reihe von Verbindungen enthalten, die f\u00fcr multidirektionale medizinische Wirkungen verantwortlich sind. Dazu geh\u00f6ren Polysaccharide, Protein-Polysaccharid-Komplexe, phenolische Verbindungen, Fetts\u00e4uren, Terpene und andere. Die bekanntesten aus Trametes versicolor isolierten Verbindungen sind PSK und PSP. PSK (Polysaccharid K - Krestin), das in Japan als Adjuvans in der Krebstherapie eingesetzt wird, gilt als das erste zugelassene Arzneimittel pilzlichen Ursprungs. Im Gegensatz dazu wird PSP (Polysaccharidopeptid) in China wegen seiner immunmodulatorischen Eigenschaften verwendet. Extrakte aus den Fruchtk\u00f6rpern sowie einzelne isolierte Verbindungen zeigen biologische Wirkungen, die unter anderem antioxidativer, antibakterieller, antiviraler (einschlie\u00dflich Anti-HIV), antidiabetischer, hepatoprotektiver oder analgetischer Natur sind.\u00a0<\/em><\/strong><\/p>\n<h6><em>Quelle: Katarzyna Su\u0142kowska-Ziaja, Bo\u017cena Muszy\u0144ska, Kinga Sa\u0142aciak, Alicja Gawalska, Post\u0119py Fitoterapii 4\/2016, S. 274-281<\/em><\/h6>\n<p>&nbsp;<\/p>\n<p><strong><em>Coriolus versicolor ist einer der bekannten traditionellen Heilpilze, die in China seit mehr als 2000 Jahren verwendet werden. Polysaccharopeptid (PSP) wurde als wichtigster bioaktiver Bestandteil identifiziert, der aus dem Myzel (Fruchtk\u00f6rper) oder der Fermentationsw\u00fcrze von Coriolus versicolor gewonnen werden kann. Der Polysaccharidgehalt von PSP betr\u00e4gt ~60% und der Peptidgehalt von PSP betr\u00e4gt ~10-30%. Zu den wichtigsten Monosacchariden in PSP geh\u00f6ren Glucose, Mannose und eine geringe Menge Galactose, Xylose und Fucose. \u03b2-Glucan ist einer der identifizierten Bestandteile von PSP mit einer nachgewiesenen immunmodulatorischen Funktion. PSP ist beh\u00f6rdlich zugelassen und wird in Japan und China seit den 1970er Jahren klinisch eingesetzt. PSP hilft, das \u00dcberleben und die Lebensqualit\u00e4t von Patienten zu verbessern, die an Krebs, Hepatopathie, Hyperlipid\u00e4mie, chronischer Bronchitis und anderen komplexen Krankheiten leiden.<\/em><\/strong><\/p>\n<h6><em>Quelle: https:\/\/pubmed.ncbi.nlm.nih.gov\/31030754\/<\/em><\/h6>\n<p>&nbsp;<\/p>\n<p><em><strong>Die Wirkstoffe von Coriolus haben eine zytotoxische und krebshemmende Wirkung auf zahlreiche Krebszellen, Krebslinien und -arten, darunter Leuk\u00e4mie, Lymphome, Speiser\u00f6hre, Dickdarm, Brust, Magen, Leber, Lunge, Blasenkrebs, Magenkrebs und verschiedene andere Krebsarten. Es wird vermutet, dass diese Substanzen durch die Produktion von Glutathionperoxidase und Superoxiddismutase, entz\u00fcndungshemmende Wirkungen und eine allgemeine St\u00e4rkung des Immunsystems die Apoptose ausl\u00f6sen und die Angiogenese verhindern.<\/strong><\/em><\/p>\n<h6><em>Quellen: 1. Chu KKW, Ho SSS, Chow AHL. Coriolus versicolor: ein Heilpilz mit vielversprechenden immuntherapeutischen Werten. J Clin Pharmacol. 2002;42(9):976-84.<\/em><\/h6>\n<h6><em>2 Mitomi T, Tsuchiya S, Iijima N, Aso K, Suzuki K, Nishiyama IIK, et al. Randomisierte, kontrollierte Studie zur adjuvanten Immunochemotherapie mit PSK bei kurativ reseziertem kolorektalen Karzinom. Dis Colon Rectum. 1992;35:123-30.<\/em><\/h6>\n<h6><em>3 Imaizumi M, Kondo T, Kamei H, Ichihashi H. Kooperative Studien zur chirurgischen adjuvanten Immunochemotherapie zur Pr\u00e4vention des postoperativen Wiederauftretens von Magenkrebs. Gan to kagaku ryoho. Krebs &amp; Chemotherapie. 1984 p. 60<\/em><\/h6>\n<p>&nbsp;<\/p>\n<p><strong><em>Die \u03b2-Glucane aus dem Wermut haben antivirale Eigenschaften. Sie erh\u00f6hen die Immunantwort des K\u00f6rpers.<\/em><\/strong><\/p>\n<h6><em>Quelle:https:\/\/www.ncbi.nlm.nih.gov\/pmc\/articles\/PMC8880503\/<\/em><\/h6>\n<p>&nbsp;<\/p>\n<p><strong><em>Polysaccharadide aus Wroxhamus zeigen eine sch\u00fctzende Wirkung gegen die Chemotherapie und gegen deren Nebenwirkungen.\u00a0 \u00a0<\/em><\/strong><\/p>\n<h6><em>Quellen: 1. https:\/\/pubmed.ncbi.nlm.nih.gov\/7606203\/<\/em><\/h6>\n<h6><em>2. https:\/\/pubmed.ncbi.nlm.nih.gov\/8318880\/<\/em><\/h6>\n<p>&nbsp;<\/p>\n<p><em><strong>Die Wirkstoffe der Innominate f\u00f6rdern die Neubildung von Nervenverzweigungen im Gehirn.<\/strong><\/em><\/p>\n<h6><em>Quelle:https:\/\/www.ncbi.nlm.nih.gov\/pmc\/articles\/PMC6152478\/<\/em><\/h6>\n<p>\t\t\t\t<\/div>\n\t\t\t\t\t<\/div>\n\n\t\t\t\t\t<\/div>\n\t\t<\/div>\n\n\t\t<\/div><\/div><\/div><div class=\"wpb_column vc_column_container vc_col-sm-2\"><div class=\"vc_column-inner\"><div class=\"wpb_wrapper\"><\/div><\/div><\/div><\/div>\n<\/div>","protected":false},"excerpt":{"rendered":"<p><em>270 Kapseln (1,11 PLN pro Kapsel)<\/em><\/p>\n<h1><strong>Coriolus Encann\u00ae<\/strong><\/h1>\n<p>Auszug aus <strong>Truthahnschwanz<\/strong><\/p>\n<p><span style=\"color: #999999;\"><em>(lac. Trametes Versicolor; Coriolus Versicolor)<\/em><\/span><\/p>\n<p><strong>550 mg<\/strong> Extrakt in 1 Kapsel<\/p>\n<p>Standardisiert auf <strong>30% Polysaccharide<\/strong> (einschlie\u00dflich PSP, PSK, Beta-Glucane)<\/p>","protected":false},"featured_media":3808,"template":"","meta":[],"product_brand":[],"product_cat":[95,97,103],"product_tag":[],"class_list":{"0":"post-3150","1":"product","2":"type-product","3":"status-publish","4":"has-post-thumbnail","6":"product_cat-wszystkie_produkty","7":"product_cat-adaptsense","8":"product_cat-zestawy","10":"first","11":"instock","12":"taxable","13":"shipping-taxable","14":"purchasable","15":"product-type-simple"},"_links":{"self":[{"href":"https:\/\/encann.pl\/de\/wp-json\/wp\/v2\/product\/3150","targetHints":{"allow":["GET"]}}],"collection":[{"href":"https:\/\/encann.pl\/de\/wp-json\/wp\/v2\/product"}],"about":[{"href":"https:\/\/encann.pl\/de\/wp-json\/wp\/v2\/types\/product"}],"wp:featuredmedia":[{"embeddable":true,"href":"https:\/\/encann.pl\/de\/wp-json\/wp\/v2\/media\/3808"}],"wp:attachment":[{"href":"https:\/\/encann.pl\/de\/wp-json\/wp\/v2\/media?parent=3150"}],"wp:term":[{"taxonomy":"product_brand","embeddable":true,"href":"https:\/\/encann.pl\/de\/wp-json\/wp\/v2\/product_brand?post=3150"},{"taxonomy":"product_cat","embeddable":true,"href":"https:\/\/encann.pl\/de\/wp-json\/wp\/v2\/product_cat?post=3150"},{"taxonomy":"product_tag","embeddable":true,"href":"https:\/\/encann.pl\/de\/wp-json\/wp\/v2\/product_tag?post=3150"}],"curies":[{"name":"wp","href":"https:\/\/api.w.org\/{rel}","templated":true}]}}