{"id":3812,"date":"2024-09-03T17:54:59","date_gmt":"2024-09-03T15:54:59","guid":{"rendered":"https:\/\/encann.pl\/?post_type=product&#038;p=3812"},"modified":"2026-04-02T14:16:37","modified_gmt":"2026-04-02T12:16:37","slug":"reishi-extrakt-flussig-3x-50-ml-150-ml","status":"publish","type":"product","link":"https:\/\/encann.pl\/de\/produkt\/reishi-extrakt-flussig-3x-50-ml-150-ml\/","title":{"rendered":"Reishi Fl\u00fcssigextrakt 3\u00d750 ml (150 ml)"},"content":{"rendered":"<div class=\"wpb-content-wrapper\"><div class=\"vc_row wpb_row vc_row-fluid\"><div class=\"wpb_column vc_column_container vc_col-sm-2\"><div class=\"vc_column-inner\"><div class=\"wpb_wrapper\"><\/div><\/div><\/div><div class=\"wpb_column vc_column_container vc_col-sm-8\"><div class=\"vc_column-inner\"><div class=\"wpb_wrapper\">\n\t\t<div id=\"wd-66d5accc58ce5\" class=\"wd-tabs wd-wpb wd-rs-66d5accc58ce5 tabs-design-default \">\n\t\t\t<div class=\"wd-tabs-header text-center\">\n\t\t\t\t\n\t\t\t\t\n\t\t\t\t<div class=\"wd-nav-wrapper wd-nav-tabs-wrapper wd-mb-action-swipe\">\n\t\t\t\t\t<ul class=\"wd-nav wd-nav-tabs wd-icon-pos-left wd-style-default font-primary wd-fontsize-s wd-font-weight-600\">\n\t\t\t\t\t\t\t\t\t\t\t\t\t\n\t\t\t\t\t\t\t<li>\n\t\t\t\t\t\t\t\t<a href=\"#\" class=\"wd-nav-link\">\n\t\t\t\t\t\t\t\t\t\t\t\t\t\t\t\t\t\t<span class=\"nav-link-text wd-tabs-title\">\n\t\t\t\t\t\t\t\t\t\tOPIS PRODUKTU\t\t\t\t\t\t\t\t\t<\/span>\n\t\t\t\t\t\t\t\t<\/a>\n\t\t\t\t\t\t\t<\/li>\n\n\t\t\t\t\t\t\t\t\t\t\t\t\t\n\t\t\t\t\t\t\t<li>\n\t\t\t\t\t\t\t\t<a href=\"#\" class=\"wd-nav-link\">\n\t\t\t\t\t\t\t\t\t\t\t\t\t\t\t\t\t\t<span class=\"nav-link-text wd-tabs-title\">\n\t\t\t\t\t\t\t\t\t\tSk\u0142ad\t\t\t\t\t\t\t\t\t<\/span>\n\t\t\t\t\t\t\t\t<\/a>\n\t\t\t\t\t\t\t<\/li>\n\n\t\t\t\t\t\t\t\t\t\t\t\t\t\n\t\t\t\t\t\t\t<li>\n\t\t\t\t\t\t\t\t<a href=\"#\" class=\"wd-nav-link\">\n\t\t\t\t\t\t\t\t\t\t\t\t\t\t\t\t\t\t<span class=\"nav-link-text wd-tabs-title\">\n\t\t\t\t\t\t\t\t\t\tBadania naukowe\t\t\t\t\t\t\t\t\t<\/span>\n\t\t\t\t\t\t\t\t<\/a>\n\t\t\t\t\t\t\t<\/li>\n\n\t\t\t\t\t\t\n\t\t\t\t\t<\/ul>\n\t\t\t\t<\/div>\n\t\t\t<\/div>\n\n\t\t\t<div class=\"wd-tabs-content-wrapper\">\n\t\t\t\t\n\t\t<div class=\"wd-tab-content\">\n\t\t\t\t\t\t\t<div class=\"wd-entry-content\">\n\t\t\t\t\t<\/p>\n<h3>P\u0142ynny ekstrakt z owocnik\u00f3w Reishi (Lakownica \u017b\u00f3\u0142tawa)\u00a0 (zestaw 3&#215;50 ml)<\/h3>\n<p class=\"p1\">Produkt Reishi Extract Encann\u00ae to czysty ekstrakt pochodz\u0105cy z\u00a0<strong>owocnik\u00f3w<\/strong>\u00a0grzyba Ganoderma Lucidum (Reishi)<\/p>\n<p class=\"p1\">Ganoderma lucidum, znane r\u00f3wnie\u017c jako reishi lub lakownica \u017c\u00f3\u0142tawa, jest gatunkiem grzyba o d\u0142ugiej tradycji w medycynie wschodniej, gdzie przypisuje mu si\u0119 w\u0142a\u015bciwo\u015bci niemal\u017ce magiczne. W Japonii ten grzyb jest znany pod nazw\u0105 reishi, podczas gdy w Chinach u\u017cywa si\u0119 okre\u015blenia lingzhi, kt\u00f3re odnosi si\u0119 do jego rzekomych w\u0142a\u015bciwo\u015bci duchowych i leczniczych. Uznawany w kulturze azjatyckiej za \u015brodek mog\u0105cy zaradzi\u0107 wielu problemom zdrowotnym, reishi ma status w Azji niemal boskiego eliksiru zdrowia.<\/p>\n<p><b>Nutraceutyki AdaptSense<\/b>\u00a0od Encann\u00ae powstaj\u0105ce na bazie ro\u015blin adaptogennych, cz\u0119sto okre\u015blanych jako \u017cywno\u015b\u0107 funkcjonalna, zdobywaj\u0105 coraz wi\u0119ksz\u0105 popularno\u015b\u0107 jako forma suplementacji, i to z kilku wa\u017cnych powod\u00f3w. W przeciwie\u0144stwie do syntetycznych suplement\u00f3w,\u00a0<b>nutraceutyki<\/b>\u00a0s\u0105\u00a0 lepiej przyswajane przez organizm. Naturalne sk\u0142adniki s\u0105 \u0142atwiej rozpoznawalne przez cia\u0142o, co zwi\u0119ksza ich skuteczno\u015b\u0107. Jako produkty naturalne, nutraceutyki zazwyczaj maj\u0105 mniej skutk\u00f3w ubocznych w por\u00f3wnaniu do tradycyjnych farmaceutyk\u00f3w i syntetycznych suplement\u00f3w. Przede wszystkim jednak, adaptogeny wykazuj\u0105 wysokie dzia\u0142anie synergiczne pomi\u0119dzy sob\u0105.<\/p>\n<p class=\"p1\"><strong>W 1 porcji dziennej zmie\u015bcili\u015bmy a\u017c 3000 mg owocnik\u00f3w reishi. Zalecana dzienna porcja do spo\u017cycia: 1,5 g produktu (tj. 40 kropli lub 2 naci\u0105gni\u0119cia pipety). Stosowa\u0107 pod j\u0119zyk lub dodawa\u0107 do jedzenia\/napoj\u00f3w.<\/strong><\/p>\n<p class=\"p1\">Jego owocniki zosta\u0142y wyekstrahowane, skoncentrowane, a nast\u0119pnie rozpuszczone w wodzie z alkoholem, aby wyci\u0105gn\u0105\u0107 z niego to, co najlepsze.<\/p>\n<p class=\"p1\"><strong>Nie zawiera sztucznych dodatk\u00f3w, ani wype\u0142niaczy.<\/strong>\u00a0Ekstrakty od Encann\u00ae to\u00a0<strong>najwy\u017csza<\/strong>\u00a0dawka substancji czynnej w\u00a0 jednej dziennej dawce.<\/p>\n<p class=\"p1\">W zak\u0142adce\u00a0<strong>sk\u0142ad\u00a0<\/strong>znajdziesz wi\u0119cej informacji o surowcach i produkcji.<\/p>\n<p>W zak\u0142adce\u00a0<strong>badania naukowe<\/strong>\u00a0znajdziesz informacje o potwierdzonych zaletach grzyba Reishi.<\/p>\n<h6 class=\"p1\"><img loading=\"lazy\" decoding=\"async\" class=\"aligncenter wp-image-3216 size-medium\" src=\"https:\/\/encann.pl\/wp-content\/uploads\/2024\/04\/reishi-ekstrakt-encann-dzialanie-300x287.png\" alt=\"\" width=\"300\" height=\"287\" srcset=\"https:\/\/encann.pl\/wp-content\/uploads\/2024\/04\/reishi-ekstrakt-encann-dzialanie-300x287.png 300w, https:\/\/encann.pl\/wp-content\/uploads\/2024\/04\/reishi-ekstrakt-encann-dzialanie-600x575.png 600w, https:\/\/encann.pl\/wp-content\/uploads\/2024\/04\/reishi-ekstrakt-encann-dzialanie-150x144.png 150w, https:\/\/encann.pl\/wp-content\/uploads\/2024\/04\/reishi-ekstrakt-encann-dzialanie-1200x1149.png 1200w, https:\/\/encann.pl\/wp-content\/uploads\/2024\/04\/reishi-ekstrakt-encann-dzialanie-1024x981.png 1024w, https:\/\/encann.pl\/wp-content\/uploads\/2024\/04\/reishi-ekstrakt-encann-dzialanie-768x736.png 768w, https:\/\/encann.pl\/wp-content\/uploads\/2024\/04\/reishi-ekstrakt-encann-dzialanie.png 1537w\" sizes=\"auto, (max-width: 300px) 100vw, 300px\" \/>Ten produkt to suplement diety. Nie przekracza\u0107 zalecanej porcji do spo\u017cycia w ci\u0105gu dnia. Suplementy diety nie mog\u0105 by\u0107 stosowane jako substytut (zamiennik) zr\u00f3\u017cnicowanej diety. Suplementy diety powinny by\u0107 przechowywane w spos\u00f3b niedost\u0119pny dla ma\u0142ych dzieci. Wyprodukowano w Polsce. Data przydatno\u015bci do spo\u017cycia znajduje si\u0119 na opakowaniu- wynosi minimum rok od chwili zakupu. Podmiot odpowiedzialny: Encann sp. z o. o.<\/h6>\n<p>\t\t\t\t<\/div>\n\t\t\t\t\t<\/div>\n\n\t\t\n\t\t<div class=\"wd-tab-content\">\n\t\t\t\t\t\t\t<div class=\"wd-entry-content\">\n\t\t\t\t\t<strong>Sk\u0142ad: Ekstrakt z owocnik\u00f3w Ganoderma Lucidum, woda, etanol.<\/strong><\/p>\n<p><em>Wodno-alkoholowy roztw\u00f3r ekstraktu z owocnik\u00f3w Lakownicy \u017b\u00f3\u0142tawej.<\/em><\/p>\n<p><em><strong>W zestawie:<\/strong><\/em><\/p>\n<p><strong>297 000 mg<\/strong>\u00a0Reishi w przeliczeniu na suche owocniki<\/p>\n<p>(Ekstrakt wodno-alkoholowy DER 10:1)<\/p>\n<p><em><strong>W zalecanej dziennej porcji<\/strong><\/em><\/p>\n<p><strong>3000 mg<\/strong>\u00a0Reishi\u00a0 w przeliczeniu na suche owocniki<\/p>\n<p>(Ekstrakt wodno-alkoholowy DER 10:1)<\/p>\n<p><strong>Reishi AdaptSense Encann\u00ae nie zawiera syntetycznych sk\u0142adnik\u00f3w, wype\u0142niaczy czy konserwant\u00f3w.<\/strong><\/p>\n<p>Wodno-alkoholowa metoda ekstrakcji zapewnia pozyskanie wyj\u0105tkowo\u00a0<strong>szerokiego spektrum substancji znajduj\u0105cych si\u0119 w\u00a0 owocnikach Reishi.\u00a0<\/strong><\/p>\n<p>Badanie wykonane przez J.S. Hamilton Poland Sp. z o.o. na zlecenie Encann sp. z o.o. \u2013 w\u0142a\u015bciciela marki Encann. Badaniu podlega\u0142y pr\u00f3bki ekstraktu Adaptsense w formie p\u0142ynnej. Badanie zosta\u0142o przeprowadzone zgodnie z akredytowan\u0105 metod\u0105. Wszystkie wyniki przedstawione w sprawozdaniu s\u0105 poni\u017cej najwy\u017cszych dopuszczalnych poziom\u00f3w zanieczyszcze\u0144 okre\u015blonych w rozporz\u0105dzeniu Komisji (WE) nr 1881\/2006 z dnia 19 grudnia 2006 r.\u00a0<b>Oznacza to, \u017ce ekstrakt Adaptsense w formie p\u0142ynnej jest bezpieczny dla spo\u017cycia.<\/b><\/p>\n<p><img loading=\"lazy\" decoding=\"async\" class=\"alignnone size-full wp-image-3253\" src=\"https:\/\/encann.pl\/wp-content\/uploads\/2024\/04\/2024-04-30-07-21-30-TemplateJSHPL-PL-239606-24-gdy-1-1.png\" alt=\"\" width=\"787\" height=\"1114\" srcset=\"https:\/\/encann.pl\/wp-content\/uploads\/2024\/04\/2024-04-30-07-21-30-TemplateJSHPL-PL-239606-24-gdy-1-1.png 787w, https:\/\/encann.pl\/wp-content\/uploads\/2024\/04\/2024-04-30-07-21-30-TemplateJSHPL-PL-239606-24-gdy-1-1-600x849.png 600w, https:\/\/encann.pl\/wp-content\/uploads\/2024\/04\/2024-04-30-07-21-30-TemplateJSHPL-PL-239606-24-gdy-1-1-150x212.png 150w, https:\/\/encann.pl\/wp-content\/uploads\/2024\/04\/2024-04-30-07-21-30-TemplateJSHPL-PL-239606-24-gdy-1-1-212x300.png 212w, https:\/\/encann.pl\/wp-content\/uploads\/2024\/04\/2024-04-30-07-21-30-TemplateJSHPL-PL-239606-24-gdy-1-1-723x1024.png 723w, https:\/\/encann.pl\/wp-content\/uploads\/2024\/04\/2024-04-30-07-21-30-TemplateJSHPL-PL-239606-24-gdy-1-1-768x1087.png 768w\" sizes=\"auto, (max-width: 787px) 100vw, 787px\" \/>\t\t\t\t<\/div>\n\t\t\t\t\t<\/div>\n\n\t\t\n\t\t<div class=\"wd-tab-content\">\n\t\t\t\t\t\t\t<div class=\"wd-entry-content\">\n\t\t\t\t\t<strong>Zach\u0119camy do szerokiego zapoznania si\u0119 z badaniami dotycz\u0105cymi Reishi, poni\u017cej przedstawiamy wybrane publikacje naukowe*<\/strong><\/p>\n<h6>*Podane o\u015bwiadczenia odnosz\u0105 si\u0119 do bada\u0144 nad grzybem\u00a0<strong>Ganoderma Lucidum,\u00a0<\/strong>nie nad produktem Reishi Extract Encann\u00ae. Nie s\u0105 to o\u015bwiadczenia dotycz\u0105ce w\u0142a\u015bciwo\u015bci leczniczych oferowanego produktu. Zgodnie z tre\u015bci\u0105 rozporz\u0105dzenia PARLAMENTU EUROPEJSKIEGO 1924\/2006\u00a0 przedstawiono na tej stronie weryfikowalne dowody naukowe dotycz\u0105ce bada\u0144 nad zastosowaniem grzyba Reishi- jednego ze sk\u0142adnik\u00f3w oferowanego produktu.<\/h6>\n<p>&nbsp;<\/p>\n<p>Obszerne badania potwierdzi\u0142y, \u017ce reishi, czyli grzyby Ganoderma lucidum, mog\u0105 mie\u0107 obiecuj\u0105ce w\u0142a\u015bciwo\u015bci antynowotworowe. Znajduj\u0105ce si\u0119 w nich sk\u0142adniki, takie jak polisacharydy i saponiny, odgrywaj\u0105 kluczow\u0105 rol\u0119 w hamowaniu rozmna\u017cania kom\u00f3rek nowotworowych, szczeg\u00f3lnie w p\u0142ucach dotkni\u0119tych rakiem. Badacze zidentyfikowali, \u017ce mechanizm dzia\u0142ania tych substancji polega na indukowaniu apoptozy, czyli programowanej \u015bmierci kom\u00f3rek rakowych, co jest bezpo\u015brednim efektem dzia\u0142ania wspomnianych zwi\u0105zk\u00f3w.<\/p>\n<p>W sk\u0142adzie reishi znajduje si\u0119 r\u00f3wnie\u017c beta-glukan, substancja, kt\u00f3ra pot\u0119guje dzia\u0142anie uk\u0142adu odporno\u015bciowego poprzez zwi\u0119kszenie liczby limfocyt\u00f3w T i makrofag\u00f3w. To czyni grzyby te szczeg\u00f3lnie warto\u015bciowymi nie tylko w okresach zwi\u0119kszonej podatno\u015bci na infekcje, ale i w trakcie chemioterapii, kiedy to odporno\u015b\u0107 organizmu jest znacznie obni\u017cona. Grzyby reishi s\u0105 r\u00f3wnie\u017c wskazane jako wsparcie w zwalczaniu syndromu chronicznego zm\u0119czenia.<\/p>\n<p>Dodatkowo, przeprowadzone eksperymenty wykaza\u0142y korzystny wp\u0142yw tych grzyb\u00f3w na pacjent\u00f3w z cukrzyc\u0105, obni\u017caj\u0105c poziom cukru we krwi. Sugeruje to, \u017ce ekstrakty z reishi mog\u0105 ogranicza\u0107 aktywno\u015b\u0107 enzym\u00f3w w w\u0105trobie odpowiedzialnych za produkcj\u0119 glukozy. R\u00f3wnie\u017c w kontek\u015bcie powik\u0142a\u0144 cukrzycowych dotykaj\u0105cych nerek, reishi wykaza\u0142y potencja\u0142 w zapobieganiu lub spowalnianiu ich post\u0119pu.<\/p>\n<p>Grzyby Reishi, znane r\u00f3wnie\u017c jako Ganoderma lucidum, maj\u0105 pozytywny wp\u0142yw na samopoczucie, dzia\u0142aj\u0105c podobnie do antydepresant\u00f3w. Badania wykaza\u0142y, \u017ce polisacharydy zawarte w reishi posiadaj\u0105 w\u0142a\u015bciwo\u015bci przeciwzapalne i moduluj\u0105ce uk\u0142ad odporno\u015bciowy, co mo\u017ce by\u0107 skuteczne w leczeniu powa\u017cnych form depresji. Zwi\u0105zki te mog\u0105 r\u00f3wnie\u017c oddzia\u0142ywa\u0107 na neuroprzeka\u017aniki, w tym serotonin\u0119, co przyczynia si\u0119 do poprawy nastroju i \u0142agodzenia objaw\u00f3w depresji. Przeprowadzone eksperymenty, w tym jedno z udzia\u0142em kobiet zmagaj\u0105cych si\u0119 z fibromialgi\u0105, wskazuj\u0105 na znacz\u0105c\u0105 popraw\u0119 w zakresie samopoczucia i og\u00f3lnego zadowolenia z \u017cycia po stosowaniu reishi.<\/p>\n<h6><em>\u0179<\/em><em>r\u00f3d\u0142a:<\/em><\/h6>\n<h6><em>https:\/\/www.tandfonline.com\/doi\/abs\/10.1081\/FRI-120023480?scroll=top&amp;needAccess=true&amp;journalCode=lfri20\u00a0<\/em><\/h6>\n<h6>https:\/\/pubmed.ncbi.nlm.nih.gov\/14713328\/<\/h6>\n<h6>https:\/\/pubmed.ncbi.nlm.nih.gov\/20518254\/<\/h6>\n<h6>https:\/\/pubmed.ncbi.nlm.nih.gov\/15857210\/<\/h6>\n<h6>https:\/\/ascopubs.org\/doi\/full\/10.1200\/JCO.2010.32.8054?view=long&amp;pmid=21245436&amp;<\/h6>\n<h6>https:\/\/pubmed.ncbi.nlm.nih.gov\/11789593\/<\/h6>\n<h6>https:\/\/www.ncbi.nlm.nih.gov\/books\/NBK92757\/<\/h6>\n<h6>https:\/\/pubmed.ncbi.nlm.nih.gov\/22659462\/<\/h6>\n<h6>Luo J., Lin Z.B.: [Advances of pharmacological effects of triterpenes from Ganoderma lucidum]. Yao Xue Xue Bao. 2002 Jul;37(7):574-8.<\/h6>\n<h6>Wu G.S., Guo J.J., i wsp.: Anti-cancer properties of triterpenoids isolated from Ganoderma lucidum \u2013 a review. Expert Opin Investig Drugs. 2013 Aug;22(8):981-92.<\/h6>\n<h6>Wachtel-Galor S., Yuen J., Buswell J.A., Benzie I.F.F.: Ganoderma lucidum (Lingzhi or Reishi): A Medicinal Mushroom. Herbal Medicine: Biomolecular and Clinical Aspects. 2nd edition. Boca Raton (FL): CRC Press\/Taylor &amp; Francis; 2011. Chapter 9.<\/h6>\n<p>\t\t\t\t<\/div>\n\t\t\t\t\t<\/div>\n\n\t\t\t\t\t<\/div>\n\t\t<\/div>\n\n\t\t<\/div><\/div><\/div><div class=\"wpb_column vc_column_container vc_col-sm-2\"><div class=\"vc_column-inner\"><div class=\"wpb_wrapper\"><\/div><\/div><\/div><\/div>\n<\/div>","protected":false},"excerpt":{"rendered":"<p><em>150 ml (1,43 pln\/ml)<\/em><\/p>\n<h1><strong>Reishi-Extrakt<\/strong><\/h1>\n<p>Auszug aus\u00a0<strong>Reishi (Ganoderma Lucidum) fl\u00fcssig<\/strong><\/p>\n<p><em>Encann\u00ae Adapt Sense Nutraceutischer Extrakt<\/em><\/p>\n<p><b>3.000 mg Reishi in einer Tagesportion, berechnet als getrocknetes Perikarp<\/b><\/p>\n<p>Auszug Standardisiert f\u00fcr\u00a0<b>297 000 mg Reishi umgewandelt in getrocknetes Perikarp <\/b>in einer Packung (99 000 mg pro 50-ml-Packung)<\/p>\n<p>Nettoinhalt <strong>150 ml | 99 empfohlene Tagesportionen<\/strong><\/p>","protected":false},"featured_media":3216,"template":"","meta":[],"product_brand":[],"product_cat":[95,97,103],"product_tag":[],"class_list":{"0":"post-3812","1":"product","2":"type-product","3":"status-publish","4":"has-post-thumbnail","6":"product_cat-wszystkie_produkty","7":"product_cat-adaptsense","8":"product_cat-zestawy","10":"first","11":"instock","12":"taxable","13":"shipping-taxable","14":"purchasable","15":"product-type-simple"},"_links":{"self":[{"href":"https:\/\/encann.pl\/de\/wp-json\/wp\/v2\/product\/3812","targetHints":{"allow":["GET"]}}],"collection":[{"href":"https:\/\/encann.pl\/de\/wp-json\/wp\/v2\/product"}],"about":[{"href":"https:\/\/encann.pl\/de\/wp-json\/wp\/v2\/types\/product"}],"wp:featuredmedia":[{"embeddable":true,"href":"https:\/\/encann.pl\/de\/wp-json\/wp\/v2\/media\/3216"}],"wp:attachment":[{"href":"https:\/\/encann.pl\/de\/wp-json\/wp\/v2\/media?parent=3812"}],"wp:term":[{"taxonomy":"product_brand","embeddable":true,"href":"https:\/\/encann.pl\/de\/wp-json\/wp\/v2\/product_brand?post=3812"},{"taxonomy":"product_cat","embeddable":true,"href":"https:\/\/encann.pl\/de\/wp-json\/wp\/v2\/product_cat?post=3812"},{"taxonomy":"product_tag","embeddable":true,"href":"https:\/\/encann.pl\/de\/wp-json\/wp\/v2\/product_tag?post=3812"}],"curies":[{"name":"wp","href":"https:\/\/api.w.org\/{rel}","templated":true}]}}