{"id":3814,"date":"2024-09-03T18:08:54","date_gmt":"2024-09-03T16:08:54","guid":{"rendered":"https:\/\/encann.pl\/?post_type=product&#038;p=3814"},"modified":"2026-04-24T14:16:17","modified_gmt":"2026-04-24T12:16:17","slug":"lowenmahne-flussigextrakt-3x-50-ml-150-ml","status":"publish","type":"product","link":"https:\/\/encann.pl\/de\/produkt\/lowenmahne-flussigextrakt-3x-50-ml-150-ml\/","title":{"rendered":"Lion's Mane Fl\u00fcssigextrakt 3\u00d750 ml (150 ml)"},"content":{"rendered":"<div class=\"wpb-content-wrapper\"><div class=\"vc_row wpb_row vc_row-fluid\"><div class=\"wpb_column vc_column_container vc_col-sm-2\"><div class=\"vc_column-inner\"><div class=\"wpb_wrapper\"><\/div><\/div><\/div><div class=\"wpb_column vc_column_container vc_col-sm-8\"><div class=\"vc_column-inner\"><div class=\"wpb_wrapper\">\n\t\t<div id=\"wd-66d5accc58ce5\" class=\"wd-tabs wd-wpb wd-rs-66d5accc58ce5 tabs-design-default\">\n\t\t\t<div class=\"wd-tabs-header text-center\">\n\t\t\t\t\n\t\t\t\t\n\t\t\t\t<div class=\"wd-nav-wrapper wd-nav-tabs-wrapper wd-mb-action-swipe\">\n\t\t\t\t\t<ul class=\"wd-nav wd-nav-tabs wd-icon-pos-left wd-style-default font-primary wd-fontsize-s wd-font-weight-600\">\n\t\t\t\t\t\t\t\t\t\t\t\t\t\n\t\t\t\t\t\t\t<li>\n\t\t\t\t\t\t\t\t<a href=\"#\" class=\"wd-nav-link\">\n\t\t\t\t\t\t\t\t\t\t\t\t\t\t\t\t\t\t<span class=\"nav-link-text wd-tabs-title\">\n\t\t\t\t\t\t\t\t\t\tPRODUKTBEZEICHNUNG\t\t\t\t\t\t\t\t\t<\/span>\n\t\t\t\t\t\t\t\t<\/a>\n\t\t\t\t\t\t\t<\/li>\n\n\t\t\t\t\t\t\t\t\t\t\t\t\t\n\t\t\t\t\t\t\t<li>\n\t\t\t\t\t\t\t\t<a href=\"#\" class=\"wd-nav-link\">\n\t\t\t\t\t\t\t\t\t\t\t\t\t\t\t\t\t\t<span class=\"nav-link-text wd-tabs-title\">\n\t\t\t\t\t\t\t\t\t\tZusammensetzung\t\t\t\t\t\t\t\t\t<\/span>\n\t\t\t\t\t\t\t\t<\/a>\n\t\t\t\t\t\t\t<\/li>\n\n\t\t\t\t\t\t\t\t\t\t\t\t\t\n\t\t\t\t\t\t\t<li>\n\t\t\t\t\t\t\t\t<a href=\"#\" class=\"wd-nav-link\">\n\t\t\t\t\t\t\t\t\t\t\t\t\t\t\t\t\t\t<span class=\"nav-link-text wd-tabs-title\">\n\t\t\t\t\t\t\t\t\t\tForschung\t\t\t\t\t\t\t\t\t<\/span>\n\t\t\t\t\t\t\t\t<\/a>\n\t\t\t\t\t\t\t<\/li>\n\n\t\t\t\t\t\t\n\t\t\t\t\t<\/ul>\n\t\t\t\t<\/div>\n\t\t\t<\/div>\n\n\t\t\t<div class=\"wd-tabs-content-wrapper\">\n\t\t\t\t\n\t\t<div class=\"wd-tab-content\">\n\t\t\t\t\t\t\t<div class=\"wd-entry-content\">\n\t\t\t\t\t<\/p>\n<h3>Fl\u00fcssigextrakt aus dem Fruchtk\u00f6rper der L\u00f6wenm\u00e4hne (Soplum ursinum) (Satz zu 3\u00d750 ml)<\/h3>\n<p><b>AdaptSense Nutrazeutika<\/b>\u00a0von Encann\u00ae, die aus adaptogenen Pflanzen gewonnen werden und oft als funktionelle Nahrungsmittel bezeichnet werden, erfreuen sich als Nahrungserg\u00e4nzungsmittel zunehmender Beliebtheit, und zwar aus mehreren wichtigen Gr\u00fcnden. Anders als synthetische Nahrungserg\u00e4nzungsmittel,\u00a0<b>Nutrazeutika<\/b>\u00a0werden vom K\u00f6rper besser aufgenommen. Nat\u00fcrliche Inhaltsstoffe werden vom K\u00f6rper leichter erkannt, was ihre Wirksamkeit erh\u00f6ht. Da es sich um nat\u00fcrliche Produkte handelt, haben Nutrazeutika in der Regel weniger Nebenwirkungen als herk\u00f6mmliche Arzneimittel und synthetische Erg\u00e4nzungsmittel. Vor allem zeigen Adaptogene eine hohe synergistische Wirkung untereinander.<\/p>\n<p class=\"p1\"><strong>In 1 Tagesportion sind bis zu 1800 mg Fruchtk\u00f6rper des Sonnenhuts enthalten<\/strong>. <strong>Empfohlene Tagesdosis: 1,5 g des Produkts (d. h. 40 Tropfen oder 2 Pipettenz\u00fcge). Sublingual einnehmen oder zu Speisen\/Getr\u00e4nken hinzuf\u00fcgen.<\/strong><\/p>\n<p class=\"p1\">Ihre Fruchtk\u00f6rper wurden extrahiert, konzentriert und dann in Wasser mit Alkohol aufgel\u00f6st, um das Beste aus ihnen herauszuholen.<\/p>\n<p class=\"p1\"><strong>Es enth\u00e4lt keine k\u00fcnstlichen Zusatzstoffe oder F\u00fcllstoffe.<\/strong>\u00a0Ausz\u00fcge aus Encann\u00ae sind\u00a0<strong>h\u00f6chste<\/strong>\u00a0die Dosis des Wirkstoffs in einer Tagesdosis.<\/p>\n<p class=\"p1\">Unter\u00a0<strong>Zusammensetzung\u00a0<\/strong>finden Sie weitere Informationen zu Rohstoffen und Produktion.<\/p>\n<p>Unter\u00a0<strong>Forschung<\/strong>\u00a0finden Sie Informationen \u00fcber die nachgewiesenen Vorteile des L\u00f6wenm\u00fctzenpilzes.<\/p>\n<h6 class=\"p1\"><img loading=\"lazy\" decoding=\"async\" class=\"aligncenter wp-image-3185 size-large\" src=\"https:\/\/encann.pl\/wp-content\/uploads\/2024\/03\/soplowka-jezowata-lions-mane-dzialanie-1024x518.png\" alt=\"\" width=\"1024\" height=\"518\" srcset=\"https:\/\/encann.pl\/wp-content\/uploads\/2024\/03\/soplowka-jezowata-lions-mane-dzialanie-1024x518.png 1024w, https:\/\/encann.pl\/wp-content\/uploads\/2024\/03\/soplowka-jezowata-lions-mane-dzialanie-600x303.png 600w, https:\/\/encann.pl\/wp-content\/uploads\/2024\/03\/soplowka-jezowata-lions-mane-dzialanie-150x76.png 150w, https:\/\/encann.pl\/wp-content\/uploads\/2024\/03\/soplowka-jezowata-lions-mane-dzialanie-300x152.png 300w, https:\/\/encann.pl\/wp-content\/uploads\/2024\/03\/soplowka-jezowata-lions-mane-dzialanie-768x388.png 768w, https:\/\/encann.pl\/wp-content\/uploads\/2024\/03\/soplowka-jezowata-lions-mane-dzialanie.png 1181w\" sizes=\"auto, (max-width: 1024px) 100vw, 1024px\" \/>Dieses Produkt ist ein Nahrungserg\u00e4nzungsmittel. Die empfohlene Tagesdosis darf nicht \u00fcberschritten werden. Nahrungserg\u00e4nzungsmittel d\u00fcrfen nicht als Ersatz f\u00fcr eine abwechslungsreiche Ern\u00e4hrung verwendet werden. Nahrungserg\u00e4nzungsmittel sollten au\u00dferhalb der Reichweite von Kleinkindern aufbewahrt werden. Hergestellt in Polen. Das Mindesthaltbarkeitsdatum steht auf der Verpackung - mindestens ein Jahr nach dem Kauf. Verantwortliche Stelle: Encann sp. z o. o.<\/h6>\n<p>\t\t\t\t<\/div>\n\t\t\t\t\t<\/div>\n\n\t\t\n\t\t<div class=\"wd-tab-content\">\n\t\t\t\t\t\t\t<div class=\"wd-entry-content\">\n\t\t\t\t\t<strong>Zutaten: Extrakt aus dem Fruchtk\u00f6rper des Soplum-Igels, Wasser, Ethanol.<\/strong><\/p>\n<p><em>W\u00e4ssrig-alkoholische L\u00f6sung eines Extrakts aus dem Fruchtk\u00f6rper des Igels (Hericium erinaceus).<\/em><\/p>\n<p><em><strong>Eingeschlossen:<\/strong><\/em><\/p>\n<p><strong>178 200 mg<\/strong>\u00a0L\u00f6wenm\u00e4hne in Form von Trockenfruchtk\u00f6rpern<\/p>\n<p>(Wasser-Alkohol-Auszug DER 4:1)<\/p>\n<p><em><strong>In der empfohlenen Tagesportion<\/strong><\/em><\/p>\n<p><strong>1800 mg<\/strong>\u00a0L\u00f6wenm\u00e4hne in Form von Trockenfruchtk\u00f6rpern<\/p>\n<p>(Wasser-Alkohol-Auszug DER 4:1)<\/p>\n<p><strong>Lion's Mane AdaptSense Encann\u00ae enth\u00e4lt keine synthetischen Inhaltsstoffe, F\u00fcllstoffe oder Konservierungsmittel.<\/strong><\/p>\n<p>Die Methode der Wasser-Alkohol-Extraktion gew\u00e4hrleistet die Gewinnung eines einmaligen\u00a0<strong>das breite Spektrum der in den Fruchtk\u00f6rpern von Soplora enthaltenen Stoffe.\u00a0<\/strong><\/p>\n<p>Umfrage durchgef\u00fchrt von J.S. Hamilton Poland Sp. z o.o. im Auftrag von Encann sp. z o.o. - Eigent\u00fcmer der Marke Encann. Es wurden Proben von Adaptsense-Extrakt in fl\u00fcssiger Form getestet. Die Tests wurden nach einer akkreditierten Methode durchgef\u00fchrt. Alle im Bericht dargestellten Ergebnisse liegen unter den in der Verordnung (EG) Nr. 1881\/2006 der Kommission vom 19. Dezember 2006 festgelegten H\u00f6chstwerten f\u00fcr Kontaminanten.\u00a0<b>Das bedeutet, dass der Adaptsense-Extrakt in fl\u00fcssiger Form sicher f\u00fcr den Verzehr ist.<\/b><\/p>\n<p><img loading=\"lazy\" decoding=\"async\" class=\"alignnone size-full wp-image-3253\" src=\"https:\/\/encann.pl\/wp-content\/uploads\/2024\/04\/2024-04-30-07-21-30-TemplateJSHPL-PL-239606-24-gdy-1-1.png\" alt=\"\" width=\"787\" height=\"1114\" srcset=\"https:\/\/encann.pl\/wp-content\/uploads\/2024\/04\/2024-04-30-07-21-30-TemplateJSHPL-PL-239606-24-gdy-1-1.png 787w, https:\/\/encann.pl\/wp-content\/uploads\/2024\/04\/2024-04-30-07-21-30-TemplateJSHPL-PL-239606-24-gdy-1-1-600x849.png 600w, https:\/\/encann.pl\/wp-content\/uploads\/2024\/04\/2024-04-30-07-21-30-TemplateJSHPL-PL-239606-24-gdy-1-1-150x212.png 150w, https:\/\/encann.pl\/wp-content\/uploads\/2024\/04\/2024-04-30-07-21-30-TemplateJSHPL-PL-239606-24-gdy-1-1-212x300.png 212w, https:\/\/encann.pl\/wp-content\/uploads\/2024\/04\/2024-04-30-07-21-30-TemplateJSHPL-PL-239606-24-gdy-1-1-723x1024.png 723w, https:\/\/encann.pl\/wp-content\/uploads\/2024\/04\/2024-04-30-07-21-30-TemplateJSHPL-PL-239606-24-gdy-1-1-768x1087.png 768w\" sizes=\"auto, (max-width: 787px) 100vw, 787px\" \/>\t\t\t\t<\/div>\n\t\t\t\t\t<\/div>\n\n\t\t\n\t\t<div class=\"wd-tab-content\">\n\t\t\t\t\t\t\t<div class=\"wd-entry-content\">\n\t\t\t\t\t<strong>Wir m\u00f6chten Sie ermutigen, mehr \u00fcber die Forschung zum Igelsopran zu erfahren. Nachfolgend finden Sie eine Auswahl an wissenschaftlichen Ver\u00f6ffentlichungen*<\/strong><\/p>\n<h6>*Die Angaben beziehen sich auf Studien \u00fcber den Pilz.\u00a0<strong>Hericium erinaceus,\u00a0<\/strong>nicht \u00fcber das Produkt L\u00f6wenm\u00e4hnenextrakt Encann\u00ae. Es handelt sich nicht um Behauptungen \u00fcber die medizinischen Eigenschaften des angebotenen Produktes. Nachpr\u00fcfbare wissenschaftliche Belege \u00fcber Studien zur Verwendung des Pilzes L\u00f6wenm\u00e4hne Encann\u00ae - einer der Inhaltsstoffe des angebotenen Produktes - werden auf dieser Seite gem\u00e4\u00df der Verordnung 1924\/2006 des Europ\u00e4ischen Parlaments dargestellt.<\/h6>\n<p><b>Die Wirkung der L\u00f6wenm\u00e4hne nach der Forschung*:<\/b><\/p>\n<div class=\"flex-1 overflow-hidden\">\n<div class=\"react-scroll-to-bottom--css-mgrhw-79elbk h-full\">\n<div class=\"react-scroll-to-bottom--css-mgrhw-1n7m0yu\">\n<div class=\"flex flex-col text-sm pb-9\">\n<div class=\"w-full text-token-text-primary\" data-testid=\"conversation-turn-3\">\n<div class=\"px-4 py-2 justify-center text-base md:gap-6 m-auto\">\n<div class=\"flex flex-1 text-base mx-auto gap-3 md:px-5 lg:px-1 xl:px-5 md:max-w-3xl lg:max-w-&#091;40rem&#093; xl:max-w-&#091;48rem&#093; group final-completion\">\n<div class=\"relative flex w-full flex-col agent-turn\">\n<div class=\"flex-col gap-1 md:gap-3\">\n<div class=\"flex flex-grow flex-col max-w-full\">\n<div class=\"min-h-&#091;20px&#093; text-message flex flex-col items-start gap-3 whitespace-pre-wrap break-words &#091;.text-message+&amp;&#093;:mt-5 overflow-x-auto\" data-message-author-role=\"assistant\" data-message-id=\"f3940b32-98d0-4966-b434-b501dec42f6d\">\n<div class=\"markdown prose w-full break-words dark:prose-invert dark\">\n<p>Zus\u00e4tzlich zu seinen typischen nootropischen Eigenschaften bietet der L\u00f6wenm\u00fctzenpilz ein breiteres Spektrum an Vorteilen, was ihn von anderen Pilzen unterscheidet. Seine Auswirkungen auf die kognitiven Funktionen umfassen Wahrnehmung, Aufmerksamkeit, Ged\u00e4chtnis und Denkprozesse, was in der Praxis die F\u00e4higkeit bedeutet, Informationen besser zu verarbeiten und mit der Umwelt zurechtzukommen. Die Forschung zeigt, dass er den alters-, stress- oder krankheitsbedingten kognitiven Abbau abmildern kann.<\/p>\n<p>Im Zusammenhang mit der Alzheimer-Krankheit, die als eine der Hauptursachen f\u00fcr Demenz und die damit verbundenen Symptome gilt, hat Hericium erinaceus die F\u00e4higkeit gezeigt, die Acetylcholinproduktion zu erh\u00f6hen, was eine Schl\u00fcsselrolle bei der Linderung der Krankheitssymptome spielen k\u00f6nnte.<\/p>\n<p>Dar\u00fcber hinaus haben Studien gezeigt, dass dieser Pilzextrakt die Regeneration und das Wachstum von Nervenfasern f\u00f6rdern kann, was f\u00fcr die Verbesserung des Nervensystems und der Gehirnfunktion wichtig ist. Seine Auswirkungen auf das Immunsystem, seine krebshemmende Wirkung sowie die Verringerung von Angstgef\u00fchlen, die Verbesserung der Konzentration und der Schlafqualit\u00e4t unterstreichen seine umfassenden gesundheitlichen Vorteile.<\/p>\n<p>Die Entdeckungen \u00fcber den potenziellen Nutzen von Hericium erinaceus bei der Behandlung von Depressionen dank seines Amycenon-Gehalts erweitern das Wissen \u00fcber diesen faszinierenden Pilz. In Anbetracht der durchgef\u00fchrten Studien, sowohl am Menschen als auch an Tiermodellen, scheint Hericium erinaceus ein vielversprechender Wirkstoff f\u00fcr die Gehirnfunktion und die allgemeine Gesundheit zu sein, besonders wertvoll f\u00fcr \u00e4ltere Menschen und solche, die von neurodegenerativen Krankheiten bedroht sind.<\/p>\n<\/div>\n<\/div>\n<\/div>\n<\/div>\n<\/div>\n<\/div>\n<\/div>\n<\/div>\n<\/div>\n<\/div>\n<\/div>\n<\/div>\n<h6><em>Quellen:<\/em><\/h6>\n<h6>Mori K, Inatomi S, Ouchi K, Azumi Y, Tuchida T. Phytother. Verbesserte Wirkung des Pilzes Yamabushitake (Hericium erinaceus) auf leichte kognitive Beeintr\u00e4chtigung: eine doppelblinde placebokontrollierte klinische Studie. Res. 2009 Mar;23(3):367-72. doi: 10.1002\/ptr.2634.<\/h6>\n<h6>Valentina Cesaroni, Andrej Gregori, Margherita Repetti, Chiara Romano, Germano Orr\u00f9, Laura Botta, Carolina Girometta, Maria Lidia Guglielminetti, Elena Savino, Paola Rossi. Dietary Supplementation of Hericium erinaceus Increases Mossy Fiber-CA3 Hippocampal Neurotransmission and Recognition Memory in Wild-Type Mice Federico Brandalise, 6 , Evid Based Complement Alternat Med. 2017; 2017: 3864340.<\/h6>\n<h6>Die neuroprotektiven Eigenschaften von Hericium erinaceus in Glutamat-gesch\u00e4digten differenzierten PC12-Zellen und einem Alzheimer-Mausmodell Int J Mol Sci. 2016 Nov; 17(11): 1810.<\/h6>\n<h6>Dietary Supplementation of Hericium erinaceus Increases Mossy Fiber-CA3 Hippocampal Neurotransmission and Recognition Memory in Wild-Type Mice Evid Based Complement Alternat Med. 2017; 2017: 3864340.<\/h6>\n<h6>Yao W1, Zhang JC1, Dong C1, Zhuang C2, Hirota S3, Inanaga K4, Hashimoto K5. Auswirkungen von Amycenon auf die Serumspiegel von Tumor-Nekrose-Faktor-\u03b1, Interleukin-10 und depressions\u00e4hnliches Verhalten bei M\u00e4usen nach Verabreichung von Lipopolysaccharid. Pharmacol Biochem Behav. 2015 Sep;136:7-12. doi: 10.1016\/j.pbb.2015.06.012. epub 2015 Jul 4.<\/h6>\n<h6>Samberkar S1, Gandhi S2, Naidu M1, Wong KH1, Raman J2, Sabaratnam V2. L\u00f6wenm\u00e4hne, Hericium erinaceus und Tigermilch, Lignosus rhinocerotis (H\u00f6here Basidiomyceten) Heilpilze stimulieren das Wachstum von Neuriten in dissoziierten Zellen von Gehirn, R\u00fcckenmark und Netzhaut: Eine In-vitro-Studie.<\/h6>\n<h6>Nagano M1, Shimizu K, Kondo R, Hayashi C, Sato D, Kitagawa K, Ohnuki K. Verringerung von Depressionen und Angstzust\u00e4nden durch 4 Wochen Hericium erinaceus Einnahme. Senden an Biomed Res. 2010 Aug;31(4):231-7.<\/h6>\n<h6>Sheng X1, Yan J1, Meng Y1, Kang Y1, Han Z1, Tai G1, Zhou Y1, Cheng H1. Die immunmodulatorische Wirkung von Polysacchariden aus Hericium erinaceus wird durch die Darmimmunologie vermittelt. Food Funct. 2017 Mar 22;8(3):1020-1027. doi: 10.1039\/c7fo00071e.<\/h6>\n<p>\t\t\t\t<\/div>\n\t\t\t\t\t<\/div>\n\n\t\t\t\t\t<\/div>\n\t\t<\/div>\n\n\t\t<\/div><\/div><\/div><div class=\"wpb_column vc_column_container vc_col-sm-2\"><div class=\"vc_column-inner\"><div class=\"wpb_wrapper\"><\/div><\/div><\/div><\/div>\n<\/div>","protected":false},"excerpt":{"rendered":"<p><em>150 ml (1,79 pln\/ml)<\/em><\/p>\n<h1><strong>L\u00f6wenm\u00e4hne-Extrakt<\/strong><\/h1>\n<p>Auszug aus\u00a0<strong>L\u00f6wenzahnm\u00e4hne in fl\u00fcssiger Form<\/strong><\/p>\n<p><em>Encann\u00ae Adapt Sense Nutraceutischer Extrakt<\/em><\/p>\n<p><b>1.800 mg L\u00f6wenm\u00e4hne in einer Tagesportion, berechnet als Trockenfruchtkuchen<\/b><\/p>\n<p>Auszug Standardisiert f\u00fcr <strong>178 200<\/strong><b>\u00a0mg Sophora ursulae pro trockenem Fruchtk\u00f6rper\u00a0<\/b>im Set (59 400 mg pro 50-ml-Packung)<\/p>\n<p>Nettoinhalt<strong> 150 ml | 99 empfohlene Tagesportionen<\/strong><\/p>","protected":false},"featured_media":3215,"template":"","meta":[],"product_brand":[],"product_cat":[95,97,103],"product_tag":[],"class_list":{"0":"post-3814","1":"product","2":"type-product","3":"status-publish","4":"has-post-thumbnail","6":"product_cat-wszystkie_produkty","7":"product_cat-adaptsense","8":"product_cat-zestawy","10":"first","11":"instock","12":"taxable","13":"shipping-taxable","14":"purchasable","15":"product-type-simple"},"_links":{"self":[{"href":"https:\/\/encann.pl\/de\/wp-json\/wp\/v2\/product\/3814","targetHints":{"allow":["GET"]}}],"collection":[{"href":"https:\/\/encann.pl\/de\/wp-json\/wp\/v2\/product"}],"about":[{"href":"https:\/\/encann.pl\/de\/wp-json\/wp\/v2\/types\/product"}],"wp:featuredmedia":[{"embeddable":true,"href":"https:\/\/encann.pl\/de\/wp-json\/wp\/v2\/media\/3215"}],"wp:attachment":[{"href":"https:\/\/encann.pl\/de\/wp-json\/wp\/v2\/media?parent=3814"}],"wp:term":[{"taxonomy":"product_brand","embeddable":true,"href":"https:\/\/encann.pl\/de\/wp-json\/wp\/v2\/product_brand?post=3814"},{"taxonomy":"product_cat","embeddable":true,"href":"https:\/\/encann.pl\/de\/wp-json\/wp\/v2\/product_cat?post=3814"},{"taxonomy":"product_tag","embeddable":true,"href":"https:\/\/encann.pl\/de\/wp-json\/wp\/v2\/product_tag?post=3814"}],"curies":[{"name":"wp","href":"https:\/\/api.w.org\/{rel}","templated":true}]}}