{"id":3816,"date":"2024-09-03T18:57:32","date_gmt":"2024-09-03T16:57:32","guid":{"rendered":"https:\/\/encann.pl\/?post_type=product&#038;p=3816"},"modified":"2026-04-24T14:16:41","modified_gmt":"2026-04-24T12:16:41","slug":"cordyceps-extrakt-flussig-3x-50-ml-150-ml","status":"publish","type":"product","link":"https:\/\/encann.pl\/de\/produkt\/cordyceps-extrakt-flussig-3x-50-ml-150-ml\/","title":{"rendered":"Cordyceps Fl\u00fcssigextrakt 3\u00d750 ml (150 ml)"},"content":{"rendered":"<div class=\"wpb-content-wrapper\"><div class=\"vc_row wpb_row vc_row-fluid\"><div class=\"wpb_column vc_column_container vc_col-sm-2\"><div class=\"vc_column-inner\"><div class=\"wpb_wrapper\"><\/div><\/div><\/div><div class=\"wpb_column vc_column_container vc_col-sm-8\"><div class=\"vc_column-inner\"><div class=\"wpb_wrapper\">\n\t\t<div id=\"wd-66d5accc58ce5\" class=\"wd-tabs wd-wpb wd-rs-66d5accc58ce5 tabs-design-default\">\n\t\t\t<div class=\"wd-tabs-header text-center\">\n\t\t\t\t\n\t\t\t\t\n\t\t\t\t<div class=\"wd-nav-wrapper wd-nav-tabs-wrapper wd-mb-action-swipe\">\n\t\t\t\t\t<ul class=\"wd-nav wd-nav-tabs wd-icon-pos-left wd-style-default font-primary wd-fontsize-s wd-font-weight-600\">\n\t\t\t\t\t\t\t\t\t\t\t\t\t\n\t\t\t\t\t\t\t<li>\n\t\t\t\t\t\t\t\t<a href=\"#\" class=\"wd-nav-link\">\n\t\t\t\t\t\t\t\t\t\t\t\t\t\t\t\t\t\t<span class=\"nav-link-text wd-tabs-title\">\n\t\t\t\t\t\t\t\t\t\tPRODUKTBEZEICHNUNG\t\t\t\t\t\t\t\t\t<\/span>\n\t\t\t\t\t\t\t\t<\/a>\n\t\t\t\t\t\t\t<\/li>\n\n\t\t\t\t\t\t\t\t\t\t\t\t\t\n\t\t\t\t\t\t\t<li>\n\t\t\t\t\t\t\t\t<a href=\"#\" class=\"wd-nav-link\">\n\t\t\t\t\t\t\t\t\t\t\t\t\t\t\t\t\t\t<span class=\"nav-link-text wd-tabs-title\">\n\t\t\t\t\t\t\t\t\t\tZusammensetzung\t\t\t\t\t\t\t\t\t<\/span>\n\t\t\t\t\t\t\t\t<\/a>\n\t\t\t\t\t\t\t<\/li>\n\n\t\t\t\t\t\t\t\t\t\t\t\t\t\n\t\t\t\t\t\t\t<li>\n\t\t\t\t\t\t\t\t<a href=\"#\" class=\"wd-nav-link\">\n\t\t\t\t\t\t\t\t\t\t\t\t\t\t\t\t\t\t<span class=\"nav-link-text wd-tabs-title\">\n\t\t\t\t\t\t\t\t\t\tForschung\t\t\t\t\t\t\t\t\t<\/span>\n\t\t\t\t\t\t\t\t<\/a>\n\t\t\t\t\t\t\t<\/li>\n\n\t\t\t\t\t\t\n\t\t\t\t\t<\/ul>\n\t\t\t\t<\/div>\n\t\t\t<\/div>\n\n\t\t\t<div class=\"wd-tabs-content-wrapper\">\n\t\t\t\t\n\t\t<div class=\"wd-tab-content\">\n\t\t\t\t\t\t\t<div class=\"wd-entry-content\">\n\t\t\t\t\t<\/p>\n<h3>Fl\u00fcssigextrakt aus dem Fruchtk\u00f6rper des Cordyceps Militaris (Kegelblume) (Set mit 3 x 50 ml)<\/h3>\n<p class=\"p1\">Das Produkt Cordyceps Encann\u00ae ist ein reiner Extrakt aus dem\u00a0<strong>Fruchtk\u00f6rper<\/strong> des Pilzes Cordyceps Militaris (Kakerlake).<\/p>\n<p class=\"p1\">Die Wirkstoffe (Cordyceps) haben eine wichtige Funktion bei der Aufrechterhaltung der Hom\u00f6ostase des K\u00f6rpers, der Minimierung der Auswirkungen von Stress und der Erleichterung der Anpassung an sich ver\u00e4ndernde Umweltbedingungen. Der Cordyceps zeichnet sich durch das Vorhandensein zahlreicher biologisch aktiver Bestandteile aus. Dieser adaptogene Pilz wird seit Jahrhunderten in der chinesischen Volksmedizin verwendet.<\/p>\n<p><b>AdaptSense Nutrazeutika<\/b>\u00a0von Encann\u00ae, die aus adaptogenen Pflanzen gewonnen werden und oft als funktionelle Nahrungsmittel bezeichnet werden, erfreuen sich als Nahrungserg\u00e4nzungsmittel zunehmender Beliebtheit, und zwar aus mehreren wichtigen Gr\u00fcnden. Anders als synthetische Nahrungserg\u00e4nzungsmittel,\u00a0<b>Nutrazeutika<\/b>\u00a0werden vom K\u00f6rper besser aufgenommen. Nat\u00fcrliche Inhaltsstoffe werden vom K\u00f6rper leichter erkannt, was ihre Wirksamkeit erh\u00f6ht. Da es sich um nat\u00fcrliche Produkte handelt, haben Nutrazeutika in der Regel weniger Nebenwirkungen als herk\u00f6mmliche Arzneimittel und synthetische Erg\u00e4nzungsmittel. Vor allem zeigen Adaptogene eine hohe synergistische Wirkung untereinander.<\/p>\n<p class=\"p1\"><strong>Wir haben bis zu 1800 mg Cordycep Fruitcake in 1 Tagesportion aufgenommen. Empfohlene Tagesdosis: 1,5 g des Produkts (d.h. 40 Tropfen oder 2 Pipettenz\u00fcge). Sublingual einnehmen oder in Speisen\/Getr\u00e4nke einr\u00fchren.<\/strong><\/p>\n<p class=\"p1\">Ihre Fruchtk\u00f6rper wurden extrahiert, konzentriert und dann in Wasser mit Alkohol aufgel\u00f6st, um das Beste aus ihnen herauszuholen.<\/p>\n<p class=\"p1\"><strong>Es enth\u00e4lt keine k\u00fcnstlichen Zusatzstoffe oder F\u00fcllstoffe.<\/strong>\u00a0Ausz\u00fcge aus Encann\u00ae sind\u00a0<strong>h\u00f6chste<\/strong>\u00a0die Dosis des Wirkstoffs in einer Tagesdosis.<\/p>\n<p class=\"p1\">Unter\u00a0<strong>Zusammensetzung\u00a0<\/strong>finden Sie weitere Informationen zu Rohstoffen und Produktion.<\/p>\n<p>Unter\u00a0<strong>Forschung<\/strong> finden Sie Informationen \u00fcber die erwiesenen Vorteile des Cordyceps Militaris-Pilzes.<\/p>\n<h6 class=\"p1\"><img loading=\"lazy\" decoding=\"async\" class=\"aligncenter wp-image-3214 size-medium\" src=\"https:\/\/encann.pl\/wp-content\/uploads\/2024\/04\/cordyceps-ekstrakt-encann-dzialanie-300x287.png\" alt=\"\" width=\"300\" height=\"287\" srcset=\"https:\/\/encann.pl\/wp-content\/uploads\/2024\/04\/cordyceps-ekstrakt-encann-dzialanie-300x287.png 300w, https:\/\/encann.pl\/wp-content\/uploads\/2024\/04\/cordyceps-ekstrakt-encann-dzialanie-600x575.png 600w, https:\/\/encann.pl\/wp-content\/uploads\/2024\/04\/cordyceps-ekstrakt-encann-dzialanie-150x144.png 150w, https:\/\/encann.pl\/wp-content\/uploads\/2024\/04\/cordyceps-ekstrakt-encann-dzialanie-1200x1149.png 1200w, https:\/\/encann.pl\/wp-content\/uploads\/2024\/04\/cordyceps-ekstrakt-encann-dzialanie-1024x981.png 1024w, https:\/\/encann.pl\/wp-content\/uploads\/2024\/04\/cordyceps-ekstrakt-encann-dzialanie-768x736.png 768w, https:\/\/encann.pl\/wp-content\/uploads\/2024\/04\/cordyceps-ekstrakt-encann-dzialanie.png 1537w\" sizes=\"auto, (max-width: 300px) 100vw, 300px\" \/>Dieses Produkt ist ein Nahrungserg\u00e4nzungsmittel. Die empfohlene Tagesdosis darf nicht \u00fcberschritten werden. Nahrungserg\u00e4nzungsmittel d\u00fcrfen nicht als Ersatz f\u00fcr eine abwechslungsreiche Ern\u00e4hrung verwendet werden. Nahrungserg\u00e4nzungsmittel sollten au\u00dferhalb der Reichweite von Kleinkindern aufbewahrt werden. Hergestellt in Polen. Das Mindesthaltbarkeitsdatum steht auf der Verpackung - mindestens ein Jahr nach dem Kauf. Verantwortliche Stelle: Encann sp. z o. o.<\/h6>\n<p>\t\t\t\t<\/div>\n\t\t\t\t\t<\/div>\n\n\t\t\n\t\t<div class=\"wd-tab-content\">\n\t\t\t\t\t\t\t<div class=\"wd-entry-content\">\n\t\t\t\t\t<strong>Zutaten: Extrakt aus dem Fruchtk\u00f6rper von Cordyceps Militaris, Wasser, Ethanol.<\/strong><\/p>\n<p><em>Eine w\u00e4ssrig-alkoholische L\u00f6sung des Extrakts aus dem Fruchtk\u00f6rper des Macebug.<\/em><\/p>\n<p><em><strong>In der Verpackung<\/strong><\/em><\/p>\n<p><strong>178 200 mg<\/strong> Cordycepsu pro trockenem Fruchtk\u00f6rper<\/p>\n<p>(Wasser-Alkohol-Auszug DER 4:1)<\/p>\n<p><em><strong>In der empfohlenen Tagesportion<\/strong><\/em><\/p>\n<p><strong>1800 mg<\/strong>\u00a0Cordycepsu pro trockenem Fruchtk\u00f6rper<\/p>\n<p>(Wasser-Alkohol-Auszug DER 4:1)<\/p>\n<p><strong>Cordyceps AdaptSense Encann\u00ae enth\u00e4lt keine synthetischen Bestandteile, F\u00fcllstoffe oder Konservierungsmittel.<\/strong><\/p>\n<p>Die Methode der Wasser-Alkohol-Extraktion gew\u00e4hrleistet die Gewinnung eines einmaligen\u00a0<strong>das breite Spektrum der in den Fruchtk\u00f6rpern von Cordycepus enthaltenen Stoffe.\u00a0<\/strong><\/p>\n<p>Umfrage durchgef\u00fchrt von J.S. Hamilton Poland Sp. z o.o. im Auftrag von Encann sp. z o.o. - Eigent\u00fcmer der Marke Encann. Es wurden Proben von Adaptsense-Extrakt in fl\u00fcssiger Form getestet. Die Tests wurden nach einer akkreditierten Methode durchgef\u00fchrt. Alle im Bericht dargestellten Ergebnisse liegen unter den in der Verordnung (EG) Nr. 1881\/2006 der Kommission vom 19. Dezember 2006 festgelegten H\u00f6chstwerten f\u00fcr Kontaminanten.\u00a0<b>Das bedeutet, dass der Adaptsense-Extrakt in fl\u00fcssiger Form sicher f\u00fcr den Verzehr ist.<\/b><\/p>\n<p><img loading=\"lazy\" decoding=\"async\" class=\"alignnone size-full wp-image-3253\" src=\"https:\/\/encann.pl\/wp-content\/uploads\/2024\/04\/2024-04-30-07-21-30-TemplateJSHPL-PL-239606-24-gdy-1-1.png\" alt=\"\" width=\"787\" height=\"1114\" srcset=\"https:\/\/encann.pl\/wp-content\/uploads\/2024\/04\/2024-04-30-07-21-30-TemplateJSHPL-PL-239606-24-gdy-1-1.png 787w, https:\/\/encann.pl\/wp-content\/uploads\/2024\/04\/2024-04-30-07-21-30-TemplateJSHPL-PL-239606-24-gdy-1-1-600x849.png 600w, https:\/\/encann.pl\/wp-content\/uploads\/2024\/04\/2024-04-30-07-21-30-TemplateJSHPL-PL-239606-24-gdy-1-1-150x212.png 150w, https:\/\/encann.pl\/wp-content\/uploads\/2024\/04\/2024-04-30-07-21-30-TemplateJSHPL-PL-239606-24-gdy-1-1-212x300.png 212w, https:\/\/encann.pl\/wp-content\/uploads\/2024\/04\/2024-04-30-07-21-30-TemplateJSHPL-PL-239606-24-gdy-1-1-723x1024.png 723w, https:\/\/encann.pl\/wp-content\/uploads\/2024\/04\/2024-04-30-07-21-30-TemplateJSHPL-PL-239606-24-gdy-1-1-768x1087.png 768w\" sizes=\"auto, (max-width: 787px) 100vw, 787px\" \/>\t\t\t\t<\/div>\n\t\t\t\t\t<\/div>\n\n\t\t\n\t\t<div class=\"wd-tab-content\">\n\t\t\t\t\t\t\t<div class=\"wd-entry-content\">\n\t\t\t\t\t<strong>Wir m\u00f6chten Sie ermutigen, sich umfassend \u00fcber die Forschung zu Cordycepx zu informieren. Nachstehend finden Sie eine Auswahl wissenschaftlicher Ver\u00f6ffentlichungen*.<\/strong><\/p>\n<h6>*Die Angaben beziehen sich auf Studien \u00fcber den Pilz.\u00a0<strong>Cordyceps Militaris,\u00a0<\/strong>nicht \u00fcber das Produkt Cordyceps-Extrakt Encann\u00ae. Dies sind keine Behauptungen \u00fcber die medizinischen Eigenschaften des angebotenen Produkts. Gem\u00e4\u00df dem Wortlaut der EUROP\u00c4ISCHEN PARLAMENTVERORDNUNG 1924\/2006 werden auf dieser Seite nachpr\u00fcfbare wissenschaftliche Erkenntnisse \u00fcber Studien zur Verwendung des Pilzes Cordyceps Militaris - einer der Inhaltsstoffe des angebotenen Produktes - dargestellt.<\/h6>\n<p>Ein interessantes Ph\u00e4nomen ist die F\u00e4higkeit des Cordyceps-Pilzes, die Apoptose, den programmierten Zelltod, in Krebszellen auszul\u00f6sen. In-vitro-Studien haben gezeigt, dass die Verwendung von Cordyceps militaris-Extrakt zu einer Verst\u00e4rkung der apoptotischen Mechanismen in Krebszellen f\u00fchren kann. Dies wurde durch eine Verringerung der Produktion von Bcl-2-Proteinen erreicht, die normalerweise die Apoptose hemmen und zum Wachstum der Krebszellen beitragen. Dar\u00fcber hinaus wurde ein Anstieg der Expression von Genen beobachtet, die f\u00fcr die Kodierung von Enzymen wie Caspase-3 und PARP verantwortlich sind, die eine Rolle beim Abbau und der Beseitigung von Krebszellen spielen.<\/p>\n<div class=\"flex-1 overflow-hidden\">\n<div class=\"react-scroll-to-bottom--css-wsoqi-79elbk h-full\">\n<div class=\"react-scroll-to-bottom--css-wsoqi-1n7m0yu\">\n<div class=\"flex flex-col text-sm pb-9\">\n<div class=\"w-full text-token-text-primary\" data-testid=\"conversation-turn-9\">\n<div class=\"px-4 py-2 justify-center text-base md:gap-6 m-auto\">\n<div class=\"flex flex-1 text-base mx-auto gap-3 md:px-5 lg:px-1 xl:px-5 md:max-w-3xl lg:max-w-&#091;40rem&#093; xl:max-w-&#091;48rem&#093; group final-completion\">\n<div class=\"relative flex w-full flex-col agent-turn\">\n<div class=\"flex-col gap-1 md:gap-3\">\n<div class=\"flex flex-grow flex-col max-w-full\">\n<div class=\"min-h-&#091;20px&#093; text-message flex flex-col items-start gap-3 whitespace-pre-wrap break-words &#091;.text-message+&amp;&#093;:mt-5 overflow-x-auto\" data-message-author-role=\"assistant\" data-message-id=\"28ea648e-8c82-41ad-ba46-8081a212a776\">\n<div class=\"markdown prose w-full break-words dark:prose-invert dark\">\n<p>Der Cordyceps ist als nat\u00fcrlicher Unterst\u00fctzer des Immunsystems anerkannt, indem er die Immuntoleranz des K\u00f6rpers erh\u00f6ht. Dies ist besonders wichtig im Zusammenhang mit der Ausbreitung von Autoimmunkrankheiten. Studien zeigen, dass die regelm\u00e4\u00dfige Einnahme von Cordyceps dazu beitragen kann, Entz\u00fcndungsprozesse zu reduzieren, \u00fcberm\u00e4\u00dfige Gewebesch\u00e4den durch Autoimmunreaktionen zu begrenzen und die Zeit zu verk\u00fcrzen, die gesch\u00e4digtes Gewebe zur Regeneration ben\u00f6tigt.<\/p>\n<p>Dar\u00fcber hinaus haben andere Studien hervorgehoben, dass der Cordyceps milde stimulierende Eigenschaften hat und adaptogene Wirkungen zeigt, was darauf hindeutet, dass er f\u00fcr Menschen, die mit st\u00e4ndigem Stress zu k\u00e4mpfen haben, von Nutzen sein kann.<\/p>\n<p>Die biologisch aktiven Verbindungen des Cordyceps sind f\u00fcr seine immunoprotektiven Wirkungen verantwortlich, wie die Verbesserung der kardiovaskul\u00e4ren, respiratorischen, endokrinen und reproduktiven Funktionen. Dazu geh\u00f6ren Cordycepin, Cordycepins\u00e4ure, Adenosin und Cordemin, wobei Cordycepin der wichtigste Wirkstoff im Cordyceps-Pilz ist, auf den die meisten positiven Auswirkungen seiner Verwendung zur\u00fcckgef\u00fchrt werden k\u00f6nnen.<\/p>\n<div class=\"flex-1 overflow-hidden\">\n<div class=\"react-scroll-to-bottom--css-wsoqi-79elbk h-full\">\n<div class=\"react-scroll-to-bottom--css-wsoqi-1n7m0yu\">\n<div class=\"flex flex-col text-sm pb-9\">\n<div class=\"w-full text-token-text-primary\" data-testid=\"conversation-turn-11\">\n<div class=\"px-4 py-2 justify-center text-base md:gap-6 m-auto\">\n<div class=\"flex flex-1 text-base mx-auto gap-3 md:px-5 lg:px-1 xl:px-5 md:max-w-3xl lg:max-w-&#091;40rem&#093; xl:max-w-&#091;48rem&#093; group final-completion\">\n<div class=\"relative flex w-full flex-col agent-turn\">\n<div class=\"flex-col gap-1 md:gap-3\">\n<div class=\"flex flex-grow flex-col max-w-full\">\n<div class=\"min-h-&#091;20px&#093; text-message flex flex-col items-start gap-3 whitespace-pre-wrap break-words &#091;.text-message+&amp;&#093;:mt-5 overflow-x-auto\" data-message-author-role=\"assistant\" data-message-id=\"00f937fe-fe03-49a5-a0d0-ae1b2b9f4fbf\">\n<div class=\"markdown prose w-full break-words dark:prose-invert dark\">\n<p>J\u00fcngste Studien haben einen interessanten Zusammenhang zwischen der Einnahme von Cordyceps und der kardiovaskul\u00e4ren Gesundheit aufgezeigt, wobei eine signifikante Wirkung auf die Blutfettparameter festgestellt wurde. Es wurde festgestellt, dass der Cordyceps zur Senkung des Gesamtcholesterinspiegels beitr\u00e4gt, was das Risiko der Entwicklung einer koronaren Herzkrankheit verringern kann. Eine solche Wirkung k\u00f6nnte mit dem hohen Gehalt an Antioxidantien im Cordyceps zusammenh\u00e4ngen, die Entz\u00fcndungen in den Blutgef\u00e4\u00dfen und Arterien verringern. Dar\u00fcber hinaus zeigen In-vivo-Studien \u00fcber die Auswirkungen auf Herz-Kreislauf-Erkrankungen, dass die Einnahme von Cordyceps-Extrakt den LDL-Spiegel (schlechtes Cholesterin) und die Triglyceride im Blut senkt, die im \u00dcberma\u00df zu Entz\u00fcndungen beitragen und wichtige Risikofaktoren f\u00fcr koronare Herzerkrankungen und Herzinfarkte sind.<\/p>\n<\/div>\n<\/div>\n<\/div>\n<div class=\"mt-1 flex justify-start gap-3 empty:hidden\">\n<div class=\"text-gray-400 flex self-end lg:self-center items-center justify-center lg:justify-start mt-0 -ml-1 h-7 gap-&#091;2px&#093; visible\">\n<div class=\"flex items-center gap-1.5 text-xs\">\n<div class=\"flex-1 overflow-hidden\">\n<div class=\"react-scroll-to-bottom--css-wsoqi-79elbk h-full\">\n<div class=\"react-scroll-to-bottom--css-wsoqi-1n7m0yu\">\n<div class=\"flex flex-col text-sm pb-9\">\n<div class=\"w-full text-token-text-primary\" data-testid=\"conversation-turn-13\">\n<div class=\"px-4 py-2 justify-center text-base md:gap-6 m-auto\">\n<div class=\"flex flex-1 text-base mx-auto gap-3 md:px-5 lg:px-1 xl:px-5 md:max-w-3xl lg:max-w-&#091;40rem&#093; xl:max-w-&#091;48rem&#093; group final-completion\">\n<div class=\"relative flex w-full flex-col agent-turn\">\n<div class=\"flex-col gap-1 md:gap-3\">\n<div class=\"flex flex-grow flex-col max-w-full\">\n<div class=\"min-h-&#091;20px&#093; text-message flex flex-col items-start gap-3 whitespace-pre-wrap break-words &#091;.text-message+&amp;&#093;:mt-5 overflow-x-auto\" data-message-author-role=\"assistant\" data-message-id=\"593832d1-5130-405d-aac8-b9efc8af891a\">\n<div class=\"markdown prose w-full break-words dark:prose-invert dark\">\n<p>Die aktiven Bestandteile der Cordyceps-Pilze, die f\u00fcr die Regulierung des Blutzuckerspiegels entscheidend sind, sind Cordycepin und 3'-Desoxyadenosin. Diese Verbindungen sind wichtig f\u00fcr die Regulierungsprozesse, die die Aufrechterhaltung eines stabilen Insulinspiegels im N\u00fcchternzustand und nach einer Mahlzeit sowie das Gleichgewicht des Glukosespiegels beeinflussen, analog zur Wirkung von Insulin. Studien an Tiermodellen haben gezeigt, dass die Einnahme von Nahrungserg\u00e4nzungsmitteln mit Cordyceps-Extrakt zu einer Senkung des Glukose- und Insulinspiegels \u00fcber den Tag hinweg f\u00fchren kann. Dies deutet darauf hin, dass diese Pilze zur Vorbeugung und zur Unterst\u00fctzung der Behandlung von Insulinresistenz und anderen Zust\u00e4nden, die mit einem anormalen Blutzuckerspiegel einhergehen, verwendet werden k\u00f6nnten.<\/p>\n<\/div>\n<\/div>\n<\/div>\n<\/div>\n<\/div>\n<\/div>\n<\/div>\n<\/div>\n<\/div>\n<\/div>\n<\/div>\n<\/div>\n<\/div>\n<\/div>\n<\/div>\n<\/div>\n<div class=\"absolute\">\n<div class=\"flex w-full gap-2 items-center justify-center\">\n<h6><em>Quellen:<\/em><\/h6>\n<h6>https:\/\/www.ncbi.nlm.nih.gov\/pmc\/articles\/PMC4878560\/<\/h6>\n<h6>https:\/\/www.ncbi.nlm.nih.gov\/pubmed\/18306104<\/h6>\n<h6>https:\/\/www.ncbi.nlm.nih.gov\/books\/NBK92758\/<\/h6>\n<h6>https:\/\/www.ncbi.nlm.nih.gov\/pmc\/articles\/PMC3909570\/<\/h6>\n<h6>https:\/\/www.ncbi.nlm.nih.gov\/pubmed\/27433838<\/h6>\n<h6>https:\/\/www.ncbi.nlm.nih.gov\/pubmed\/18803231<\/h6>\n<h6>https:\/\/www.ncbi.nlm.nih.gov\/pmc\/articles\/PMC1847515\/<\/h6>\n<h6>https:\/\/www.ncbi.nlm.nih.gov\/pubmed\/10743500<\/h6>\n<h6>https:\/\/www.ncbi.nlm.nih.gov\/pmc\/articles\/PMC4519550\/<\/h6>\n<h6>https:\/\/www.ncbi.nlm.nih.gov\/pubmed\/20724804<\/h6>\n<h6>https:\/\/www.ncbi.nlm.nih.gov\/pubmed\/26141646<\/h6>\n<h6>https:\/\/www.ncbi.nlm.nih.gov\/pubmed\/26115996<\/h6>\n<h6>https:\/\/www.ncbi.nlm.nih.gov\/pubmed\/26263965<\/h6>\n<h6>https:\/\/www.ncbi.nlm.nih.gov\/pmc\/articles\/PMC2775070\/<\/h6>\n<\/div>\n<\/div>\n<\/div>\n<\/div>\n<\/div>\n<\/div>\n<\/div>\n<\/div>\n<\/div>\n<\/div>\n<\/div>\n<\/div>\n<\/div>\n<\/div>\n<\/div>\n<\/div>\n<\/div>\n<\/div>\n<\/div>\n<\/div>\n<\/div>\n<\/div>\n<p>\t\t\t\t<\/div>\n\t\t\t\t\t<\/div>\n\n\t\t\t\t\t<\/div>\n\t\t<\/div>\n\n\t\t<\/div><\/div><\/div><div class=\"wpb_column vc_column_container vc_col-sm-2\"><div class=\"vc_column-inner\"><div class=\"wpb_wrapper\"><\/div><\/div><\/div><\/div>\n<\/div>","protected":false},"excerpt":{"rendered":"<p><em>150 ml (1,43 pln\/ml)<\/em><\/p>\n<h1><strong>Cordyceps-Extrakt<\/strong><\/h1>\n<p>Auszug aus\u00a0<strong>Cordycepsu (Cordyceps Militaris) fl\u00fcssig<\/strong><\/p>\n<p><em>Encann\u00ae Adapt Sense Nutraceutischer Extrakt<\/em><\/p>\n<p><b>1800 mg Cordycep in einer Tagesportion, berechnet als Trockenfr\u00fcchte<\/b><\/p>\n<p>Auszug Standardisiert f\u00fcr <strong>178 200<\/strong> <b>mg Cordycep, bezogen auf das getrocknete Perikarp\u00a0<\/b>verpackt<\/p>\n<div class=\"woocommerce-product-details__short-description\">\n<p>Nettoinhalt\u00a0<strong>150 ml | 99 empfohlene Tagesportionen<\/strong><\/p>\n<\/div>","protected":false},"featured_media":3214,"template":"","meta":[],"product_brand":[],"product_cat":[95,97,103],"product_tag":[],"class_list":{"0":"post-3816","1":"product","2":"type-product","3":"status-publish","4":"has-post-thumbnail","6":"product_cat-wszystkie_produkty","7":"product_cat-adaptsense","8":"product_cat-zestawy","10":"first","11":"instock","12":"taxable","13":"shipping-taxable","14":"purchasable","15":"product-type-simple"},"_links":{"self":[{"href":"https:\/\/encann.pl\/de\/wp-json\/wp\/v2\/product\/3816","targetHints":{"allow":["GET"]}}],"collection":[{"href":"https:\/\/encann.pl\/de\/wp-json\/wp\/v2\/product"}],"about":[{"href":"https:\/\/encann.pl\/de\/wp-json\/wp\/v2\/types\/product"}],"wp:featuredmedia":[{"embeddable":true,"href":"https:\/\/encann.pl\/de\/wp-json\/wp\/v2\/media\/3214"}],"wp:attachment":[{"href":"https:\/\/encann.pl\/de\/wp-json\/wp\/v2\/media?parent=3816"}],"wp:term":[{"taxonomy":"product_brand","embeddable":true,"href":"https:\/\/encann.pl\/de\/wp-json\/wp\/v2\/product_brand?post=3816"},{"taxonomy":"product_cat","embeddable":true,"href":"https:\/\/encann.pl\/de\/wp-json\/wp\/v2\/product_cat?post=3816"},{"taxonomy":"product_tag","embeddable":true,"href":"https:\/\/encann.pl\/de\/wp-json\/wp\/v2\/product_tag?post=3816"}],"curies":[{"name":"wp","href":"https:\/\/api.w.org\/{rel}","templated":true}]}}