{"id":546,"date":"2020-03-04T23:30:10","date_gmt":"2020-03-04T22:30:10","guid":{"rendered":"https:\/\/encann.websitedev.usermd.net\/?post_type=product&#038;p=546"},"modified":"2026-04-08T14:16:42","modified_gmt":"2026-04-08T12:16:42","slug":"zugabe-set-3x10-ml","status":"publish","type":"product","link":"https:\/\/encann.pl\/de\/produkt\/zugabe-set-3x10-ml\/","title":{"rendered":"Encann-Set 3\u00d710 ml"},"content":{"rendered":"<div class=\"wpb-content-wrapper\"><div class=\"vc_row wpb_row vc_row-fluid\"><div class=\"wpb_column vc_column_container vc_col-sm-2\"><div class=\"vc_column-inner\"><div class=\"wpb_wrapper\"><\/div><\/div><\/div><div class=\"wpb_column vc_column_container vc_col-sm-8\"><div class=\"vc_column-inner\"><div class=\"wpb_wrapper\">\n\t\t<div id=\"wd-66d5accc58ce5\" class=\"wd-tabs wd-wpb wd-rs-66d5accc58ce5 tabs-design-default\">\n\t\t\t<div class=\"wd-tabs-header text-center\">\n\t\t\t\t\n\t\t\t\t\n\t\t\t\t<div class=\"wd-nav-wrapper wd-nav-tabs-wrapper wd-mb-action-swipe\">\n\t\t\t\t\t<ul class=\"wd-nav wd-nav-tabs wd-icon-pos-left wd-style-default font-primary wd-fontsize-s wd-font-weight-600\">\n\t\t\t\t\t\t\t\t\t\t\t\t\t\n\t\t\t\t\t\t\t<li>\n\t\t\t\t\t\t\t\t<a href=\"#\" class=\"wd-nav-link\">\n\t\t\t\t\t\t\t\t\t\t\t\t\t\t\t\t\t\t<span class=\"nav-link-text wd-tabs-title\">\n\t\t\t\t\t\t\t\t\t\tPRODUKTBEZEICHNUNG\t\t\t\t\t\t\t\t\t<\/span>\n\t\t\t\t\t\t\t\t<\/a>\n\t\t\t\t\t\t\t<\/li>\n\n\t\t\t\t\t\t\t\t\t\t\t\t\t\n\t\t\t\t\t\t\t<li>\n\t\t\t\t\t\t\t\t<a href=\"#\" class=\"wd-nav-link\">\n\t\t\t\t\t\t\t\t\t\t\t\t\t\t\t\t\t\t<span class=\"nav-link-text wd-tabs-title\">\n\t\t\t\t\t\t\t\t\t\tZusammensetzung\t\t\t\t\t\t\t\t\t<\/span>\n\t\t\t\t\t\t\t\t<\/a>\n\t\t\t\t\t\t\t<\/li>\n\n\t\t\t\t\t\t\t\t\t\t\t\t\t\n\t\t\t\t\t\t\t<li>\n\t\t\t\t\t\t\t\t<a href=\"#\" class=\"wd-nav-link\">\n\t\t\t\t\t\t\t\t\t\t\t\t\t\t\t\t\t\t<span class=\"nav-link-text wd-tabs-title\">\n\t\t\t\t\t\t\t\t\t\tBescheinigungen\t\t\t\t\t\t\t\t\t<\/span>\n\t\t\t\t\t\t\t\t<\/a>\n\t\t\t\t\t\t\t<\/li>\n\n\t\t\t\t\t\t\n\t\t\t\t\t<\/ul>\n\t\t\t\t<\/div>\n\t\t\t<\/div>\n\n\t\t\t<div class=\"wd-tabs-content-wrapper\">\n\t\t\t\t\n\t\t<div class=\"wd-tab-content\">\n\t\t\t\t\t\t\t<div class=\"wd-entry-content\">\n\t\t\t\t\t<strong>Encann-\u00d6l-Set mit einer Gesamtkapazit\u00e4t von 30 ml<\/strong>\u00a0(3\u00d710 ml). Das Set besteht aus drei 10-Milliliter-Flaschen: Encann\u00ae Gr\u00fcn\u00a0<strong>5%<\/strong>\u00a0CBD; Encann\u00ae Blau\u00a0<strong>10%<\/strong>\u00a0CBD und Encann\u00ae Purple\u00a0<strong>15%<\/strong>\u00a0CBD mit einem Fassungsverm\u00f6gen von jeweils 10 ml, d. h. insgesamt\u00a0<strong>3000 mg Cannabidiol.<\/strong><\/p>\n<p>Das Regenerations\u00f6l-Kit enth\u00e4lt\u00a0<strong>breites Spektrum an Naturstoffen<\/strong>\u00a0die in Cannabis sativa L. vorkommen -\u00a0<strong>darunter Terpene, Cannabinoide und n\u00fctzliche Fetts\u00e4uren.<\/strong>\u00a0Enth\u00e4lt kein THC.\u00a0<strong>Im Labor best\u00e4tigter CBD-Gehalt.<\/strong><\/p>\n<p><strong>Anwendung:<\/strong>\u00a0Eine angemessene Menge des Produkts 1-2 t\u00e4glich topisch auf die Mundschleimhaut auftragen. Je nach Bedarf auftragen. Verwenden Sie maximal zweimal t\u00e4glich, nicht mehr als 0,5 g des Produkts pro Tag.<\/p>\n<p>Ein Druck auf die Pumpe\u00a0<strong>gibt einen Tropfen von 0,05 ml ab<\/strong>\u00a0in denen je nach Konzentration ca.\u00a0<strong>2,5 mg, 5 mg und 7,5 mg CBD<\/strong>. Die Gesamtzahl der Tropfen in einer 10-ml-Flasche entspricht 200.<\/p>\n<p>Alle f\u00fcr die Herstellung des \u00d6ls verwendeten Zutaten sind nat\u00fcrlichen Ursprungs, und jede Charge wird in der Produktionsphase getestet. Die ENCANN-Produkte sind in dunklen Glasflaschen verpackt, die nicht mit dem \u00d6l reagieren. Mit Hilfe eines praktischen Spenders k\u00f6nnen Sie die Menge der Tropfen genau abmessen. Wir empfehlen, ENCANN-\u00d6l an einem k\u00fchlen und dunklen Ort oder im K\u00fchlschrank zu lagern. Auf der Schachtel finden Sie Informationen in Polnisch und Englisch.<\/p>\n<h6><img loading=\"lazy\" decoding=\"async\" class=\"aligncenter wp-image-427 size-full\" src=\"https:\/\/encann.pl\/wp-content\/uploads\/2020\/08\/porownanie-cen-olejkow-cbd-encann.png\" alt=\"Preistabelle pro Milligramm cbd encann\" width=\"368\" height=\"341\" srcset=\"https:\/\/encann.pl\/wp-content\/uploads\/2020\/08\/porownanie-cen-olejkow-cbd-encann.png 368w, https:\/\/encann.pl\/wp-content\/uploads\/2020\/08\/porownanie-cen-olejkow-cbd-encann-150x139.png 150w, https:\/\/encann.pl\/wp-content\/uploads\/2020\/08\/porownanie-cen-olejkow-cbd-encann-300x278.png 300w\" sizes=\"auto, (max-width: 368px) 100vw, 368px\" \/><\/h6>\n<h6>Informationen g\u00fcltig f\u00fcr Produkte, die nach dem 02.06.2020 in Verkehr gebracht werden. - Serie 0A oder sp\u00e4ter. CPNP-Referenznummer: 3347381 (ENCANN Gr\u00fcn); 3353805 (ENCANN Blau); 3353825 (ENCANN Violett). Kosmetische Mittel - \u00d6le zur Regeneration der Mundschleimhaut (topisch). Informationen zur Verwendung basieren auf dem Produktsicherheitsbericht Nr. 1\/2020\/ENCANN; 2\/2020\/ENCANN und 3\/2020\/ENCANN vom 28.05.2020.<\/h6>\n<p>\t\t\t\t<\/div>\n\t\t\t\t\t<\/div>\n\n\t\t\n\t\t<div class=\"wd-tab-content\">\n\t\t\t\t\t\t\t<div class=\"wd-entry-content\">\n\t\t\t\t\tDie Inhaltsstoffe des regenerativen CBD-\u00d6ls Encann\u00ae Blue 10% sind\u00a0<strong>ausschlie\u00dflich Produkte nat\u00fcrlichen Ursprungs.<\/strong>\u00a0Kaltgepresst\u00a0<strong>Hanfsamen\u00f6l<\/strong>,\u00a0<strong>Cannabinoide<\/strong>\u00a0aus der Pflanze Cannabis Sativa L., gemeinhin als Hanfsamen bekannt, und\u00a0<strong>Hanf-Terpene,\u00a0<\/strong>die unseren Produkten einen noch nie dagewesenen Synergieeffekt verleihen.<\/p>\n<p><em>Inhaltsstoffe: Cannabis-Sativa-Samen\u00f6l, Cannabidiol, gemischte Terpene.<\/em><\/p>\n<p>Das \u00d6l wurde in einer Anlage hergestellt, die den Standards der\u00a0<strong>ISO 9001<\/strong>,\u00a0<strong>Gefahrenanalyse und kritische Kontrollpunkte (HAACP)<\/strong>\u00a0und\u00a0<strong>Gute Herstellungspraxis (GMP).<\/strong><\/p>\n<p>Die in unserem \u00d6l verwendeten Inhaltsstoffe sind w\u00a0<strong>100% Erzeugnisse nat\u00fcrlichen Ursprungs<\/strong>\u00a0verarbeitet in\u00a0<strong>unter den Bedingungen einer strengen und strikten Kontrolle.<\/strong><\/p>\n<h6><img loading=\"lazy\" decoding=\"async\" class=\"size-full wp-image-426 aligncenter\" src=\"https:\/\/encann.pl\/wp-content\/uploads\/2020\/08\/sprawdz-roznice-miedzy-firmami-cbd.png\" alt=\"encann bietet niedrigere Preise f\u00fcr Cbd-\u00d6le und h\u00f6here Qualit\u00e4t\" width=\"368\" height=\"371\" srcset=\"https:\/\/encann.pl\/wp-content\/uploads\/2020\/08\/sprawdz-roznice-miedzy-firmami-cbd.png 368w, https:\/\/encann.pl\/wp-content\/uploads\/2020\/08\/sprawdz-roznice-miedzy-firmami-cbd-150x150.png 150w, https:\/\/encann.pl\/wp-content\/uploads\/2020\/08\/sprawdz-roznice-miedzy-firmami-cbd-298x300.png 298w, https:\/\/encann.pl\/wp-content\/uploads\/2020\/08\/sprawdz-roznice-miedzy-firmami-cbd-100x100.png 100w\" sizes=\"auto, (max-width: 368px) 100vw, 368px\" \/><\/h6>\n<p>\t\t\t\t<\/div>\n\t\t\t\t\t<\/div>\n\n\t\t\n\t\t<div class=\"wd-tab-content\">\n\t\t\t\t\t\t\t<div class=\"wd-entry-content\">\n\t\t\t\t\tZus\u00e4tzlich zu\u00a0<strong>kontinuierliche \u00dcberwachung<\/strong>\u00a0die Halbfertigprodukte und Rohstoffe, aus denen Encann-\u00d6le hergestellt werden, jede unserer Produktverpackungen ist mit\u00a0<strong>QR-Code<\/strong>das ist\u00a0<strong>eine Garantie f\u00fcr Qualit\u00e4t<\/strong>\u00a0i\u00a0<strong>Originalit\u00e4t<\/strong>\u00a0Produkte\u00a0<strong>Encann\u00ae.<\/strong>.<\/p>\n<p>Wenn Sie die Kamera Ihres Smartphones auf unseren einzigartigen QR-Code richten, werden Sie Folgendes sehen\u00a0<strong>Chargen-Zertifikate<\/strong>\u00a0Produktion einschlie\u00dflich:\u00a0<strong>zertifiziert f\u00fcr CBD- und THC-Gehalt<\/strong>Zertifikat f\u00fcr\u00a0<strong>Vorhandensein von Terpenen<\/strong>\u00a0und eine Laboruntersuchung zur Best\u00e4tigung\u00a0<strong>keine sch\u00e4dlichen Substanzen<\/strong>\u00a0im Produkt.<\/p>\n<p>Alle Zertifikate wurden erstellt in\u00a0<strong>extern<\/strong>,\u00a0<strong>unabh\u00e4ngig<\/strong>\u00a0<strong>Labor<\/strong>\u00a0die auf die Erforschung von Hanfprodukten spezialisiert ist.<\/p>\n<p>Auf diese Weise erhalten Sie\u00a0<strong>100% Gewissheit<\/strong> \u00fcber die Qualit\u00e4t unserer Produkte.<\/p>\n<p><strong>\u2713 Zertifiziert f\u00fcr CBD-Gehalt<\/strong><\/p>\n<p><strong>\u2713 Zertifiziert f\u00fcr Terpengehalt<\/strong><\/p>\n<p><strong>\u2713 Zertifiziert frei von Schwermetallen\u00a0<\/strong><\/p>\n<p>\t\t\t\t<\/div>\n\t\t\t\t\t<\/div>\n\n\t\t\t\t\t<\/div>\n\t\t<\/div>\n\n\t\t<\/div><\/div><\/div><div class=\"wpb_column vc_column_container vc_col-sm-2\"><div class=\"vc_column-inner\"><div class=\"wpb_wrapper\"><\/div><\/div><\/div><\/div>\n<\/div>","protected":false},"excerpt":{"rendered":"<div class=\"text text--opis\">\n<p>269,00 PLN\/ 1 St.<\/p>\n<\/div>","protected":false},"featured_media":551,"template":"","meta":[],"product_brand":[],"product_cat":[35,95,103],"product_tag":[],"class_list":{"0":"post-546","1":"product","2":"type-product","3":"status-publish","4":"has-post-thumbnail","6":"product_cat-olejki_cbd","7":"product_cat-wszystkie_produkty","8":"product_cat-zestawy","10":"first","11":"instock","12":"taxable","13":"shipping-taxable","14":"purchasable","15":"product-type-simple"},"_links":{"self":[{"href":"https:\/\/encann.pl\/de\/wp-json\/wp\/v2\/product\/546","targetHints":{"allow":["GET"]}}],"collection":[{"href":"https:\/\/encann.pl\/de\/wp-json\/wp\/v2\/product"}],"about":[{"href":"https:\/\/encann.pl\/de\/wp-json\/wp\/v2\/types\/product"}],"wp:featuredmedia":[{"embeddable":true,"href":"https:\/\/encann.pl\/de\/wp-json\/wp\/v2\/media\/551"}],"wp:attachment":[{"href":"https:\/\/encann.pl\/de\/wp-json\/wp\/v2\/media?parent=546"}],"wp:term":[{"taxonomy":"product_brand","embeddable":true,"href":"https:\/\/encann.pl\/de\/wp-json\/wp\/v2\/product_brand?post=546"},{"taxonomy":"product_cat","embeddable":true,"href":"https:\/\/encann.pl\/de\/wp-json\/wp\/v2\/product_cat?post=546"},{"taxonomy":"product_tag","embeddable":true,"href":"https:\/\/encann.pl\/de\/wp-json\/wp\/v2\/product_tag?post=546"}],"curies":[{"name":"wp","href":"https:\/\/api.w.org\/{rel}","templated":true}]}}