{"id":3150,"date":"2024-03-08T15:08:58","date_gmt":"2024-03-08T14:08:58","guid":{"rendered":"https:\/\/encann.pl\/?post_type=product&#038;p=3150"},"modified":"2026-04-10T14:17:10","modified_gmt":"2026-04-10T12:17:10","slug":"coriolus-rosacea-30-90-caps","status":"publish","type":"product","link":"https:\/\/encann.pl\/en\/product\/coriolus-rosacea-30-90-caps\/","title":{"rendered":"3x CORIOLUS Wroxwort Pink-colored 30% (3\u00d790 caps)."},"content":{"rendered":"<div class=\"wpb-content-wrapper\"><div class=\"vc_row wpb_row vc_row-fluid\"><div class=\"wpb_column vc_column_container vc_col-sm-2\"><div class=\"vc_column-inner\"><div class=\"wpb_wrapper\"><\/div><\/div><\/div><div class=\"wpb_column vc_column_container vc_col-sm-8\"><div class=\"vc_column-inner\"><div class=\"wpb_wrapper\">\n\t\t<div id=\"wd-66d5accc58ce5\" class=\"wd-tabs wd-wpb wd-rs-66d5accc58ce5 tabs-design-default\">\n\t\t\t<div class=\"wd-tabs-header text-center\">\n\t\t\t\t\n\t\t\t\t\n\t\t\t\t<div class=\"wd-nav-wrapper wd-nav-tabs-wrapper wd-mb-action-swipe\">\n\t\t\t\t\t<ul class=\"wd-nav wd-nav-tabs wd-icon-pos-left wd-style-default font-primary wd-fontsize-s wd-font-weight-600\">\n\t\t\t\t\t\t\t\t\t\t\t\t\t\n\t\t\t\t\t\t\t<li>\n\t\t\t\t\t\t\t\t<a href=\"#\" class=\"wd-nav-link\">\n\t\t\t\t\t\t\t\t\t\t\t\t\t\t\t\t\t\t<span class=\"nav-link-text wd-tabs-title\">\n\t\t\t\t\t\t\t\t\t\tPRODUCT DESCRIPTION\t\t\t\t\t\t\t\t\t<\/span>\n\t\t\t\t\t\t\t\t<\/a>\n\t\t\t\t\t\t\t<\/li>\n\n\t\t\t\t\t\t\t\t\t\t\t\t\t\n\t\t\t\t\t\t\t<li>\n\t\t\t\t\t\t\t\t<a href=\"#\" class=\"wd-nav-link\">\n\t\t\t\t\t\t\t\t\t\t\t\t\t\t\t\t\t\t<span class=\"nav-link-text wd-tabs-title\">\n\t\t\t\t\t\t\t\t\t\tComposition\t\t\t\t\t\t\t\t\t<\/span>\n\t\t\t\t\t\t\t\t<\/a>\n\t\t\t\t\t\t\t<\/li>\n\n\t\t\t\t\t\t\t\t\t\t\t\t\t\n\t\t\t\t\t\t\t<li>\n\t\t\t\t\t\t\t\t<a href=\"#\" class=\"wd-nav-link\">\n\t\t\t\t\t\t\t\t\t\t\t\t\t\t\t\t\t\t<span class=\"nav-link-text wd-tabs-title\">\n\t\t\t\t\t\t\t\t\t\tResearch\t\t\t\t\t\t\t\t\t<\/span>\n\t\t\t\t\t\t\t\t<\/a>\n\t\t\t\t\t\t\t<\/li>\n\n\t\t\t\t\t\t\n\t\t\t\t\t<\/ul>\n\t\t\t\t<\/div>\n\t\t\t<\/div>\n\n\t\t\t<div class=\"wd-tabs-content-wrapper\">\n\t\t\t\t\n\t\t<div class=\"wd-tab-content\">\n\t\t\t\t\t\t\t<div class=\"wd-entry-content\">\n\t\t\t\t\t<\/p>\n<p class=\"p1\">Coriolus Encann\u00ae product is a pure extract derived from\u00a0<strong>fruiting bodies<\/strong>\u00a0Coriolus Versicolor mushroom. This adaptogenic mushroom has been widely used for centuries in Chinese folk medicine, and since the 1980s it has also been used in the pharmaceutical industry around the world, among others.<\/p>\n<p class=\"p1\">In 1 capsule we fit as many as\u00a0<strong>550 mg standardized to a minimum of 30% polysaccharides<\/strong> Extract from the fruiting bodies of Rosaceae. The set contains 270 capsules (3 packs of 90 capsules).<\/p>\n<p class=\"p1\"><strong>It contains no artificial additives or fillers.<\/strong>\u00a0Coriolus from Encann\u00ae is\u00a0<strong>top<\/strong>\u00a0dose of the extract in one capsule currently available on the Polish market.<\/p>\n<p>The raw material from which the extract was made comes from organic cultivation in the EU.<\/p>\n<p class=\"p1\">Under the tab\u00a0<strong>composition\u00a0<\/strong>you will find more information about raw materials and production.<\/p>\n<p>Under the tab\u00a0<strong>research<\/strong>\u00a0you will find information about the confirmed benefits of the Trametes Versicolor fungus.<\/p>\n<h6 class=\"p1\"><em><img loading=\"lazy\" decoding=\"async\" class=\"aligncenter wp-image-3155 size-medium\" src=\"https:\/\/encann.pl\/wp-content\/uploads\/2024\/03\/encann_coriolus-300x253.png\" alt=\"\" width=\"300\" height=\"253\" srcset=\"https:\/\/encann.pl\/wp-content\/uploads\/2024\/03\/encann_coriolus-300x253.png 300w, https:\/\/encann.pl\/wp-content\/uploads\/2024\/03\/encann_coriolus-600x506.png 600w, https:\/\/encann.pl\/wp-content\/uploads\/2024\/03\/encann_coriolus-150x126.png 150w, https:\/\/encann.pl\/wp-content\/uploads\/2024\/03\/encann_coriolus.png 764w\" sizes=\"auto, (max-width: 300px) 100vw, 300px\" \/><\/em><\/h6>\n<h6 class=\"p1\"><em>\u00a0<\/em><\/h6>\n<h6 class=\"p1\"><em>The EU Directory of Novel Foods designates Trametes Versicolor as a \"novel food\" and currently does not allow it to be introduced in human food products within the EU. As an approved human food, it is in many Asian and South American countries, among others.<\/em><em>Coriolus Encann\u00ae 90 capsules is not a food as defined by Regulation (EU) No. 1169\/2011 of the European Parliament and of the Council. Coriolus Encann\u00ae 90 capsules is a complementary feed for dogs. Application: 1 capsule per 20kg of body weight. Manufactured in Poland under WNI: PL1417010p. Administer directly or pour the contents of the capsule into the food.<\/em><\/h6>\n<p>\t\t\t\t<\/div>\n\t\t\t\t\t<\/div>\n\n\t\t\n\t\t<div class=\"wd-tab-content\">\n\t\t\t\t\t\t\t<div class=\"wd-entry-content\">\n\t\t\t\t\t<strong>Ingredients: Extract of Rosaceae (Trametes Versicolor) 550 mg, HPMC (capsule).<\/strong><\/p>\n<p><strong>270 capsules with a net weight of 180.9 g per package.<\/strong><\/p>\n<p>Extract standardized to a minimum of\u00a0<strong>30% polysaccharides.<\/strong><\/p>\n<p>The extract is rich in\u00a0<strong>beta- glucans, polysaccharide PSK and PSP, terpenes<\/strong>\u00a0and other scientifically valuable compounds.<\/p>\n<p class=\"p1\">Wroxham used in the production is grown in the area\u00a0<strong>EU<\/strong>\u00a0in crops having\u00a0<strong>environmental accreditation<\/strong>\u00a0confirmed by the relevant certificate.<\/p>\n<p class=\"p1\">Our raw material comes from the European Union, not China, as in most competing products on the market. We created the finished product in Poland, so we have real control over the entire process and confidence that the raw materials used meet strict EU standards.<\/p>\n<p><strong>Coriolus Encann\u00ae contains no synthetic polysaccharides, fillers or preservatives.<\/strong><\/p>\n<p>The water-alcohol extraction method ensures the extraction of exceptionally\u00a0<strong>of the broad spectrum of substances found in the fruiting bodies of Wroxhamus.\u00a0<\/strong><\/p>\n<p>Laboratory test performed by J.S. Hamilton Poland Sp. z o.o. on behalf of Encann sp. z o.o. - owner of the Encann brand. Samples of Encann Coriolus product were subjected to the test. The test was conducted in accordance with an accredited method. All results presented in the report are below the maximum levels of contamination.<\/p>\n<p><a href=\"https:\/\/encann.pl\/wp-content\/uploads\/2024\/03\/2024-05-02-09-16-14-TemplateJSHPL-PL-239607-24-gdy-1.png\" target=\"_blank\" rel=\"noopener\"><img loading=\"lazy\" decoding=\"async\" class=\"alignnone size-full wp-image-3252 entered lazyloaded\" src=\"https:\/\/encann.pl\/wp-content\/uploads\/2024\/03\/2024-05-02-09-16-14-TemplateJSHPL-PL-239607-24-gdy-1.png\" sizes=\"auto, (max-width: 787px) 100vw, 787px\" srcset=\"https:\/\/encann.pl\/wp-content\/uploads\/2024\/03\/2024-05-02-09-16-14-TemplateJSHPL-PL-239607-24-gdy-1.png 787w, https:\/\/encann.pl\/wp-content\/uploads\/2024\/03\/2024-05-02-09-16-14-TemplateJSHPL-PL-239607-24-gdy-1-212x300.png 212w, https:\/\/encann.pl\/wp-content\/uploads\/2024\/03\/2024-05-02-09-16-14-TemplateJSHPL-PL-239607-24-gdy-1-723x1024.png 723w, https:\/\/encann.pl\/wp-content\/uploads\/2024\/03\/2024-05-02-09-16-14-TemplateJSHPL-PL-239607-24-gdy-1-768x1087.png 768w, https:\/\/encann.pl\/wp-content\/uploads\/2024\/03\/2024-05-02-09-16-14-TemplateJSHPL-PL-239607-24-gdy-1-600x849.png 600w\" alt=\"\" width=\"787\" height=\"1114\" data-lazy-srcset=\"https:\/\/encann.pl\/wp-content\/uploads\/2024\/03\/2024-05-02-09-16-14-TemplateJSHPL-PL-239607-24-gdy-1.png 787w, https:\/\/encann.pl\/wp-content\/uploads\/2024\/03\/2024-05-02-09-16-14-TemplateJSHPL-PL-239607-24-gdy-1-212x300.png 212w, https:\/\/encann.pl\/wp-content\/uploads\/2024\/03\/2024-05-02-09-16-14-TemplateJSHPL-PL-239607-24-gdy-1-723x1024.png 723w, https:\/\/encann.pl\/wp-content\/uploads\/2024\/03\/2024-05-02-09-16-14-TemplateJSHPL-PL-239607-24-gdy-1-768x1087.png 768w, https:\/\/encann.pl\/wp-content\/uploads\/2024\/03\/2024-05-02-09-16-14-TemplateJSHPL-PL-239607-24-gdy-1-600x849.png 600w\" data-lazy-sizes=\"(max-width: 787px) 100vw, 787px\" data-lazy-src=\"https:\/\/encann.pl\/wp-content\/uploads\/2024\/03\/2024-05-02-09-16-14-TemplateJSHPL-PL-239607-24-gdy-1.png\" data-ll-status=\"loaded\" \/><\/a>\t\t\t\t<\/div>\n\t\t\t\t\t<\/div>\n\n\t\t\n\t\t<div class=\"wd-tab-content\">\n\t\t\t\t\t\t\t<div class=\"wd-entry-content\">\n\t\t\t\t\t<strong>We encourage you to read widely about the research on Rosaceae, below are selected scientific publications*<\/strong><\/p>\n<h6>*The statements given refer to studies on the fungus Trametes Versicolor, not on the product Coriolus Encann\u00ae 90 capsules. These are not statements regarding the medicinal properties of the offered product. In accordance with the wording of EUROPEAN PARLIAMENT AND COUNCIL Regulation (EC) No 767\/2009, verifiable scientific evidence on studies on the use of the Trametes Versicolor mushroom is presented on this page.<\/h6>\n<p>&nbsp;<\/p>\n<p><strong><em>Extensive research of a mycochemical nature has proven the presence in fruiting bodies of a number of compounds responsible for multidirectional medicinal effects. These include polysaccharides, protein-polysaccharide complexes, phenolic compounds, fatty acids, terpenes and others. The best-known compounds isolated from Trametes versicolor are PSK and PSP. PSK (Polysaccharide K - Krestin), used in Japan as an adjuvant in cancer therapy, is considered the first approved drug of fungal origin. And PSP (Polysaccharide Peptide) is used in China for its immunomodulatory properties. Extracts from the fruiting bodies, as well as individual isolated compounds, show biological activities of antioxidant, antibacterial, antiviral (including anti-HIV), antidiabetic, hepatoprotective or analgesic nature, among others.\u00a0<\/em><\/strong><\/p>\n<h6><em>Source: Katarzyna Su\u0142kowska-Ziaja, Bo\u017cena Muszy\u0144ska, Kinga Sa\u0142aciak, Alicja Gawalska, Post\u0119py Fitoterapii 4\/2016, pp. 274-281<\/em><\/h6>\n<p>&nbsp;<\/p>\n<p><strong><em>Coriolus versicolor is one of the well-known traditional medicinal mushrooms used in China for more than 2,000 years. Polysaccharopeptide (PSP) has been identified as the main bioactive component that can be obtained from the mycelium (fruiting bodies) or fermentation wort of Coriolus versicolor. The polysaccharide content of PSP is ~60%, and the peptide content of PSP is ~10-30%. The main monosaccharides found in PSP include glucose, mannose and a small amount of galactose, xylose and fucose. \u03b2-Glucan is one of the identified components of PSP with an established immunomodulatory function. PSP has been approved by authorities and has been used clinically in Japan and China since the 1970s. PSP is helpful in improving the survival and quality of life of patients suffering from cancer, hepatopathy, hyperlipidemia, chronic bronchitis and other complex diseases<\/em><\/strong><\/p>\n<h6><em>Source: https:\/\/pubmed.ncbi.nlm.nih.gov\/31030754\/<\/em><\/h6>\n<p>&nbsp;<\/p>\n<p><em><strong>Coriolus active ingredients exhibit cytotoxic and anti-tumor activity against many cancer cells; cancer lines and types, including leukemia, lymphoma, esophageal, colon, breast, stomach, liver, lung, bladder cancer, stomach cancer and various other types of cancer. The substances are believed to induce apoptosis and prevent angiogenesis through the production of glutathione peroxidase and superoxide dismutase, anti-inflammatory effects and a general enhancement of the immune system.<\/strong><\/em><\/p>\n<h6><em>Sources: 1. Chu KKW, Ho SSS, Chow AHL. Coriolus versicolor: a medicinal mushroom with promising immunotherapeutic values. J Clin Pharmacol. 2002;42(9):976-84.<\/em><\/h6>\n<h6><em>2. Mitomi T, Tsuchiya S, Iijima N, Aso K, Suzuki K, Nishiyama IIK, et al. Randomized , Controlled Study on Adjuvant Immunochemotherapy with PSK in Curatively Resected Colorectal Cancer. Dis Colon Rectum. 1992;35:123-30.<\/em><\/h6>\n<h6><em>3. imaizumi M, Kondo T, Kamei H, Ichihashi H. Cooperative studies on surgical adjuvant immunochemotherapy for prevention of postoperative recurrence of gastric cancer. Gan to kagaku ryoho. Cancer &amp; chemotherapy. 1984 p. 60<\/em><\/h6>\n<p>&nbsp;<\/p>\n<p><strong><em>The \u03b2-glucans from the wormwood have antiviral properties. They increase the body's immune response.<\/em><\/strong><\/p>\n<h6><em>Source:https:\/\/www.ncbi.nlm.nih.gov\/pmc\/articles\/PMC8880503\/<\/em><\/h6>\n<p>&nbsp;<\/p>\n<p><strong><em>Polysaccharadides from Wroxham has shown protective effects with chemotherapy and against the side effects of chemotherapy.\u00a0 \u00a0<\/em><\/strong><\/p>\n<h6><em>Sources: 1. https:\/\/pubmed.ncbi.nlm.nih.gov\/7606203\/<\/em><\/h6>\n<h6><em>2. https:\/\/pubmed.ncbi.nlm.nih.gov\/8318880\/<\/em><\/h6>\n<p>&nbsp;<\/p>\n<p><em><strong>The active substances of the innominate promote the formation of new neural branching in the brain.<\/strong><\/em><\/p>\n<h6><em>Source:https:\/\/www.ncbi.nlm.nih.gov\/pmc\/articles\/PMC6152478\/<\/em><\/h6>\n<p>\t\t\t\t<\/div>\n\t\t\t\t\t<\/div>\n\n\t\t\t\t\t<\/div>\n\t\t<\/div>\n\n\t\t<\/div><\/div><\/div><div class=\"wpb_column vc_column_container vc_col-sm-2\"><div class=\"vc_column-inner\"><div class=\"wpb_wrapper\"><\/div><\/div><\/div><\/div>\n<\/div>","protected":false},"excerpt":{"rendered":"<p><em>270 capsules (PLN 1.11\/capsule)<\/em><\/p>\n<h1><strong>Coriolus Encann\u00ae<\/strong><\/h1>\n<p>Extract of <strong>Variegated Wroxham (Turkey Tail).<\/strong><\/p>\n<p><span style=\"color: #999999;\"><em>(lac. Trametes Versicolor; Coriolus Versicolor)<\/em><\/span><\/p>\n<p><strong>550 mg<\/strong> Extract in 1 capsule<\/p>\n<p>Standardized on <strong>30% Polysaccharides<\/strong> (including PSP, PSK, Beta- glucans).<\/p>","protected":false},"featured_media":3808,"template":"","meta":[],"product_brand":[],"product_cat":[95,97,103],"product_tag":[],"class_list":{"0":"post-3150","1":"product","2":"type-product","3":"status-publish","4":"has-post-thumbnail","6":"product_cat-wszystkie_produkty","7":"product_cat-adaptsense","8":"product_cat-zestawy","10":"first","11":"instock","12":"taxable","13":"shipping-taxable","14":"purchasable","15":"product-type-simple"},"_links":{"self":[{"href":"https:\/\/encann.pl\/en\/wp-json\/wp\/v2\/product\/3150","targetHints":{"allow":["GET"]}}],"collection":[{"href":"https:\/\/encann.pl\/en\/wp-json\/wp\/v2\/product"}],"about":[{"href":"https:\/\/encann.pl\/en\/wp-json\/wp\/v2\/types\/product"}],"wp:featuredmedia":[{"embeddable":true,"href":"https:\/\/encann.pl\/en\/wp-json\/wp\/v2\/media\/3808"}],"wp:attachment":[{"href":"https:\/\/encann.pl\/en\/wp-json\/wp\/v2\/media?parent=3150"}],"wp:term":[{"taxonomy":"product_brand","embeddable":true,"href":"https:\/\/encann.pl\/en\/wp-json\/wp\/v2\/product_brand?post=3150"},{"taxonomy":"product_cat","embeddable":true,"href":"https:\/\/encann.pl\/en\/wp-json\/wp\/v2\/product_cat?post=3150"},{"taxonomy":"product_tag","embeddable":true,"href":"https:\/\/encann.pl\/en\/wp-json\/wp\/v2\/product_tag?post=3150"}],"curies":[{"name":"wp","href":"https:\/\/api.w.org\/{rel}","templated":true}]}}