{"id":3815,"date":"2024-09-03T18:37:34","date_gmt":"2024-09-03T16:37:34","guid":{"rendered":"https:\/\/encann.pl\/?post_type=product&#038;p=3815"},"modified":"2026-04-16T14:16:44","modified_gmt":"2026-04-16T12:16:44","slug":"ashwagandha-extract-in-liquid-3x-50-ml-150-ml","status":"publish","type":"product","link":"https:\/\/encann.pl\/en\/product\/ashwagandha-extract-in-liquid-3x-50-ml-150-ml\/","title":{"rendered":"Ashwagandha Liquid Extract 3\u00d750 ml (150 ml)"},"content":{"rendered":"<div class=\"wpb-content-wrapper\"><div class=\"vc_row wpb_row vc_row-fluid\"><div class=\"wpb_column vc_column_container vc_col-sm-2\"><div class=\"vc_column-inner\"><div class=\"wpb_wrapper\"><\/div><\/div><\/div><div class=\"wpb_column vc_column_container vc_col-sm-8\"><div class=\"vc_column-inner\"><div class=\"wpb_wrapper\">\n\t\t<div id=\"wd-66d5accc58ce5\" class=\"wd-tabs wd-wpb wd-rs-66d5accc58ce5 tabs-design-default \">\n\t\t\t<div class=\"wd-tabs-header text-center\">\n\t\t\t\t\n\t\t\t\t\n\t\t\t\t<div class=\"wd-nav-wrapper wd-nav-tabs-wrapper wd-mb-action-swipe\">\n\t\t\t\t\t<ul class=\"wd-nav wd-nav-tabs wd-icon-pos-left wd-style-default font-primary wd-fontsize-s wd-font-weight-600\">\n\t\t\t\t\t\t\t\t\t\t\t\t\t\n\t\t\t\t\t\t\t<li>\n\t\t\t\t\t\t\t\t<a href=\"#\" class=\"wd-nav-link\">\n\t\t\t\t\t\t\t\t\t\t\t\t\t\t\t\t\t\t<span class=\"nav-link-text wd-tabs-title\">\n\t\t\t\t\t\t\t\t\t\tOPIS PRODUKTU\t\t\t\t\t\t\t\t\t<\/span>\n\t\t\t\t\t\t\t\t<\/a>\n\t\t\t\t\t\t\t<\/li>\n\n\t\t\t\t\t\t\t\t\t\t\t\t\t\n\t\t\t\t\t\t\t<li>\n\t\t\t\t\t\t\t\t<a href=\"#\" class=\"wd-nav-link\">\n\t\t\t\t\t\t\t\t\t\t\t\t\t\t\t\t\t\t<span class=\"nav-link-text wd-tabs-title\">\n\t\t\t\t\t\t\t\t\t\tSk\u0142ad\t\t\t\t\t\t\t\t\t<\/span>\n\t\t\t\t\t\t\t\t<\/a>\n\t\t\t\t\t\t\t<\/li>\n\n\t\t\t\t\t\t\t\t\t\t\t\t\t\n\t\t\t\t\t\t\t<li>\n\t\t\t\t\t\t\t\t<a href=\"#\" class=\"wd-nav-link\">\n\t\t\t\t\t\t\t\t\t\t\t\t\t\t\t\t\t\t<span class=\"nav-link-text wd-tabs-title\">\n\t\t\t\t\t\t\t\t\t\tBadania naukowe\t\t\t\t\t\t\t\t\t<\/span>\n\t\t\t\t\t\t\t\t<\/a>\n\t\t\t\t\t\t\t<\/li>\n\n\t\t\t\t\t\t\n\t\t\t\t\t<\/ul>\n\t\t\t\t<\/div>\n\t\t\t<\/div>\n\n\t\t\t<div class=\"wd-tabs-content-wrapper\">\n\t\t\t\t\n\t\t<div class=\"wd-tab-content\">\n\t\t\t\t\t\t\t<div class=\"wd-entry-content\">\n\t\t\t\t\t<\/p>\n<h3>P\u0142ynny ekstrakt z Ashwagandhy (Witania ospa\u0142a \/ Withania somnifera) (zestaw 3&#215;50 ml)<\/h3>\n<p class=\"p1\">Produkt Ashwagandha Extract Encann\u00ae\u00a0 powstaje w wyniku ekstrakcji wodno- alkoholowej korzenia Witanii ospa\u0142ej (Ashwagandhy) i skoncentrowaniu go w najwy\u017cszym, mo\u017cliwym st\u0119\u017ceniu.<\/p>\n<p class=\"p1\">Ashwagandha, po polsku znana jako witania ospa\u0142a, po \u0142acinie jako Withania somnifera jest jednym z najbardziej cenionych zi\u00f3\u0142 w ajurwedzie, tradycyjnej medycynie indyjskiej. Ta ro\u015blina jest wykorzystywana od tysi\u0119cy lat do wspomagania zdrowia i poprawy jako\u015bci \u017cycia. Ashwagandha znana jest ze swojej zdolno\u015bci do zmniejszania poziomu stresu, pomagaj\u0105c organizmowi radzi\u0107 sobie z codziennym napi\u0119ciem psychicznym.<\/p>\n<p class=\"p1\">Ta adaptogenna ro\u015blina wspomaga regulacj\u0119 poziomu kortyzolu, zwanego hormonem stresu, co przyczynia si\u0119 do lepszego samopoczucia.<\/p>\n<p class=\"p1\">Ashwagandha (Withania somnifera) mo\u017ce sprzyja\u0107 lepszej jako\u015bci snu, co jest kluczowe dla og\u00f3lnej regeneracji organizmu i dobrego zdrowia.<\/p>\n<p>Regularne spo\u017cywanie ashwagandhy mo\u017ce przyczynia\u0107 si\u0119 do poprawy funkcji poznawczych, takich jak pami\u0119\u0107 i zdolno\u015b\u0107 koncentracji. Dzi\u0119ki swoim w\u0142a\u015bciwo\u015bciom antyoksydacyjnym, ro\u015blina ta mo\u017ce pomaga\u0107 w ochronie kom\u00f3rek przed szkodliwym dzia\u0142aniem wolnych rodnik\u00f3w. Ashwagandha jest tak\u017ce stosowana w celu wsparcia zdrowia serca. Ponadto, mo\u017ce wspiera\u0107 system immunologiczny, zwi\u0119kszaj\u0105c odporno\u015b\u0107 organizmu na infekcje. Wiele bada\u0144 wskazuje, \u017ce mo\u017ce ona r\u00f3wnie\u017c poprawia\u0107 wydolno\u015b\u0107 fizyczn\u0105 i si\u0142\u0119 mi\u0119\u015bniow\u0105, co jest korzystne dla os\u00f3b aktywnych fizycznie. Ta adaptogenna ro\u015blina mo\u017ce r\u00f3wnie\u017c przyczynia\u0107 si\u0119 do poprawy nastroju.<\/p>\n<p><b>Nutraceutyki AdaptSense<\/b>\u00a0od Encann\u00ae powstaj\u0105ce na bazie ro\u015blin adaptogennych, cz\u0119sto okre\u015blanych jako \u017cywno\u015b\u0107 funkcjonalna, zdobywaj\u0105 coraz wi\u0119ksz\u0105 popularno\u015b\u0107 jako forma suplementacji, i to z kilku wa\u017cnych powod\u00f3w. W przeciwie\u0144stwie do syntetycznych suplement\u00f3w,\u00a0<b>nutraceutyki<\/b>\u00a0s\u0105\u00a0 lepiej przyswajane przez organizm. Naturalne sk\u0142adniki s\u0105 \u0142atwiej rozpoznawalne przez cia\u0142o, co zwi\u0119ksza ich skuteczno\u015b\u0107. Jako produkty naturalne, nutraceutyki zazwyczaj maj\u0105 mniej skutk\u00f3w ubocznych w por\u00f3wnaniu do tradycyjnych farmaceutyk\u00f3w i syntetycznych suplement\u00f3w. Przede wszystkim jednak, adaptogeny wykazuj\u0105 wysokie dzia\u0142anie synergiczne pomi\u0119dzy sob\u0105.<\/p>\n<p class=\"p1\"><strong>W 1 porcji dziennej zmie\u015bcili\u015bmy a\u017c 2000 mg korzenia ashwagandhy oraz do 10 mg witanolid\u00f3w. Zalecana dzienna porcja do spo\u017cycia: 1,5 g produktu (tj. 40 kropli lub 2 naci\u0105gni\u0119cia pipety). Stosowa\u0107 pod j\u0119zyk lub dodawa\u0107 do jedzenia\/napoj\u00f3w.<\/strong><\/p>\n<p class=\"p1\">Korze\u0144 tej magicznej w dzia\u0142aniu ro\u015bliny zosta\u0142 wysuszony, wyekstrahowany, a nast\u0119pnie rozpuszczony w alkoholu z wod\u0105, aby wyci\u0105gn\u0105\u0107 z niego to, co najlepsze.<\/p>\n<p class=\"p1\"><strong>Nie zawiera sztucznych dodatk\u00f3w, ani wype\u0142niaczy.<\/strong>\u00a0Ekstrakty od Encann\u00ae to\u00a0<strong>najwy\u017csza<\/strong>\u00a0dawka substancji czynnej w\u00a0 jednej dziennej dawce.<\/p>\n<p class=\"p1\">W zak\u0142adce\u00a0<strong>sk\u0142ad\u00a0<\/strong>znajdziesz wi\u0119cej informacji o surowcach i produkcji.<\/p>\n<p>W zak\u0142adce\u00a0<strong>badania naukowe<\/strong>\u00a0znajdziesz informacje o potwierdzonych zaletach Ashwagandhy.<\/p>\n<h6 class=\"p1\"><img loading=\"lazy\" decoding=\"async\" class=\"wp-image-3213 size-medium aligncenter\" src=\"https:\/\/encann.pl\/wp-content\/uploads\/2024\/04\/ashwagandha-ekstrakt-encann-dzialanie-300x263.png\" alt=\"\" width=\"300\" height=\"263\" srcset=\"https:\/\/encann.pl\/wp-content\/uploads\/2024\/04\/ashwagandha-ekstrakt-encann-dzialanie-300x263.png 300w, https:\/\/encann.pl\/wp-content\/uploads\/2024\/04\/ashwagandha-ekstrakt-encann-dzialanie-600x525.png 600w, https:\/\/encann.pl\/wp-content\/uploads\/2024\/04\/ashwagandha-ekstrakt-encann-dzialanie-150x131.png 150w, https:\/\/encann.pl\/wp-content\/uploads\/2024\/04\/ashwagandha-ekstrakt-encann-dzialanie-1200x1050.png 1200w, https:\/\/encann.pl\/wp-content\/uploads\/2024\/04\/ashwagandha-ekstrakt-encann-dzialanie-1024x896.png 1024w, https:\/\/encann.pl\/wp-content\/uploads\/2024\/04\/ashwagandha-ekstrakt-encann-dzialanie-768x672.png 768w, https:\/\/encann.pl\/wp-content\/uploads\/2024\/04\/ashwagandha-ekstrakt-encann-dzialanie-1536x1344.png 1536w, https:\/\/encann.pl\/wp-content\/uploads\/2024\/04\/ashwagandha-ekstrakt-encann-dzialanie.png 1682w\" sizes=\"auto, (max-width: 300px) 100vw, 300px\" \/><\/h6>\n<h6 class=\"p1\">Ten produkt to suplement diety. Nie przekracza\u0107 zalecanej porcji do spo\u017cycia w ci\u0105gu dnia. Suplementy diety nie mog\u0105 by\u0107 stosowane jako substytut (zamiennik) zr\u00f3\u017cnicowanej diety. Suplementy diety powinny by\u0107 przechowywane w spos\u00f3b niedost\u0119pny dla ma\u0142ych dzieci. Wyprodukowano w Polsce. Data przydatno\u015bci do spo\u017cycia znajduje si\u0119 na opakowaniu- wynosi minimum rok od chwili zakupu. Podmiot odpowiedzialny: Encann sp. z o. o.<\/h6>\n<p>\t\t\t\t<\/div>\n\t\t\t\t\t<\/div>\n\n\t\t\n\t\t<div class=\"wd-tab-content\">\n\t\t\t\t\t\t\t<div class=\"wd-entry-content\">\n\t\t\t\t\t<strong>Sk\u0142ad: Ekstrakt z korzenia Ashwagandhy, woda, etanol.<\/strong><\/p>\n<p><em>Wodno-alkoholowy roztw\u00f3r ekstraktu z korzenia Witanii Ospa\u0142ej (Withania somnifera)<\/em><\/p>\n<p><em><strong>W opakowaniu<\/strong><\/em><\/p>\n<p><strong>198 000 mg<\/strong>\u00a0Ashwagandhy\u00a0 w przeliczeniu na suchy korze\u0144.<\/p>\n<p>(Ekstrakt wodno-alkoholowy DER 5:1)<\/p>\n<p><em><strong>W zalecanej dziennej porcji<\/strong><\/em><\/p>\n<p><strong>2000 mg<\/strong> Ashwagandhy i do 10 mg witanolid\u00f3w.<\/p>\n<p>(Ekstrakt wodno-alkoholowy DER 5:1)<\/p>\n<p><strong>Ashwagandha AdaptSense Encann\u00ae nie zawiera syntetycznych sk\u0142adnik\u00f3w, wype\u0142niaczy czy konserwant\u00f3w.<\/strong><\/p>\n<p>Wodno-alkoholowa metoda ekstrakcji zapewnia pozyskanie wyj\u0105tkowo\u00a0<strong>szerokiego spektrum substancji znajduj\u0105cych si\u0119 w Ashwagandzie.<\/strong><\/p>\n<p>Badanie wykonane przez J.S. Hamilton Poland Sp. z o.o. na zlecenie Encann sp. z o.o. \u2013 w\u0142a\u015bciciela marki Encann. Badaniu podlega\u0142y pr\u00f3bki ekstraktu Adaptsense w formie p\u0142ynnej. Badanie zosta\u0142o przeprowadzone zgodnie z akredytowan\u0105 metod\u0105. Wszystkie wyniki przedstawione w sprawozdaniu s\u0105 poni\u017cej najwy\u017cszych dopuszczalnych poziom\u00f3w zanieczyszcze\u0144 okre\u015blonych w rozporz\u0105dzeniu Komisji (WE) nr 1881\/2006 z dnia 19 grudnia 2006 r.\u00a0<b>Oznacza to, \u017ce ekstrakt Adaptsense w formie p\u0142ynnej jest bezpieczny dla spo\u017cycia.<\/b><\/p>\n<p><img loading=\"lazy\" decoding=\"async\" class=\"alignnone size-full wp-image-3253\" src=\"https:\/\/encann.pl\/wp-content\/uploads\/2024\/04\/2024-04-30-07-21-30-TemplateJSHPL-PL-239606-24-gdy-1-1.png\" alt=\"\" width=\"787\" height=\"1114\" srcset=\"https:\/\/encann.pl\/wp-content\/uploads\/2024\/04\/2024-04-30-07-21-30-TemplateJSHPL-PL-239606-24-gdy-1-1.png 787w, https:\/\/encann.pl\/wp-content\/uploads\/2024\/04\/2024-04-30-07-21-30-TemplateJSHPL-PL-239606-24-gdy-1-1-600x849.png 600w, https:\/\/encann.pl\/wp-content\/uploads\/2024\/04\/2024-04-30-07-21-30-TemplateJSHPL-PL-239606-24-gdy-1-1-150x212.png 150w, https:\/\/encann.pl\/wp-content\/uploads\/2024\/04\/2024-04-30-07-21-30-TemplateJSHPL-PL-239606-24-gdy-1-1-212x300.png 212w, https:\/\/encann.pl\/wp-content\/uploads\/2024\/04\/2024-04-30-07-21-30-TemplateJSHPL-PL-239606-24-gdy-1-1-723x1024.png 723w, https:\/\/encann.pl\/wp-content\/uploads\/2024\/04\/2024-04-30-07-21-30-TemplateJSHPL-PL-239606-24-gdy-1-1-768x1087.png 768w\" sizes=\"auto, (max-width: 787px) 100vw, 787px\" \/>\t\t\t\t<\/div>\n\t\t\t\t\t<\/div>\n\n\t\t\n\t\t<div class=\"wd-tab-content\">\n\t\t\t\t\t\t\t<div class=\"wd-entry-content\">\n\t\t\t\t\t<strong>Literatura medyczna w szeroki spos\u00f3b odnosi si\u0119 do prozdrowotnego dzia\u0142ania Ashwagandhy. Poni\u017cej przedstawiamy wybrane badania.<\/strong><\/p>\n<p><strong>Dzia\u0142anie przeciwstresowe<\/strong><\/p>\n<p>Wsp\u00f3\u0142czesne \u017cycie cz\u0119sto niesie ze sob\u0105 wysoki poziom stresu, co mo\u017ce prowadzi\u0107 do r\u00f3\u017cnorodnych negatywnych stan\u00f3w psychicznych, w tym depresji. W takich sytuacjach pomocne mog\u0105 okaza\u0107 si\u0119 adaptogeny, czyli naturalne substancje ro\u015blinne, kt\u00f3re zwi\u0119kszaj\u0105 odporno\u015b\u0107 organizmu na stres. W. somnifera, znana r\u00f3wnie\u017c jako ashwagandha, jest jednym z popularnych adaptogen\u00f3w. Badania przeprowadzone przez Khana i wsp\u00f3\u0142pracownik\u00f3w [22] wykaza\u0142y, \u017ce wodny ekstrakt tej ro\u015bliny podawany myszom potrafi\u0142 zniwelowa\u0107 negatywne skutki stresu. Dodatkowo, obecne w ashwagandzie glikowitanolidy, kt\u00f3re podano szczurom z indukowanym l\u0119kiem pentetrazolem, obni\u017cy\u0142y poziom tribuliny (markera l\u0119ku klinicznego) w m\u00f3zgu zwierz\u0105t. Substancje te wykaza\u0142y dzia\u0142anie przeciwl\u0119kowe, por\u00f3wnywalne do efekt\u00f3w lek\u00f3w przeciwdepresyjnych [23]. W innym badaniu klinicznym oceniano bezpiecze\u0144stwo i efektywno\u015b\u0107 ekstraktu z korzenia witanii ospa\u0142ej u ludzi, gdzie stwierdzono, \u017ce poziom kortyzolu w surowicy obni\u017ca\u0142 si\u0119, nie powoduj\u0105c przy tym \u017cadnych niepo\u017c\u0105danych skutk\u00f3w ubocznych.<\/p>\n<p><strong>Dzia\u0142anie neuroprotekcyjne<\/strong><\/p>\n<p>Ekstrakt z li\u015bci W. somnifera, zawieraj\u0105cy witanon, zapewnia ochron\u0119 przed szkodliwymi zmianami w kom\u00f3rkach neuronalnych i glejowych indukowanymi skopolamin\u0105. Wyniki bada\u0144 naukowych potwierdzaj\u0105, \u017ce wykorzystanie tego ekstraktu zmniejsza produkcj\u0119 wolnych rodnik\u00f3w, ogranicza uszkodzenia DNA i redukuje toksyczno\u015b\u0107 wywo\u0142an\u0105 przez o\u0142\u00f3w w kom\u00f3rkach glejowych [24, 25]. Dodatkowo, zastosowanie ekstraktu z ashwagandhy u myszy zapobiega uszkodzeniom spowodowanym przez stres oksydacyjny, kt\u00f3ry zosta\u0142 indukowany streptomycyn\u0105 [26]. Ashwagandha mo\u017ce r\u00f3wnie\u017c stanowi\u0107 obiecuj\u0105cy element wspieraj\u0105cy terapi\u0119 chor\u00f3b neurodegeneracyjnych. Badania przeprowadzone na modelach zwierz\u0119cych pokazuj\u0105, \u017ce mo\u017ce ona wp\u0142ywa\u0107 na odbudow\u0119 oraz regeneracj\u0119 uszkodzonych chorob\u0105 neuron\u00f3w i po\u0142\u0105cze\u0144 nerwowych [27]. Przyczynia si\u0119 to do poprawy samopoczucia pacjent\u00f3w, w tym poprzez wspieranie poprawy zdolno\u015bci psychomotorycznych.<\/p>\n<p><strong>Dzia\u0142anie przeciwcukrzycowe<\/strong><\/p>\n<p>Ashwagandha mo\u017ce by\u0107 wykorzystywana jako \u015brodek wspomagaj\u0105cy w profilaktyce cukrzycy. Badania przeprowadzone na modelach zwierz\u0119cych pokaza\u0142y, \u017ce ekstrakty przygotowane z korzeni i li\u015bci tej ro\u015bliny s\u0105 w stanie znormalizowa\u0107 poziom cukru w moczu, aktywno\u015b\u0107 glukozo-6-fosfatazy, poziom cukru we krwi oraz zawarto\u015b\u0107 glikogenu w tkankach [21]. U pacjent\u00f3w cierpi\u0105cych na cukrzyc\u0119, kt\u00f3rzy spo\u017cywali sproszkowany korze\u0144 ashwagandhy przez 30 dni, zaobserwowano stabilizacj\u0119 poziomu glukozy we krwi. Efekt ten by\u0142 por\u00f3wnywalny do efekt\u00f3w uzyskanych przy stosowaniu glibenklamidu (w dawce 5 mg), przy czym ekstrakt z li\u015bci tej ro\u015bliny okaza\u0142 si\u0119 dzia\u0142a\u0107 silniej ni\u017c ekstrakt z korzeni.<\/p>\n<p><strong>Dzia\u0142anie przeciwko niep\u0142odno\u015bci m\u0119skiej<\/strong><\/p>\n<p>Ekstrakty z korzenia ashwagandhy mog\u0105 by\u0107 wykorzystywane do poprawy funkcji seksualnych, co jest zwi\u0105zane z ich wp\u0142ywem na produkcj\u0119 plemnik\u00f3w oraz na zwi\u0119kszenie poziomu libido [34]. Wielokrotne badania potwierdzaj\u0105, \u017ce stosowanie preparat\u00f3w zawieraj\u0105cych W. somnifera przez 90 dni prowadzi do poprawy parametr\u00f3w nasienia, takich jak zwi\u0119kszenie st\u0119\u017cenia plemnik\u00f3w, ich ruchliwo\u015bci oraz obj\u0119to\u015bci ejakulatu u m\u0119\u017cczyzn cierpi\u0105cych na oligospermi\u0119. Dodatkowo, obserwuje si\u0119 r\u00f3wnie\u017c wzrost poziomu testosteronu i hormonu luteinizuj\u0105cego.<\/p>\n<p><strong>Dzia\u0142anie przeciwnowotworowe<\/strong><\/p>\n<p>Witaferyna A i witanon, obecne w W. somnifera, mog\u0105 mie\u0107 znacz\u0105cy wk\u0142ad w terapie antynowotworowe [5]. Substancje te, zawarte w ekstrakcie z li\u015bci ro\u015bliny, wspieraj\u0105 eliminacj\u0119 kom\u00f3rek nowotworowych poprzez interakcje z kilkoma szlakami sygna\u0142owymi, w tym z bia\u0142kiem p53, czynnikiem GM-CSF, receptorem \u015bmierci, oraz punktem kontrolnym G2-M cyklu kom\u00f3rkowego [15]. Apoptoza, czyli proces zaprogramowanej \u015bmierci kom\u00f3rek, jest kluczowa w usuwaniu kom\u00f3rek uszkodzonych lub zb\u0119dnych. Witaferyna A w ashwagandzie stymuluje apoptoz\u0119 w kom\u00f3rkach czerniaka poprzez indukcj\u0119 reaktywnych form tlenu [16]. Ponadto, badania nad ludzkimi kom\u00f3rkami ch\u0142oniaka (U937) pokaza\u0142y, \u017ce witaferyna A indukuje apoptoz\u0119 poprzez zwi\u0119kszenie produkcji ROS, zmniejszenie poziomu bia\u0142ek Bcl-2, degradacj\u0119 polimerazy poli ADP-rybozy (PARP), zwi\u0119kszenie ekspresji kaspazy-3 oraz wp\u0142yw na kaskad\u0119 sygna\u0142ow\u0105 kinazy aktywowanej mitogenami (MAPK) [17]. Te dzia\u0142ania przyczyniaj\u0105 si\u0119 do wspierania apoptozy kom\u00f3rek nowotworowych nerki w procesie radioterapii.<\/p>\n<div class=\"flex-1 overflow-hidden\">\n<div class=\"react-scroll-to-bottom--css-oafhd-79elbk h-full\">\n<div class=\"react-scroll-to-bottom--css-oafhd-1n7m0yu\">\n<div class=\"flex flex-col text-sm pb-9\">\n<div class=\"w-full text-token-text-primary\" dir=\"auto\" data-testid=\"conversation-turn-34\">\n<div class=\"px-4 py-2 justify-center text-base md:gap-6 m-auto\">\n<div class=\"flex flex-1 text-base mx-auto gap-3 juice:gap-4 juice:md:gap-6 md:px-5 lg:px-1 xl:px-5 md:max-w-3xl lg:max-w-&#091;40rem&#093; xl:max-w-&#091;48rem&#093; group final-completion\">\n<div class=\"relative flex w-full flex-col agent-turn\">\n<div class=\"flex-col gap-1 md:gap-3\">\n<div class=\"flex flex-grow flex-col max-w-full\">\n<div class=\"min-h-&#091;20px&#093; text-message flex flex-col items-start gap-3 whitespace-pre-wrap break-words &#091;.text-message+&amp;&#093;:mt-5 overflow-x-auto\" dir=\"auto\" data-message-author-role=\"assistant\" data-message-id=\"add996d8-b786-4ae9-9a44-a8b85fba88a9\">\n<div class=\"markdown prose w-full break-words dark:prose-invert dark\">\n<p><strong>Inne w\u0142a\u015bciwo\u015bci prozdrowotne<\/strong><\/p>\n<p>Ashwagandha, znana r\u00f3wnie\u017c jako witania ospa\u0142a, przynosi korzy\u015bci zdrowotne takie jak regulacja poziomu hormon\u00f3w tarczycowych (TSH, T3 i T4) i obni\u017cenie poziomu cholesterolu we krwi [35]. Ta ro\u015blina jest r\u00f3wnie\u017c pomocna w regeneracji mi\u0119\u015bni po wysi\u0142ku fizycznym [36], a tak\u017ce wykazuje dzia\u0142anie przeciwanemiczne i przeciw niedotlenieniu [37]. Ashwagandha mo\u017ce r\u00f3wnie\u017c \u0142agodzi\u0107 objawy zwi\u0105zane z menopauz\u0105 u kobiet [38] oraz poprawia\u0107 jako\u015b\u0107 snu [39]. Dzi\u0119ki swoim w\u0142a\u015bciwo\u015bciom przeciwzapalnym, ashwagandha mo\u017ce chroni\u0107 organizm przed uszkodzeniami chrz\u0105stek, co jest szczeg\u00f3lnie korzystne dla os\u00f3b cierpi\u0105cych na chroniczne zwyrodnienia staw\u00f3w [40]. Badania wskazuj\u0105, \u017ce stosowanie ekstrakt\u00f3w z tej ro\u015bliny mo\u017ce z\u0142agodzi\u0107 b\u00f3l w przypadku zapalenia staw\u00f3w i stanowi\u0107 skuteczne uzupe\u0142nienie lub alternatyw\u0119 dla tradycyjnych metod leczenia.<\/p>\n<\/div>\n<\/div>\n<\/div>\n<\/div>\n<\/div>\n<\/div>\n<\/div>\n<\/div>\n<\/div>\n<\/div>\n<\/div>\n<\/div>\n<h6>*Podane o\u015bwiadczenia odnosz\u0105 si\u0119 do bada\u0144 nad ro\u015blin\u0105\u00a0<strong>Withania Somnifera,\u00a0<\/strong>nie nad produktem Ashwagandha Extract Encann\u00ae. Nie s\u0105 to o\u015bwiadczenia dotycz\u0105ce w\u0142a\u015bciwo\u015bci leczniczych oferowanego produktu. Zgodnie z tre\u015bci\u0105 rozporz\u0105dzenia PARLAMENTU EUROPEJSKIEGO 1924\/2006\u00a0 przedstawiono na tej stronie weryfikowalne dowody naukowe dotycz\u0105ce bada\u0144 nad zastosowaniem Ashwagandhy- jednego ze sk\u0142adnik\u00f3w oferowanego produktu.<\/h6>\n<h6><\/h6>\n<h6>\u0179r\u00f3d\u0142a:<\/h6>\n<h6>W ca\u0142o\u015bci opracowano na podstawie artyku\u0142u:\u00a0<em>Ashwagandha (Withania somnifera L.)\u2013 ro\u015blina o udokumentowanych w\u0142a\u015bciwo\u015bciach\u00a0<\/em><em>prozdrowotnych- Milena Po\u0142umackanycz, Aneta Forencewicz, Marek Weso\u0142owski, Agnieszka Viapiana, 1 Katedra i Zak\u0142ad Chemii Analitycznej, Gda\u0144ski Uniwersytet Medyczny, Gda\u0144sk, Polska. Farmacja Polska, ISSN 0014-8261 (print); ISSN 2544-8552 (on-line). Dalsza literatura z tego opracowania znajduje si\u0119 w zak\u0142adce \u201eliteratura\u201d<\/em><\/h6>\n<p>\t\t\t\t<\/div>\n\t\t\t\t\t<\/div>\n\n\t\t\t\t\t<\/div>\n\t\t<\/div>\n\n\t\t<\/div><\/div><\/div><div class=\"wpb_column vc_column_container vc_col-sm-2\"><div class=\"vc_column-inner\"><div class=\"wpb_wrapper\"><\/div><\/div><\/div><\/div>\n<\/div>","protected":false},"excerpt":{"rendered":"<p><em>150 ml (1.79 pln\/ml)<\/em><\/p>\n<h1><strong>Ashwagandha Extract<\/strong><\/h1>\n<p>Extract of\u00a0<strong>Ashwagandha (Withania Somnifera) in liquid form<\/strong><\/p>\n<p><em>Encann\u00ae Adapt Sense Nutraceutic Extract.<\/em><\/p>\n<p><b>2,000 mg of Ashwagandha in a daily serving, calculated as dry root<\/b><\/p>\n<p>Extract Standardized for <strong>198,000 mg of Ashwagandha converted to dry root<\/strong>\u00a0packaged<\/p>\n<p>Net content <strong>150 ml | 99 suggested daily servings<\/strong><\/p>","protected":false},"featured_media":3213,"template":"","meta":[],"product_brand":[],"product_cat":[95,97,103],"product_tag":[],"class_list":{"0":"post-3815","1":"product","2":"type-product","3":"status-publish","4":"has-post-thumbnail","6":"product_cat-wszystkie_produkty","7":"product_cat-adaptsense","8":"product_cat-zestawy","10":"first","11":"instock","12":"taxable","13":"shipping-taxable","14":"purchasable","15":"product-type-simple"},"_links":{"self":[{"href":"https:\/\/encann.pl\/en\/wp-json\/wp\/v2\/product\/3815","targetHints":{"allow":["GET"]}}],"collection":[{"href":"https:\/\/encann.pl\/en\/wp-json\/wp\/v2\/product"}],"about":[{"href":"https:\/\/encann.pl\/en\/wp-json\/wp\/v2\/types\/product"}],"wp:featuredmedia":[{"embeddable":true,"href":"https:\/\/encann.pl\/en\/wp-json\/wp\/v2\/media\/3213"}],"wp:attachment":[{"href":"https:\/\/encann.pl\/en\/wp-json\/wp\/v2\/media?parent=3815"}],"wp:term":[{"taxonomy":"product_brand","embeddable":true,"href":"https:\/\/encann.pl\/en\/wp-json\/wp\/v2\/product_brand?post=3815"},{"taxonomy":"product_cat","embeddable":true,"href":"https:\/\/encann.pl\/en\/wp-json\/wp\/v2\/product_cat?post=3815"},{"taxonomy":"product_tag","embeddable":true,"href":"https:\/\/encann.pl\/en\/wp-json\/wp\/v2\/product_tag?post=3815"}],"curies":[{"name":"wp","href":"https:\/\/api.w.org\/{rel}","templated":true}]}}