{"id":4815,"date":"2025-02-11T14:50:18","date_gmt":"2025-02-11T13:50:18","guid":{"rendered":"https:\/\/encann.pl\/?post_type=product&#038;p=4815"},"modified":"2026-04-21T14:17:23","modified_gmt":"2026-04-21T12:17:23","slug":"lions-mane-extract-500-mg-60-capsules","status":"publish","type":"product","link":"https:\/\/encann.pl\/en\/product\/lions-mane-extract-500-mg-60-capsules\/","title":{"rendered":"Lion's Mane extract 500 mg 60 capsules"},"content":{"rendered":"<div class=\"wpb-content-wrapper\"><div class=\"vc_row wpb_row vc_row-fluid\"><div class=\"wpb_column vc_column_container vc_col-sm-2\"><div class=\"vc_column-inner\"><div class=\"wpb_wrapper\"><\/div><\/div><\/div><div class=\"wpb_column vc_column_container vc_col-sm-8\"><div class=\"vc_column-inner\"><div class=\"wpb_wrapper\">\n\t\t<div id=\"wd-66d5accc58ce5\" class=\"wd-tabs wd-wpb wd-rs-66d5accc58ce5 tabs-design-default \">\n\t\t\t<div class=\"wd-tabs-header text-center\">\n\t\t\t\t\n\t\t\t\t\n\t\t\t\t<div class=\"wd-nav-wrapper wd-nav-tabs-wrapper wd-mb-action-swipe\">\n\t\t\t\t\t<ul class=\"wd-nav wd-nav-tabs wd-icon-pos-left wd-style-default font-primary wd-fontsize-s wd-font-weight-600\">\n\t\t\t\t\t\t\t\t\t\t\t\t\t\n\t\t\t\t\t\t\t<li>\n\t\t\t\t\t\t\t\t<a href=\"#\" class=\"wd-nav-link\">\n\t\t\t\t\t\t\t\t\t\t\t\t\t\t\t\t\t\t<span class=\"nav-link-text wd-tabs-title\">\n\t\t\t\t\t\t\t\t\t\tOPIS PRODUKTU\t\t\t\t\t\t\t\t\t<\/span>\n\t\t\t\t\t\t\t\t<\/a>\n\t\t\t\t\t\t\t<\/li>\n\n\t\t\t\t\t\t\t\t\t\t\t\t\t\n\t\t\t\t\t\t\t<li>\n\t\t\t\t\t\t\t\t<a href=\"#\" class=\"wd-nav-link\">\n\t\t\t\t\t\t\t\t\t\t\t\t\t\t\t\t\t\t<span class=\"nav-link-text wd-tabs-title\">\n\t\t\t\t\t\t\t\t\t\tSk\u0142ad\t\t\t\t\t\t\t\t\t<\/span>\n\t\t\t\t\t\t\t\t<\/a>\n\t\t\t\t\t\t\t<\/li>\n\n\t\t\t\t\t\t\t\t\t\t\t\t\t\n\t\t\t\t\t\t\t<li>\n\t\t\t\t\t\t\t\t<a href=\"#\" class=\"wd-nav-link\">\n\t\t\t\t\t\t\t\t\t\t\t\t\t\t\t\t\t\t<span class=\"nav-link-text wd-tabs-title\">\n\t\t\t\t\t\t\t\t\t\tBadania naukowe\t\t\t\t\t\t\t\t\t<\/span>\n\t\t\t\t\t\t\t\t<\/a>\n\t\t\t\t\t\t\t<\/li>\n\n\t\t\t\t\t\t\n\t\t\t\t\t<\/ul>\n\t\t\t\t<\/div>\n\t\t\t<\/div>\n\n\t\t\t<div class=\"wd-tabs-content-wrapper\">\n\t\t\t\t\n\t\t<div class=\"wd-tab-content\">\n\t\t\t\t\t\t\t<div class=\"wd-entry-content\">\n\t\t\t\t\t<\/p>\n<h1>Sopl\u00f3wka Je\u017cowata Ekstrakt 500 mg<\/h1>\n<p>W 1 kapsu\u0142ce zmie\u015bcili\u015bmy <strong>a\u017c 500 mg ekstraktu z Sopl\u00f3wki Je\u017cowatej<\/strong> bogatej w polisacharydy i beta-glukany. Zalecana dzienna porcja do spo\u017cycia: 1000 mg produktu (tj. 2 kapsu\u0142ki dziennie) wraz z posi\u0142kiem.<\/p>\n<p>Nasz Lion&#8217;s Mane powsta\u0142 w wyniku ekstrakcji owocnik\u00f3w grzyba <strong>Hericium erinaceus (Sopl\u00f3wka Je\u017cowata). Zawiera tylko jeden sk\u0142adnik &#8211; ekstrakt z owocnik\u00f3w Sopl\u00f3wki.<\/strong><\/p>\n<p>Encann Lion\u2019s Mane w kapsu\u0142kach to naturalny suplement diety wspieraj\u0105cy pami\u0119\u0107, koncentracj\u0119 i zdrowie uk\u0142adu nerwowego. Zawiera ekstrakt z sopl\u00f3wki je\u017cowatej, cenionej za swoje w\u0142a\u015bciwo\u015bci nootropowe i neuroprotekcyjne. Regularne stosowanie mo\u017ce poprawi\u0107 funkcje poznawcze, wspom\u00f3c regeneracj\u0119 nerw\u00f3w oraz zwi\u0119kszy\u0107 odporno\u015b\u0107 na stres. To doskona\u0142y wyb\u00f3r dla os\u00f3b pracuj\u0105cych umys\u0142owo, student\u00f3w i wszystkich, kt\u00f3rzy chc\u0105 zadba\u0107 o sprawno\u015b\u0107 umys\u0142u. Encann Lion\u2019s Mane to naturalne wsparcie dla Twojego m\u00f3zgu ka\u017cdego dnia!<\/p>\n<p><strong>Nie zawiera sztucznych dodatk\u00f3w, ani wype\u0142niaczy. Ekstrakty od Encann\u00ae to najwy\u017csza dawka substancji czynnej w jednej dziennej dawce.<\/strong><\/p>\n<p>W zak\u0142adce <strong>sk\u0142ad<\/strong> znajdziesz wi\u0119cej informacji o surowcach i produkcji.<\/p>\n<p>W zak\u0142adce <strong>badania naukowe<\/strong> znajdziesz informacje o potwierdzonych zaletach Sopl\u00f3wki Je\u017cowatej<\/p>\n<p>Nutraceutyki AdaptSense od Encann\u00ae powstaj\u0105ce na bazie ro\u015blin adaptogennych, cz\u0119sto okre\u015blanych jako \u017cywno\u015b\u0107 funkcjonalna, zdobywaj\u0105 coraz wi\u0119ksz\u0105 popularno\u015b\u0107 jako forma suplementacji, i to z kilku wa\u017cnych powod\u00f3w. W przeciwie\u0144stwie do syntetycznych suplement\u00f3w, nutraceutyki s\u0105 lepiej przyswajane przez organizm. Naturalne sk\u0142adniki s\u0105 \u0142atwiej rozpoznawalne przez cia\u0142o, co zwi\u0119ksza ich skuteczno\u015b\u0107. Jako produkty naturalne, nutraceutyki zazwyczaj maj\u0105 mniej skutk\u00f3w ubocznych w por\u00f3wnaniu do tradycyjnych farmaceutyk\u00f3w i syntetycznych suplement\u00f3w. Przede wszystkim jednak, adaptogeny wykazuj\u0105 wysokie dzia\u0142anie synergiczne pomi\u0119dzy sob\u0105.<\/p>\n<h6>Ten produkt to suplement diety. Nie przekracza\u0107 zalecanej porcji do spo\u017cycia w ci\u0105gu dnia. Suplementy diety nie mog\u0105 by\u0107 stosowane jako substytut (zamiennik) zr\u00f3\u017cnicowanej diety. Suplementy diety powinny by\u0107 przechowywane w spos\u00f3b niedost\u0119pny dla ma\u0142ych dzieci. Wyprodukowano w Polsce. Data przydatno\u015bci do spo\u017cycia znajduje si\u0119 na opakowaniu- wynosi minimum rok od chwili zakupu. Podmiot odpowiedzialny: Encann sp. z o. o.<\/h6>\n<p>\t\t\t\t<\/div>\n\t\t\t\t\t<\/div>\n\n\t\t\n\t\t<div class=\"wd-tab-content\">\n\t\t\t\t\t\t\t<div class=\"wd-entry-content\">\n\t\t\t\t\t<strong>Sk\u0142ad: Ekstrakt z owocnik\u00f3w Sopl\u00f3wki Je\u017cowatej, HPMC (kapsu\u0142ka)<\/strong><\/p>\n<p><em>Skoncentrowany ekstrakt\u00a0 z owocnik\u00f3w Sopl\u00f3wki Je\u017cowatej (Hericium erinaceus).<\/em><\/p>\n<p><em><strong>W opakowaniu:<\/strong><\/em><\/p>\n<p><strong>120 000 mg<\/strong> Lion\u2019s Mane w przeliczeniu na suche owocniki<\/p>\n<p><em><strong>W zalecanej dziennej porcji:<\/strong><\/em><\/p>\n<p><strong>2 x 500 mg ekstraktu co daje:<\/strong><\/p>\n<p><strong>4000 mg<\/strong> Lion\u2019s Mane w przeliczeniu na suche owocniki<\/p>\n<p><strong>Lion\u2019s Mane AdaptSense Encann\u00ae nie zawiera syntetycznych sk\u0142adnik\u00f3w, wype\u0142niaczy czy konserwant\u00f3w.<\/strong><\/p>\n<p>Wodno-alkoholowa metoda ekstrakcji zapewnia pozyskanie wyj\u0105tkowo\u00a0<strong>szerokiego spektrum substancji znajduj\u0105cych si\u0119 w\u00a0 owocnikach Sopl\u00f3wki.\u00a0<\/strong><\/p>\n<p>Produkt odpowiedni dla wegan i wegetarian.\t\t\t\t<\/div>\n\t\t\t\t\t<\/div>\n\n\t\t\n\t\t<div class=\"wd-tab-content\">\n\t\t\t\t\t\t\t<div class=\"wd-entry-content\">\n\t\t\t\t\t<strong>Zach\u0119camy do szerokiego zapoznania si\u0119 z badaniami dotycz\u0105cymi Sopl\u00f3wki Je\u017cowatej, poni\u017cej przedstawiamy wybrane publikacje naukowe*<\/strong><\/p>\n<ol data-start=\"119\" data-end=\"1376\">\n<li data-start=\"119\" data-end=\"323\"><strong data-start=\"122\" data-end=\"165\">Sopl\u00f3wka je\u017cowata wspiera zdrowie m\u00f3zgu<\/strong> poprzez stymulacj\u0119 syntezy czynnika wzrostu nerw\u00f3w (NGF), co mo\u017ce by\u0107 pomocne w leczeniu chor\u00f3b neurodegeneracyjnych, takich jak Alzheimer i Parkinson [1].<\/li>\n<li data-start=\"324\" data-end=\"462\"><strong data-start=\"327\" data-end=\"373\">Dzia\u0142a przeciwzapalnie i neuroprotekcyjnie<\/strong>, wspomagaj\u0105c regeneracj\u0119 neuron\u00f3w oraz redukuj\u0105c stan zapalny w uk\u0142adzie nerwowym [2].<\/li>\n<li data-start=\"463\" data-end=\"571\"><strong data-start=\"466\" data-end=\"502\">Mo\u017ce poprawia\u0107 funkcje poznawcze<\/strong> i wspiera\u0107 pami\u0119\u0107 u os\u00f3b z \u0142agodnymi zaburzeniami poznawczymi [3].<\/li>\n<li data-start=\"572\" data-end=\"684\"><strong data-start=\"575\" data-end=\"614\">Posiada w\u0142a\u015bciwo\u015bci antyoksydacyjne<\/strong>, kt\u00f3re chroni\u0105 kom\u00f3rki przed stresem oksydacyjnym i starzeniem [4].<\/li>\n<li data-start=\"685\" data-end=\"823\"><strong data-start=\"688\" data-end=\"729\">Wykazuje dzia\u0142anie przeciwnowotworowe<\/strong> poprzez indukcj\u0119 apoptozy w kom\u00f3rkach nowotworowych i modulacj\u0119 uk\u0142adu odporno\u015bciowego [5].<\/li>\n<li data-start=\"824\" data-end=\"923\"><strong data-start=\"827\" data-end=\"860\">Reguluje poziom cukru we krwi<\/strong>, co czyni j\u0105 potencjalnym wsparciem w leczeniu cukrzycy [6].<\/li>\n<li data-start=\"924\" data-end=\"1040\"><strong data-start=\"927\" data-end=\"959\">Wzmacnia uk\u0142ad odporno\u015bciowy<\/strong> dzi\u0119ki obecno\u015bci \u03b2-glukan\u00f3w, stymuluj\u0105c aktywno\u015b\u0107 makrofag\u00f3w i limfocyt\u00f3w [7].<\/li>\n<li data-start=\"1041\" data-end=\"1155\"><strong data-start=\"1044\" data-end=\"1082\">Wspiera zdrowie uk\u0142adu pokarmowego<\/strong>, poprawiaj\u0105c mikroflor\u0119 jelitow\u0105 i przyspieszaj\u0105c gojenie wrzod\u00f3w [8].<\/li>\n<li data-start=\"1156\" data-end=\"1268\"><strong data-start=\"1159\" data-end=\"1201\">Mo\u017ce zmniejsza\u0107 objawy depresji i l\u0119ku<\/strong> poprzez wp\u0142yw na neuroprzeka\u017aniki i czynniki neurotroficzne [9].<\/li>\n<li data-start=\"1269\" data-end=\"1376\"><strong data-start=\"1273\" data-end=\"1302\">Dzia\u0142a hepatoprotekcyjnie<\/strong>, chroni\u0105c w\u0105trob\u0119 przed uszkodzeniami i wspomagaj\u0105c jej regeneracj\u0119 [10].<\/li>\n<\/ol>\n<h6 data-start=\"1378\" data-end=\"1395\">Bibliografia:<\/h6>\n<ol data-start=\"1397\" data-end=\"3530\">\n<li data-start=\"1397\" data-end=\"1607\">\n<h6>Iacovelli, R., Poon, F., &amp; Haslinger, K. (2024). <em data-start=\"1449\" data-end=\"1595\">Identification and partial reconstitution of the biosynthetic pathway of bioactive meroterpenoids from Hericium erinaceus (Lion\u2019s Mane mushroom)<\/em>. bioRxiv.<\/h6>\n<\/li>\n<li data-start=\"1608\" data-end=\"1787\">\n<h6>Khan, M. A., Tania, M., Liu, R., &amp; Rahman, M. M. (2013). <em data-start=\"1668\" data-end=\"1730\">Hericium erinaceus: an edible mushroom with medicinal values<\/em>. Journal of Chinese Integrative Medicine, 10, 253-258.<\/h6>\n<\/li>\n<li data-start=\"1788\" data-end=\"1946\">\n<h6>Spelman, K., Sutherland, E., &amp; Bagade, A. (2017). <em data-start=\"1841\" data-end=\"1900\">Neurological Activity of Lion\u2019s Mane (Hericium erinaceus)<\/em>. Journal of Restorative Medicine, 6, 19-26.<\/h6>\n<\/li>\n<li data-start=\"1947\" data-end=\"2139\">\n<h6>Banerjee, S., Gupta, S., Raj, R., Gupta, M., Kumari, S., &amp; Kuar, G. (2024). <em data-start=\"2026\" data-end=\"2096\">Unlocking the potential of Lion\u2019s Mane Mushroom (Hericium erinaceus)<\/em>. Journal of Applied and Natural Science.<\/h6>\n<\/li>\n<li data-start=\"2140\" data-end=\"2277\">\n<h6>Deshmukh, S., Sridhar, K., &amp; Gupta, M. (2021). <em data-start=\"2190\" data-end=\"2259\">Hericium erinaceus &#8211; A Rich Source of Diverse Bioactive Metabolites<\/em>. Fungal Biotec.<\/h6>\n<\/li>\n<li data-start=\"2278\" data-end=\"2541\">\n<h6>Lee, S., Ryu, S. H., Turk, A., Yeon, S., Jo, Y. H., Han, Y. K., Hwang, B., Lee, K., &amp; Lee, M. (2020). <em data-start=\"2383\" data-end=\"2508\">Characterization of \u03b1-glucosidase inhibitory constituents of the fruiting body of lion&#8217;s mane mushroom (Hericium erinaceus)<\/em>. Journal of Ethnopharmacology.<\/h6>\n<\/li>\n<li data-start=\"2542\" data-end=\"2922\">\n<h6>Zaitseva, O., Sergushkina, M., Popyvanov, D., Nazarova, Y., Polezhaeva, T., Solomina, O., &amp; Khudyakov, A. (2024). <em data-start=\"2659\" data-end=\"2858\">The Influence of Polysaccharide Fractions of the Lion&#8217;s Mane Medicinal Mushroom Hericium erinaceus (Agaricomycetes) on the Immunomodulatory and Antioxidant Activity of Neutrophils Exposed to Stress<\/em>. International Journal of Medicinal Mushrooms, 26(11), 11-25.<\/h6>\n<\/li>\n<li data-start=\"2923\" data-end=\"3104\">\n<h6>Almjalawi, B., Chechan, R. A., &amp; Alhesnawi, A. (2024). <em data-start=\"2981\" data-end=\"3042\">Some Applications of Hericium erinaceus Mushrooms: A Review<\/em>. South Asian Research Journal of Agriculture and Fisheries.<\/h6>\n<\/li>\n<li data-start=\"3105\" data-end=\"3284\">\n<h6>Chong, P. S., Fung, M., Wong, K. H., &amp; Lim, L. (2019). <em data-start=\"3163\" data-end=\"3232\">Therapeutic Potential of Hericium erinaceus for Depressive Disorder<\/em>. International Journal of Molecular Sciences, 21.<\/h6>\n<\/li>\n<li data-start=\"3285\" data-end=\"3530\">\n<h6>Friedman, M. (2015). <em data-start=\"3310\" data-end=\"3468\">Chemistry, Nutrition, and Health-Promoting Properties of Hericium erinaceus (Lion&#8217;s Mane) Mushroom Fruiting Bodies and Mycelia and Their Bioactive Compounds<\/em>. Journal of Agricultural and Food Chemistry, 63(32), 7108-23.<\/h6>\n<\/li>\n<\/ol>\n<h6>*Podane o\u015bwiadczenia odnosz\u0105 si\u0119 do bada\u0144 nad grzybem\u00a0<strong>Hericium erinaceus,\u00a0<\/strong>nie nad produktem Lion\u2019s Mane Extract Encann\u00ae. Nie s\u0105 to o\u015bwiadczenia dotycz\u0105ce w\u0142a\u015bciwo\u015bci leczniczych oferowanego produktu. Zgodnie z tre\u015bci\u0105 rozporz\u0105dzenia PARLAMENTU EUROPEJSKIEGO 1924\/2006\u00a0 przedstawiono na tej stronie weryfikowalne dowody naukowe dotycz\u0105ce bada\u0144 nad zastosowaniem grzyba Sopl\u00f3wka Je\u017cowata- jednego ze sk\u0142adnik\u00f3w oferowanego produktu.<\/h6>\n<h6><\/h6>\n<p>\t\t\t\t<\/div>\n\t\t\t\t\t<\/div>\n\n\t\t\t\t\t<\/div>\n\t\t<\/div>\n\n\t\t<\/div><\/div><\/div><div class=\"wpb_column vc_column_container vc_col-sm-2\"><div class=\"vc_column-inner\"><div class=\"wpb_wrapper\"><\/div><\/div><\/div><\/div>\n<\/div>","protected":false},"excerpt":{"rendered":"<p><em>60 capsules (500 mg each).<\/em><\/p>\n<h1><strong>Lion's Mane Extract<\/strong><\/h1>\n<p><strong>Sophora Hedgehog extract in capsules.<\/strong><\/p>\n<p><em>Encann\u00ae Adaptsense Extract<\/em><\/p>\n<p>Concentrated extract obtained from the fruiting bodies of the Hericum erinaceus mushroom containing\u00a0 <b>500 mg of Soplum extract per capsule and as much as 30,000 mg in a package.\u00a0<\/b>In terms of dry fruiting bodies of the fungus, this yields <strong>2,000 mg per capsule and 120,000 mg per package.<\/strong><\/p>\n<p>Net weight\u00a0<strong>37.5 g | 30 suggested daily servings of product<\/strong><\/p>","protected":false},"featured_media":4824,"template":"","meta":[],"product_brand":[],"product_cat":[95,97],"product_tag":[],"class_list":{"0":"post-4815","1":"product","2":"type-product","3":"status-publish","4":"has-post-thumbnail","6":"product_cat-wszystkie_produkty","7":"product_cat-adaptsense","9":"first","10":"instock","11":"taxable","12":"shipping-taxable","13":"purchasable","14":"product-type-simple"},"_links":{"self":[{"href":"https:\/\/encann.pl\/en\/wp-json\/wp\/v2\/product\/4815","targetHints":{"allow":["GET"]}}],"collection":[{"href":"https:\/\/encann.pl\/en\/wp-json\/wp\/v2\/product"}],"about":[{"href":"https:\/\/encann.pl\/en\/wp-json\/wp\/v2\/types\/product"}],"wp:featuredmedia":[{"embeddable":true,"href":"https:\/\/encann.pl\/en\/wp-json\/wp\/v2\/media\/4824"}],"wp:attachment":[{"href":"https:\/\/encann.pl\/en\/wp-json\/wp\/v2\/media?parent=4815"}],"wp:term":[{"taxonomy":"product_brand","embeddable":true,"href":"https:\/\/encann.pl\/en\/wp-json\/wp\/v2\/product_brand?post=4815"},{"taxonomy":"product_cat","embeddable":true,"href":"https:\/\/encann.pl\/en\/wp-json\/wp\/v2\/product_cat?post=4815"},{"taxonomy":"product_tag","embeddable":true,"href":"https:\/\/encann.pl\/en\/wp-json\/wp\/v2\/product_tag?post=4815"}],"curies":[{"name":"wp","href":"https:\/\/api.w.org\/{rel}","templated":true}]}}