{"id":4818,"date":"2025-02-12T19:00:01","date_gmt":"2025-02-12T18:00:01","guid":{"rendered":"https:\/\/encann.pl\/?post_type=product&#038;p=4818"},"modified":"2026-03-20T10:44:40","modified_gmt":"2026-03-20T09:44:40","slug":"beta-glucan-500-mg-13-16-%ce%b2-d-60-capsules","status":"publish","type":"product","link":"https:\/\/encann.pl\/en\/product\/beta-glucan-500-mg-13-16-%ce%b2-d-60-capsules\/","title":{"rendered":"Beta Glucan 500 mg 1,3-1,6 \u03b2-D 60 capsules"},"content":{"rendered":"<div class=\"wpb-content-wrapper\"><div class=\"vc_row wpb_row vc_row-fluid\"><div class=\"wpb_column vc_column_container vc_col-sm-2\"><div class=\"vc_column-inner\"><div class=\"wpb_wrapper\"><\/div><\/div><\/div><div class=\"wpb_column vc_column_container vc_col-sm-8\"><div class=\"vc_column-inner\"><div class=\"wpb_wrapper\">\n\t\t<div id=\"wd-66d5accc58ce5\" class=\"wd-tabs wd-wpb wd-rs-66d5accc58ce5 tabs-design-default \">\n\t\t\t<div class=\"wd-tabs-header text-center\">\n\t\t\t\t\n\t\t\t\t\n\t\t\t\t<div class=\"wd-nav-wrapper wd-nav-tabs-wrapper wd-mb-action-swipe\">\n\t\t\t\t\t<ul class=\"wd-nav wd-nav-tabs wd-icon-pos-left wd-style-default font-primary wd-fontsize-s wd-font-weight-600\">\n\t\t\t\t\t\t\t\t\t\t\t\t\t\n\t\t\t\t\t\t\t<li>\n\t\t\t\t\t\t\t\t<a href=\"#\" class=\"wd-nav-link\">\n\t\t\t\t\t\t\t\t\t\t\t\t\t\t\t\t\t\t<span class=\"nav-link-text wd-tabs-title\">\n\t\t\t\t\t\t\t\t\t\tOPIS PRODUKTU\t\t\t\t\t\t\t\t\t<\/span>\n\t\t\t\t\t\t\t\t<\/a>\n\t\t\t\t\t\t\t<\/li>\n\n\t\t\t\t\t\t\t\t\t\t\t\t\t\n\t\t\t\t\t\t\t<li>\n\t\t\t\t\t\t\t\t<a href=\"#\" class=\"wd-nav-link\">\n\t\t\t\t\t\t\t\t\t\t\t\t\t\t\t\t\t\t<span class=\"nav-link-text wd-tabs-title\">\n\t\t\t\t\t\t\t\t\t\tSk\u0142ad\t\t\t\t\t\t\t\t\t<\/span>\n\t\t\t\t\t\t\t\t<\/a>\n\t\t\t\t\t\t\t<\/li>\n\n\t\t\t\t\t\t\t\t\t\t\t\t\t\n\t\t\t\t\t\t\t<li>\n\t\t\t\t\t\t\t\t<a href=\"#\" class=\"wd-nav-link\">\n\t\t\t\t\t\t\t\t\t\t\t\t\t\t\t\t\t\t<span class=\"nav-link-text wd-tabs-title\">\n\t\t\t\t\t\t\t\t\t\tBadania naukowe\t\t\t\t\t\t\t\t\t<\/span>\n\t\t\t\t\t\t\t\t<\/a>\n\t\t\t\t\t\t\t<\/li>\n\n\t\t\t\t\t\t\n\t\t\t\t\t<\/ul>\n\t\t\t\t<\/div>\n\t\t\t<\/div>\n\n\t\t\t<div class=\"wd-tabs-content-wrapper\">\n\t\t\t\t\n\t\t<div class=\"wd-tab-content\">\n\t\t\t\t\t\t\t<div class=\"wd-entry-content\">\n\t\t\t\t\t<\/p>\n<h1><strong>1,3-1,6-D-Beta Glukan 60 kapsu\u0142ek<\/strong><\/h1>\n<p class=\"p1\"><strong>W 1 kapsu\u0142ce zmie\u015bcili\u015bmy a\u017c 500 mg <b>\u00a01,3-1,6-D-Beta Glukanu<\/b><\/strong>. <strong>Zalecana dzienna porcja do spo\u017cycia: 1000 mg produktu (tj. 2 kapsu\u0142ki dziennie) wraz z posi\u0142kiem.<\/strong><\/p>\n<p class=\"p1\">Nasz Beta Glukan powsta\u0142 w wyniku ekstrakcji \u015bciany kom\u00f3rkowej Saccharomyces cerevisiae. Zawiera tylko jeden sk\u0142adnik- 1,3-1,6-D-Beta Glukan.<\/p>\n<p><strong>To wysokiej jako\u015bci suplement diety<\/strong> wspieraj\u0105cy naturaln\u0105 odporno\u015b\u0107 organizmu. Beta Glukan aktywuje kom\u00f3rki uk\u0142adu immunologicznego, pomagaj\u0105c w walce z infekcjami i stanami zapalnymi. Regularne stosowanie mo\u017ce przyczyni\u0107 si\u0119 do zwi\u0119kszenia odpowiedzi immunologicznej. Produkt jest oparty na naturalnych sk\u0142adnikach, co sprawia, \u017ce jest bezpieczny i dobrze tolerowany przez organizm. Encann Beta Glukan to doskona\u0142y wyb\u00f3r dla os\u00f3b, kt\u00f3re chc\u0105 wzmocni\u0107 swoj\u0105 odporno\u015b\u0107 w naturalny spos\u00f3b.<\/p>\n<p class=\"p1\"><strong>Nie zawiera sztucznych dodatk\u00f3w, ani wype\u0142niaczy.<\/strong>\u00a0Ekstrakty od Encann\u00ae to\u00a0<strong>najwy\u017csza<\/strong>\u00a0dawka substancji czynnej w\u00a0 jednej dziennej dawce.<\/p>\n<p class=\"p1\">W zak\u0142adce\u00a0<strong>sk\u0142ad\u00a0<\/strong>znajdziesz wi\u0119cej informacji o surowcach i produkcji.<\/p>\n<p>W zak\u0142adce\u00a0<strong>badania naukowe<\/strong> znajdziesz informacje o potwierdzonych zaletach Beta Glukanu.<\/p>\n<p><b>Nutraceutyki AdaptSense<\/b>\u00a0od Encann\u00ae powstaj\u0105ce na bazie ro\u015blin adaptogennych, cz\u0119sto okre\u015blanych jako \u017cywno\u015b\u0107 funkcjonalna, zdobywaj\u0105 coraz wi\u0119ksz\u0105 popularno\u015b\u0107 jako forma suplementacji, i to z kilku wa\u017cnych powod\u00f3w. W przeciwie\u0144stwie do syntetycznych suplement\u00f3w,\u00a0<b>nutraceutyki<\/b>\u00a0s\u0105\u00a0 lepiej przyswajane przez organizm. Naturalne sk\u0142adniki s\u0105 \u0142atwiej rozpoznawalne przez cia\u0142o, co zwi\u0119ksza ich skuteczno\u015b\u0107. Jako produkty naturalne, nutraceutyki zazwyczaj maj\u0105 mniej skutk\u00f3w ubocznych w por\u00f3wnaniu do tradycyjnych farmaceutyk\u00f3w i syntetycznych suplement\u00f3w. Przede wszystkim jednak, adaptogeny wykazuj\u0105 wysokie dzia\u0142anie synergiczne pomi\u0119dzy sob\u0105.<\/p>\n<p><img loading=\"lazy\" decoding=\"async\" class=\"wp-image-4819 alignright\" src=\"https:\/\/encann.pl\/wp-content\/uploads\/2025\/02\/IMG_0830-e1739384048488.jpg\" alt=\"Beta glucan w kapsu\u0142kach 500 mg\" width=\"318\" height=\"346\" \/><\/p>\n<h6 class=\"p1\">Ten produkt to suplement diety. Nie przekracza\u0107 zalecanej porcji do spo\u017cycia w ci\u0105gu dnia. Suplementy diety nie mog\u0105 by\u0107 stosowane jako substytut (zamiennik) zr\u00f3\u017cnicowanej diety. Suplementy diety powinny by\u0107 przechowywane w spos\u00f3b niedost\u0119pny dla ma\u0142ych dzieci. Wyprodukowano w Polsce. Data przydatno\u015bci do spo\u017cycia znajduje si\u0119 na opakowaniu- wynosi minimum rok od chwili zakupu. Podmiot odpowiedzialny: Encann sp. z o. o.<\/h6>\n<p>\t\t\t\t<\/div>\n\t\t\t\t\t<\/div>\n\n\t\t\n\t\t<div class=\"wd-tab-content\">\n\t\t\t\t\t\t\t<div class=\"wd-entry-content\">\n\t\t\t\t\t<strong>Sk\u0142ad: \u03b2-1,3\/1,6-D-Glucan, HPMC (kapsu\u0142ka).<\/strong><\/p>\n<p><em><strong>W opakowaniu<\/strong><\/em><\/p>\n<p><strong>30 000 mg<\/strong> <strong>\u03b2-1,3\/1,6-D-Glukanu<\/strong><\/p>\n<p>(Ekstrakt ze \u015bciany kom\u00f3rkowej Saccharomyces cerevisiae)<\/p>\n<p><em><strong>W zalecanej dziennej porcji<\/strong><\/em><\/p>\n<p><strong>1000 mg<\/strong> <strong>\u03b2-1,3\/1,6-D-Glukanu (2 kapsu\u0142ki po 500 mg)<\/strong><\/p>\n<p><strong>Beta Glukan Encann\u00ae nie zawiera syntetycznych sk\u0142adnik\u00f3w, wype\u0142niaczy czy konserwant\u00f3w.<\/strong><\/p>\n<p>Produkt powsta\u0142 na bazie naturalnych sk\u0142adnik\u00f3w &#8211; grzyb\u00f3w Saccharomyces cerevisiae w wyniku ich ekstrakcji, skoncentrowania i umieszczenia w kapsu\u0142kach. Jest odpowiedni dla wegan i wegetarian.<\/p>\n<p>\t\t\t\t<\/div>\n\t\t\t\t\t<\/div>\n\n\t\t\n\t\t<div class=\"wd-tab-content\">\n\t\t\t\t\t\t\t<div class=\"wd-entry-content\">\n\t\t\t\t\t<\/p>\n<ol data-start=\"156\" data-end=\"1739\">\n<li data-start=\"156\" data-end=\"356\"><strong data-start=\"159\" data-end=\"191\">Wzmacnia uk\u0142ad odporno\u015bciowy<\/strong> \u2013 \u03b2-1,3\/1,6-glukan stymuluje uk\u0142ad immunologiczny poprzez aktywacj\u0119 makrofag\u00f3w, neutrofili oraz kom\u00f3rek NK, co prowadzi do zwi\u0119kszonej odporno\u015bci na infekcje [1].<\/li>\n<li data-start=\"357\" data-end=\"540\"><strong data-start=\"360\" data-end=\"407\">Redukuje cz\u0119sto\u015b\u0107 infekcji dr\u00f3g oddechowych<\/strong> \u2013 suplementacja \u03b2-glukanu zmniejsza cz\u0119stotliwo\u015b\u0107 wyst\u0119powania infekcji g\u00f3rnych dr\u00f3g oddechowych oraz skraca czas ich trwania [2].<\/li>\n<li data-start=\"541\" data-end=\"740\"><strong data-start=\"544\" data-end=\"575\">Wspiera terapi\u0119 nowotworow\u0105<\/strong> \u2013 \u03b2-1,3\/1,6-glukan wzmacnia dzia\u0142anie chemioterapii oraz radioterapii poprzez stymulacj\u0119 uk\u0142adu immunologicznego i ograniczenie wzrostu kom\u00f3rek nowotworowych [3].<\/li>\n<li data-start=\"741\" data-end=\"876\"><strong data-start=\"744\" data-end=\"770\">Poprawia zdrowie jelit<\/strong> \u2013 dzia\u0142a prebiotycznie, wspieraj\u0105c rozw\u00f3j korzystnej mikroflory jelitowej i redukuj\u0105c stan zapalny [4].<\/li>\n<li data-start=\"877\" data-end=\"1025\"><strong data-start=\"880\" data-end=\"910\">Obni\u017ca poziom cholesterolu<\/strong> \u2013 badania wykaza\u0142y, \u017ce \u03b2-glukan zmniejsza poziom LDL (\u201ez\u0142ego\u201d cholesterolu) i poprawia profil lipidowy krwi [5].<\/li>\n<li data-start=\"1026\" data-end=\"1201\"><strong data-start=\"1029\" data-end=\"1062\">Reguluje poziom cukru we krwi<\/strong> \u2013 \u03b2-1,3\/1,6-glukan mo\u017ce poprawia\u0107 tolerancj\u0119 glukozy i redukowa\u0107 poziom cukru we krwi, co jest korzystne dla os\u00f3b z cukrzyc\u0105 typu 2 [6].<\/li>\n<li data-start=\"1202\" data-end=\"1335\"><strong data-start=\"1205\" data-end=\"1232\">Przyspiesza gojenie ran<\/strong> \u2013 wspomaga regeneracj\u0119 sk\u00f3ry i tkanek dzi\u0119ki w\u0142a\u015bciwo\u015bciom immunomodulacyjnym i przeciwzapalnym [7].<\/li>\n<li data-start=\"1336\" data-end=\"1452\"><strong data-start=\"1339\" data-end=\"1367\">Zmniejsza objawy alergii<\/strong> \u2013 mo\u017ce redukowa\u0107 reakcje alergiczne poprzez modulacj\u0119 uk\u0142adu immunologicznego [8].<\/li>\n<li data-start=\"1453\" data-end=\"1596\"><strong data-start=\"1456\" data-end=\"1485\">Dzia\u0142a przeciwnowotworowo<\/strong> \u2013 wykazuje zdolno\u015b\u0107 do hamowania wzrostu niekt\u00f3rych typ\u00f3w nowotwor\u00f3w, takich jak ch\u0142oniaki i rak piersi [9].<\/li>\n<li data-start=\"1597\" data-end=\"1739\"><strong data-start=\"1601\" data-end=\"1633\">Poprawia kondycj\u0119 psychiczn\u0105<\/strong> \u2013 suplementacja \u03b2-glukanem zmniejsza uczucie zm\u0119czenia, poprawia nastr\u00f3j i redukuje objawy stresu [10].<\/li>\n<\/ol>\n<h6 data-start=\"1741\" data-end=\"1758\">\u0179r\u00f3d\u0142a:<\/h6>\n<ol data-start=\"1760\" data-end=\"4048\">\n<li data-start=\"1760\" data-end=\"2013\">\n<h6>Vlassopoulou, M., Kyriacou, A., Pletsa, V., Zervakis, G., &amp; Yiannakoulia, M. (2020). <em data-start=\"1848\" data-end=\"1968\">\u03b2-(1\u21923,1\u21926)-D-glucans in disease prevention and health promotion &#8211; a systematic review of randomized controlled trials<\/em>. Proceedings of the Nutrition Society, 79.<\/h6>\n<\/li>\n<li data-start=\"2014\" data-end=\"2221\">\n<h6>Talbott, S., &amp; Talbott, J. (2009). <em data-start=\"2052\" data-end=\"2165\">Effect of BETA 1,3\/1,6 GLUCAN on Upper Respiratory Tract Infection Symptoms and Mood State in Marathon Athletes<\/em>. Journal of Sports Science &amp; Medicine, 8(4), 509-515.<\/h6>\n<\/li>\n<li data-start=\"2222\" data-end=\"2423\">\n<h6>Harnack, U., Eckert, K., &amp; Pecher, G. (2011). <em data-start=\"2271\" data-end=\"2381\">Beta-(1-3),(1-6)-D-glucan enhances the effect of low-dose cyclophosphamide treatment on A20 lymphoma in mice<\/em>. Anticancer Research, 31(4), 1169-1172.<\/h6>\n<\/li>\n<li data-start=\"2424\" data-end=\"2767\">\n<h6>Shen, K., Bao, L., Liu, M., Lei, W., Zhou, Q., Ding, J., Fang, P., Hu, B., Wen, C., Kumar, V., Peng, M., &amp; Yang, G. (2023). <em data-start=\"2551\" data-end=\"2735\">Dietary supplementation of \u03b2-1,3-glucan improves the intestinal health of white shrimp (Litopenaeus vannamei) by modulating intestinal microbiota and inhibiting inflammatory response<\/em>. Frontiers in Immunology, 14.<\/h6>\n<\/li>\n<li data-start=\"2768\" data-end=\"2983\">\n<h6>Cleary, J., Kelly, G., &amp; Husband, A. (1999). <em data-start=\"2816\" data-end=\"2935\">The effect of molecular weight and beta-1,6-linkages on priming of macrophage function in mice by (1,3)-beta-D-glucan<\/em>. Immunology and Cell Biology, 77(5), 395-403.<\/h6>\n<\/li>\n<li data-start=\"2984\" data-end=\"3149\">\n<h6>Seo, Y., Kim, H-B., Cheong, K., &amp; Lim, K. (2018). <em data-start=\"3037\" data-end=\"3146\">Beta glucan: Heath benefits of optimal ingredients via the mixture ratio of rice bran and Sarcodon aspratus<\/em>.<\/h6>\n<\/li>\n<li data-start=\"3150\" data-end=\"3453\">\n<h6>Qiao, Y., Ye, X., Zhong, L., Xia, C., Zhang, L., Yang, F., Li, Y., Fang, X., Fu, L., Huang, Y., Cao, H., Li, Z., &amp; Cui, Z. (2022). <em data-start=\"3284\" data-end=\"3433\">Yeast \u03b2-1,3-glucan production by an outer membrane \u03b2-1,6-glucanase: process optimization, structural characterization and immunomodulatory activity<\/em>. Food &amp; Function.<\/h6>\n<\/li>\n<li data-start=\"3454\" data-end=\"3701\">\n<h6>Ikewaki, N., Fujii, N., Onaka, T., Ikewaki, S., &amp; Inoko, H. (2007). <em data-start=\"3525\" data-end=\"3653\">Immunological actions of Sophy beta-glucan (beta-1,3-1,6 glucan), currently available commercially as a health food supplement<\/em>. Microbiology and Immunology, 51(9), 861-873.<\/h6>\n<\/li>\n<li data-start=\"3702\" data-end=\"3937\">\n<h6>Gomaa, K., Kraus, J., Ro\u00dfkopf, F., R\u00f6per, H., &amp; Franz, G. (1992). <em data-start=\"3771\" data-end=\"3867\">Antitumour and immunological activity of a beta 1&#8212;-3\/1&#8212;-6 glucan from Glomerella cingulata<\/em>. Journal of Cancer Research and Clinical Oncology, 118(2), 136-140.<\/h6>\n<\/li>\n<li data-start=\"3938\" data-end=\"4048\">\n<h6>Dhandapani, 1., Rajakumar, 2., &amp; Ayyasamy, P. M. (2012). <em data-start=\"3999\" data-end=\"4045\">Beta-Glucans: A New Source for Human Welfare<\/em>.<\/h6>\n<\/li>\n<\/ol>\n<h6>Podane o\u015bwiadczenia odnosz\u0105 si\u0119 do bada\u0144 nad \u03b2-1,3\/1,6-glukanem<strong>,\u00a0<\/strong>nie nad produktem Beta Glucan Encann\u00ae. Nie s\u0105 to o\u015bwiadczenia dotycz\u0105ce w\u0142a\u015bciwo\u015bci leczniczych oferowanego produktu. Zgodnie z tre\u015bci\u0105 rozporz\u0105dzenia PARLAMENTU EUROPEJSKIEGO 1924\/2006\u00a0 przedstawiono na tej stronie weryfikowalne dowody naukowe dotycz\u0105ce bada\u0144 nad zastosowaniem \u03b2-1,3\/1,6-glukanu- g\u0142\u00f3wnego sk\u0142adnika oferowanego produktu.<\/h6>\n<p>\t\t\t\t<\/div>\n\t\t\t\t\t<\/div>\n\n\t\t\t\t\t<\/div>\n\t\t<\/div>\n\n\t\t<\/div><\/div><\/div><div class=\"wpb_column vc_column_container vc_col-sm-2\"><div class=\"vc_column-inner\"><div class=\"wpb_wrapper\"><\/div><\/div><\/div><\/div>\n<\/div>","protected":false},"excerpt":{"rendered":"<p><em>60 capsules (500 mg each).<\/em><\/p>\n<h1><strong>1,3-1,6-D-Beta Glucan 60 capsules<\/strong><\/h1>\n<p><em>Encann\u00ae Adaptsense Extract<\/em><\/p>\n<p>Concentrated extract from the cell wall of saccharomyces cerevisiae containing\u00a0 <b>500 mg of 1,3-1,6-D-Beta Glucan per capsule and as much as 30,000 mg per package.\u00a0<\/b><\/p>\n<p>Net weight <strong>37.5 g | 30 suggested daily servings of product<\/strong><\/p>","protected":false},"featured_media":4822,"template":"","meta":[],"product_brand":[],"product_cat":[95,97],"product_tag":[],"class_list":{"0":"post-4818","1":"product","2":"type-product","3":"status-publish","4":"has-post-thumbnail","6":"product_cat-wszystkie_produkty","7":"product_cat-adaptsense","9":"first","10":"instock","11":"taxable","12":"shipping-taxable","13":"purchasable","14":"product-type-simple"},"_links":{"self":[{"href":"https:\/\/encann.pl\/en\/wp-json\/wp\/v2\/product\/4818","targetHints":{"allow":["GET"]}}],"collection":[{"href":"https:\/\/encann.pl\/en\/wp-json\/wp\/v2\/product"}],"about":[{"href":"https:\/\/encann.pl\/en\/wp-json\/wp\/v2\/types\/product"}],"wp:featuredmedia":[{"embeddable":true,"href":"https:\/\/encann.pl\/en\/wp-json\/wp\/v2\/media\/4822"}],"wp:attachment":[{"href":"https:\/\/encann.pl\/en\/wp-json\/wp\/v2\/media?parent=4818"}],"wp:term":[{"taxonomy":"product_brand","embeddable":true,"href":"https:\/\/encann.pl\/en\/wp-json\/wp\/v2\/product_brand?post=4818"},{"taxonomy":"product_cat","embeddable":true,"href":"https:\/\/encann.pl\/en\/wp-json\/wp\/v2\/product_cat?post=4818"},{"taxonomy":"product_tag","embeddable":true,"href":"https:\/\/encann.pl\/en\/wp-json\/wp\/v2\/product_tag?post=4818"}],"curies":[{"name":"wp","href":"https:\/\/api.w.org\/{rel}","templated":true}]}}