{"id":4830,"date":"2025-02-17T12:50:37","date_gmt":"2025-02-17T11:50:37","guid":{"rendered":"https:\/\/encann.pl\/?post_type=product&#038;p=4830"},"modified":"2026-04-19T13:01:15","modified_gmt":"2026-04-19T11:01:15","slug":"mushroom-complex-500-mg-60-capsules","status":"publish","type":"product","link":"https:\/\/encann.pl\/en\/product\/mushroom-complex-500-mg-60-capsules\/","title":{"rendered":"Mushroom Complex 500 mg 60 capsules"},"content":{"rendered":"<div class=\"wpb-content-wrapper\"><div class=\"vc_row wpb_row vc_row-fluid\"><div class=\"wpb_column vc_column_container vc_col-sm-2\"><div class=\"vc_column-inner\"><div class=\"wpb_wrapper\"><\/div><\/div><\/div><div class=\"wpb_column vc_column_container vc_col-sm-8\"><div class=\"vc_column-inner\"><div class=\"wpb_wrapper\">\n\t\t<div id=\"wd-66d5accc58ce5\" class=\"wd-tabs wd-wpb wd-rs-66d5accc58ce5 tabs-design-default \">\n\t\t\t<div class=\"wd-tabs-header text-center\">\n\t\t\t\t\n\t\t\t\t\n\t\t\t\t<div class=\"wd-nav-wrapper wd-nav-tabs-wrapper wd-mb-action-swipe\">\n\t\t\t\t\t<ul class=\"wd-nav wd-nav-tabs wd-icon-pos-left wd-style-default font-primary wd-fontsize-s wd-font-weight-600\">\n\t\t\t\t\t\t\t\t\t\t\t\t\t\n\t\t\t\t\t\t\t<li>\n\t\t\t\t\t\t\t\t<a href=\"#\" class=\"wd-nav-link\">\n\t\t\t\t\t\t\t\t\t\t\t\t\t\t\t\t\t\t<span class=\"nav-link-text wd-tabs-title\">\n\t\t\t\t\t\t\t\t\t\tOPIS PRODUKTU\t\t\t\t\t\t\t\t\t<\/span>\n\t\t\t\t\t\t\t\t<\/a>\n\t\t\t\t\t\t\t<\/li>\n\n\t\t\t\t\t\t\t\t\t\t\t\t\t\n\t\t\t\t\t\t\t<li>\n\t\t\t\t\t\t\t\t<a href=\"#\" class=\"wd-nav-link\">\n\t\t\t\t\t\t\t\t\t\t\t\t\t\t\t\t\t\t<span class=\"nav-link-text wd-tabs-title\">\n\t\t\t\t\t\t\t\t\t\tSk\u0142ad\t\t\t\t\t\t\t\t\t<\/span>\n\t\t\t\t\t\t\t\t<\/a>\n\t\t\t\t\t\t\t<\/li>\n\n\t\t\t\t\t\t\t\t\t\t\t\t\t\n\t\t\t\t\t\t\t<li>\n\t\t\t\t\t\t\t\t<a href=\"#\" class=\"wd-nav-link\">\n\t\t\t\t\t\t\t\t\t\t\t\t\t\t\t\t\t\t<span class=\"nav-link-text wd-tabs-title\">\n\t\t\t\t\t\t\t\t\t\tBadania naukowe\t\t\t\t\t\t\t\t\t<\/span>\n\t\t\t\t\t\t\t\t<\/a>\n\t\t\t\t\t\t\t<\/li>\n\n\t\t\t\t\t\t\n\t\t\t\t\t<\/ul>\n\t\t\t\t<\/div>\n\t\t\t<\/div>\n\n\t\t\t<div class=\"wd-tabs-content-wrapper\">\n\t\t\t\t\n\t\t<div class=\"wd-tab-content\">\n\t\t\t\t\t\t\t<div class=\"wd-entry-content\">\n\t\t\t\t\t<\/p>\n<h1><strong>Mushroom Complex 60 kapsu\u0142ek<\/strong><\/h1>\n<p class=\"p1\"><strong>W 1 kapsu\u0142ce zmie\u015bcili\u015bmy a\u017c po 125 mg naturalnych ekstrakt\u00f3w z Lion&#8217;s Mane, Reishi, Chagi oraz 1,3\/1,6 Beta Glukanu w r\u00f3wnych proporcjach. \u0141\u0105cznie 500 mg w kapsu\u0142ce i 1000 mg w sugerowanej porcji dziennej.<\/strong><\/p>\n<p class=\"p1\">Nasz Beta Glukan powsta\u0142 w wyniku ekstrakcji owocnik\u00f3w Lion&#8217;s Mane, Reishi, Chagi oraz\u00a0 Saccharomyces cerevisiae. Zawiera tylko sk\u0142adniki pochodzenia naturalnego.<\/p>\n<p data-start=\"76\" data-end=\"669\">Odkryj synergiczne dzia\u0142anie czterech pot\u0119\u017cnych sk\u0142adnik\u00f3w, kt\u00f3re wspieraj\u0105 organizm na wielu poziomach. <strong data-start=\"181\" data-end=\"196\">Lion\u2019s Mane<\/strong> pobudza syntez\u0119 NGF, wspomagaj\u0105c pami\u0119\u0107 i regeneracj\u0119 uk\u0142adu nerwowego, a tak\u017ce korzystnie wp\u0142ywa na jelita. <strong data-start=\"306\" data-end=\"316\">Reishi<\/strong> jako adaptogen pomaga regulowa\u0107 stres, poprawia jako\u015b\u0107 snu i wzmacnia odporno\u015b\u0107. <strong data-start=\"398\" data-end=\"407\">Chaga<\/strong> to naturalne wsparcie antyoksydacyjne, chroni\u0105ce kom\u00f3rki przed stresem oksydacyjnym i wspieraj\u0105ce zdrowie w\u0105troby. <strong data-start=\"523\" data-end=\"547\">Beta-glukany 1,3\/1,6<\/strong> aktywuj\u0105 uk\u0142ad odporno\u015bciowy, pobudzaj\u0105c makrofagi i kom\u00f3rki NK, a tak\u017ce pomagaj\u0105 w utrzymaniu r\u00f3wnowagi metabolicznej.<\/p>\n<p data-start=\"671\" data-end=\"886\" data-is-last-node=\"\">Po\u0142\u0105czone w jednym produkcie, te sk\u0142adniki dzia\u0142aj\u0105 holistycznie, wzmacniaj\u0105c <strong data-start=\"749\" data-end=\"798\">m\u00f3zg, odporno\u015b\u0107, uk\u0142ad trawienny i metabolizm<\/strong>. Idealne wsparcie dla os\u00f3b poszukuj\u0105cych naturalnej r\u00f3wnowagi i witalno\u015bci na co dzie\u0144.<\/p>\n<p><strong>To wysokiej jako\u015bci suplement diety<\/strong>, kt\u00f3ry \u0142\u0105czy w sobie zalety czterech grzyb\u00f3w funkcjonalnych o najbardziej obiecuj\u0105cych wynikach bada\u0144 naukowych nad ich zastosowaniem przy spo\u017cyciu przez ludzi.<\/p>\n<p class=\"p1\"><strong>Nie zawiera sztucznych dodatk\u00f3w, ani wype\u0142niaczy.<\/strong>\u00a0Ekstrakty od Encann\u00ae to\u00a0<strong>najwy\u017csza<\/strong>\u00a0dawka substancji czynnej w\u00a0 jednej dziennej dawce.<\/p>\n<p class=\"p1\">W zak\u0142adce\u00a0<strong>sk\u0142ad\u00a0<\/strong>znajdziesz wi\u0119cej informacji o surowcach i produkcji.<\/p>\n<p>W zak\u0142adce\u00a0<strong>badania naukowe<\/strong> znajdziesz informacje o potwierdzonych zaletach sk\u0142adnik\u00f3w oferowanego produktu.<\/p>\n<p><b>Nutraceutyki AdaptSense<\/b>\u00a0od Encann\u00ae powstaj\u0105ce na bazie ro\u015blin adaptogennych, cz\u0119sto okre\u015blanych jako \u017cywno\u015b\u0107 funkcjonalna, zdobywaj\u0105 coraz wi\u0119ksz\u0105 popularno\u015b\u0107 jako forma suplementacji, i to z kilku wa\u017cnych powod\u00f3w. W przeciwie\u0144stwie do syntetycznych suplement\u00f3w,\u00a0<b>nutraceutyki<\/b>\u00a0s\u0105\u00a0 lepiej przyswajane przez organizm. Naturalne sk\u0142adniki s\u0105 \u0142atwiej rozpoznawalne przez cia\u0142o, co zwi\u0119ksza ich skuteczno\u015b\u0107. Jako produkty naturalne, nutraceutyki zazwyczaj maj\u0105 mniej skutk\u00f3w ubocznych w por\u00f3wnaniu do tradycyjnych farmaceutyk\u00f3w i syntetycznych suplement\u00f3w. Przede wszystkim jednak, adaptogeny wykazuj\u0105 wysokie dzia\u0142anie synergiczne pomi\u0119dzy sob\u0105.<\/p>\n<h6 class=\"p1\">Ten produkt to suplement diety. Nie przekracza\u0107 zalecanej porcji do spo\u017cycia w ci\u0105gu dnia. Suplementy diety nie mog\u0105 by\u0107 stosowane jako substytut (zamiennik) zr\u00f3\u017cnicowanej diety. Suplementy diety powinny by\u0107 przechowywane w spos\u00f3b niedost\u0119pny dla ma\u0142ych dzieci. Wyprodukowano w Polsce. Data przydatno\u015bci do spo\u017cycia znajduje si\u0119 na opakowaniu- wynosi minimum rok od chwili zakupu. Podmiot odpowiedzialny: Encann sp. z o. o.<\/h6>\n<p>\t\t\t\t<\/div>\n\t\t\t\t\t<\/div>\n\n\t\t\n\t\t<div class=\"wd-tab-content\">\n\t\t\t\t\t\t\t<div class=\"wd-entry-content\">\n\t\t\t\t\t<strong>Sk\u0142ad: Ekstrakt z sopl\u00f3wki je\u017cowatej, ekstrakt z lakownicy \u017c\u00f3\u0142tawej, ekstrakt z b\u0142yskoporka podkorowego, \u03b2-1,3\/1,6-D-Glucan, HPMC (kapsu\u0142ka).<\/strong><\/p>\n<p><em><strong>W opakowaniu:<\/strong><\/em><\/p>\n<p><strong>30 000 mg<\/strong>\u00a0<b>kompleksu grzybowych ekstrakt\u00f3w.\u00a0<\/b><\/p>\n<p><em><strong>W zalecanej dziennej porcji:<\/strong><\/em><\/p>\n<p><strong>1000 mg<\/strong> <b>grzybowych ekstrakt\u00f3w.<\/b><\/p>\n<p><strong>Mushroom Complex Encann\u00ae nie zawiera syntetycznych sk\u0142adnik\u00f3w, wype\u0142niaczy czy konserwant\u00f3w.<\/strong><\/p>\n<p>Produkt powsta\u0142 na bazie naturalnych sk\u0142adnik\u00f3w &#8211; grzyb\u00f3w, w wyniku ich ekstrakcji, skoncentrowania i umieszczenia w kapsu\u0142kach. Jest odpowiedni dla wegan i wegetarian.\t\t\t\t<\/div>\n\t\t\t\t\t<\/div>\n\n\t\t\n\t\t<div class=\"wd-tab-content\">\n\t\t\t\t\t\t\t<div class=\"wd-entry-content\">\n\t\t\t\t\t<\/p>\n<ol>\n<li><strong>Lion\u2019s Mane (Hericium erinaceus) wspomaga zdrowie m\u00f3zgu<\/strong> poprzez stymulacj\u0119 syntezy czynnika wzrostu nerw\u00f3w (NGF), co mo\u017ce pomaga\u0107 w leczeniu chor\u00f3b neurodegeneracyjnych, takich jak Alzheimer i Parkinson [1].<\/li>\n<li><strong>Chaga (Inonotus obliquus) wykazuje silne w\u0142a\u015bciwo\u015bci przeciwutleniaj\u0105ce<\/strong>, chroni\u0105c kom\u00f3rki przed stresem oksydacyjnym i przyczyniaj\u0105c si\u0119 do op\u00f3\u017anienia proces\u00f3w starzenia [2].<\/li>\n<li><strong>Reishi (Ganoderma lucidum) wzmacnia uk\u0142ad odporno\u015bciowy<\/strong>, aktywuj\u0105c makrofagi i limfocyty, co mo\u017ce wspiera\u0107 organizm w walce z infekcjami i nowotworami [3].<\/li>\n<li><strong>1,3\/1,6 beta-glukan stymuluje odpowied\u017a immunologiczn\u0105<\/strong>, poprawiaj\u0105c dzia\u0142anie makrofag\u00f3w i neutrofili oraz zwi\u0119kszaj\u0105c odporno\u015b\u0107 organizmu na infekcje [4].<\/li>\n<li><strong>Lion\u2019s Mane mo\u017ce poprawia\u0107 funkcje poznawcze<\/strong>, wspieraj\u0105c pami\u0119\u0107 i koncentracj\u0119 oraz zmniejszaj\u0105c ryzyko pogorszenia funkcji kognitywnych u os\u00f3b starszych [5].<\/li>\n<li><strong>Chaga mo\u017ce mie\u0107 dzia\u0142anie przeciwnowotworowe<\/strong>, wspieraj\u0105c uk\u0142ad odporno\u015bciowy w walce z kom\u00f3rkami nowotworowymi i hamuj\u0105c ich proliferacj\u0119 [6].<\/li>\n<li><strong>Reishi wykazuje w\u0142a\u015bciwo\u015bci przeciwzapalne i antyoksydacyjne<\/strong>, kt\u00f3re mog\u0105 pom\u00f3c w redukcji stan\u00f3w zapalnych i poprawie zdrowia sercowo-naczyniowego [7].<\/li>\n<li><strong>1,3\/1,6 beta-glukan mo\u017ce wspiera\u0107 metabolizm lipid\u00f3w<\/strong>, pomagaj\u0105c obni\u017cy\u0107 poziom cholesterolu LDL i poprawiaj\u0105c profil lipidowy krwi [8].<\/li>\n<li><strong>Chaga i Reishi mog\u0105 wspiera\u0107 zdrowie w\u0105troby<\/strong>, pomagaj\u0105c w jej regeneracji i ochronie przed toksynami [9].<\/li>\n<li><strong>Lion\u2019s Mane, Reishi i beta-glukany mog\u0105 poprawia\u0107 nastr\u00f3j<\/strong>, redukuj\u0105c objawy depresji i l\u0119ku oraz wspieraj\u0105c zdrowie psychiczne [10].<\/li>\n<\/ol>\n<h6>Bibliografia:<\/h6>\n<ol>\n<li>\n<h6>Banerjee, S., Gupta, S., Raj, R., Gupta, M., Kumari, S., &amp; Kuar, G. (2024). <em>Unlocking the potential of Lion\u2019s Mane Mushroom (Hericium erinaceus)<\/em>. Journal of Applied and Natural Science.<\/h6>\n<\/li>\n<li>\n<h6>\u0141ysakowska, P., Sobota, A., &amp; Wirkijowska, A. (2023). <em>Medicinal Mushrooms: Their Bioactive Components, Nutritional Value and Application in Functional Food Production\u2014A Review<\/em>. Molecules, 28.<\/h6>\n<\/li>\n<li>\n<h6>Batbayar, S., Kim, M. J., &amp; Kim, H. W. (2011). <em>Medicinal mushroom Lingzhi or Reishi, Ganoderma lucidum (W.Curt.:Fr.) P. Karst., beta-glucan induces Toll-like receptors and fails to induce inflammatory cytokines in NF-kappaB inhibitor-treated macrophages<\/em>. International Journal of Medicinal Mushrooms, 13(3), 213-225.<\/h6>\n<\/li>\n<li>\n<h6>Ikewaki, N., Sonoda, T., Kurosawa, G., Iwasaki, M., Dedeepiya, V., Senthilkumar, R., Preethy, S., &amp; Abraham, S. (2023). <em>Beta 1,3-1,6 Glucans Produced by Two Novel Strains of Aureobasidium Pullulans Exert Immune and Metabolic Beneficial Effects in Healthy Middle-aged Japanese Men: Results of an Exploratory Randomized Control Study<\/em>. JAR Life, 12, 61-71.<\/h6>\n<\/li>\n<li>\n<h6>Spelman, K., Sutherland, E., &amp; Bagade, A. (2017). <em>Neurological Activity of Lion\u2019s Mane (Hericium erinaceus)<\/em>. Journal of Restorative Medicine, 6, 19-26.<\/h6>\n<\/li>\n<li>\n<h6>Rhee, S., Cho, S., Kim, K. M., Cha, D., &amp; Park, H. (2008). <em>A comparative study of analytical methods for alkali-soluble \u03b2-glucan in medicinal mushroom, Chaga (Inonotus obliquus)<\/em>. LWT &#8211; Food Science and Technology, 41, 545-549.<\/h6>\n<\/li>\n<li>\n<h6>Kiss, A., Gr\u00fcnvald, P., Lad\u00e1nyi, M., Papp, V., Papp, I., N\u00e9medi, E., &amp; Mirmazloum, I. (2021). <em>Heat Treatment of Reishi Medicinal Mushroom (Ganoderma lingzhi) Basidiocarp Enhanced Its \u03b2-glucan Solubility, Antioxidant Capacity and Lactogenic Properties<\/em>. Foods, 10.<\/h6>\n<\/li>\n<li>\n<h6>Chen, S., Nan, F., Liu, M., Yang, M. F., Chang, Y. C., &amp; Chen, S. (2023). <em>Evaluation of Immune Modulation by \u03b2-1,3; 1,6 D-Glucan Derived from Ganoderma lucidum in Healthy Adult Volunteers, A Randomized Controlled Trial<\/em>. Foods, 12.<\/h6>\n<\/li>\n<li>\n<h6>Friedman, M. (2015). <em>Chemistry, Nutrition, and Health-Promoting Properties of Hericium erinaceus (Lion&#8217;s Mane) Mushroom Fruiting Bodies and Mycelia and Their Bioactive Compounds<\/em>. Journal of Agricultural and Food Chemistry, 63(32), 7108-23.<\/h6>\n<\/li>\n<li>\n<h6>Cortonesi, P., Almeida, L. F., Pinheiro, R. M. T., P\u00e9rico, C., &amp; Castaldelli-Maia, J. (2023). <em>Use of Hericium erinaceus as a potential therapeutic of mental disorders: a systematic review<\/em>. Debates em Psiquiatria.<\/h6>\n<\/li>\n<\/ol>\n<p>\t\t\t\t<\/div>\n\t\t\t\t\t<\/div>\n\n\t\t\t\t\t<\/div>\n\t\t<\/div>\n\n\t\t<\/div><\/div><\/div><div class=\"wpb_column vc_column_container vc_col-sm-2\"><div class=\"vc_column-inner\"><div class=\"wpb_wrapper\"><\/div><\/div><\/div><\/div>\n<\/div>","protected":false},"excerpt":{"rendered":"<p><em>60 capsules (500 mg each).<\/em><\/p>\n<h1><strong>Functional mushroom complex<\/strong><\/h1>\n<p><em>Encann\u00ae Adaptsense Extract<\/em><\/p>\n<p>Functional mushroom complex in capsules. A combination of <strong>Lion's Mane, Reishi, Chagi<\/strong>, enriched with natural <strong>beta glucan<\/strong>.<\/p>\n<p>Net weight <strong>37.5 g | 30 suggested daily servings of product<\/strong><\/p>","protected":false},"featured_media":4838,"template":"","meta":[],"product_brand":[],"product_cat":[95,97],"product_tag":[],"class_list":{"0":"post-4830","1":"product","2":"type-product","3":"status-publish","4":"has-post-thumbnail","6":"product_cat-wszystkie_produkty","7":"product_cat-adaptsense","9":"first","10":"instock","11":"taxable","12":"shipping-taxable","13":"purchasable","14":"product-type-simple"},"_links":{"self":[{"href":"https:\/\/encann.pl\/en\/wp-json\/wp\/v2\/product\/4830","targetHints":{"allow":["GET"]}}],"collection":[{"href":"https:\/\/encann.pl\/en\/wp-json\/wp\/v2\/product"}],"about":[{"href":"https:\/\/encann.pl\/en\/wp-json\/wp\/v2\/types\/product"}],"wp:featuredmedia":[{"embeddable":true,"href":"https:\/\/encann.pl\/en\/wp-json\/wp\/v2\/media\/4838"}],"wp:attachment":[{"href":"https:\/\/encann.pl\/en\/wp-json\/wp\/v2\/media?parent=4830"}],"wp:term":[{"taxonomy":"product_brand","embeddable":true,"href":"https:\/\/encann.pl\/en\/wp-json\/wp\/v2\/product_brand?post=4830"},{"taxonomy":"product_cat","embeddable":true,"href":"https:\/\/encann.pl\/en\/wp-json\/wp\/v2\/product_cat?post=4830"},{"taxonomy":"product_tag","embeddable":true,"href":"https:\/\/encann.pl\/en\/wp-json\/wp\/v2\/product_tag?post=4830"}],"curies":[{"name":"wp","href":"https:\/\/api.w.org\/{rel}","templated":true}]}}