{"id":4926,"date":"2025-04-08T17:25:40","date_gmt":"2025-04-08T15:25:40","guid":{"rendered":"https:\/\/encann.pl\/?post_type=product&#038;p=4926"},"modified":"2026-04-14T14:16:30","modified_gmt":"2026-04-14T12:16:30","slug":"chaga-extract-in-liquid-3x50-ml-150-ml","status":"publish","type":"product","link":"https:\/\/encann.pl\/en\/product\/chaga-extract-in-liquid-3x50-ml-150-ml\/","title":{"rendered":"Chaga Liquid Extract 3\u00d750 ml (150 ml)"},"content":{"rendered":"<div class=\"wpb-content-wrapper\"><div class=\"vc_row wpb_row vc_row-fluid\"><div class=\"wpb_column vc_column_container vc_col-sm-2\"><div class=\"vc_column-inner\"><div class=\"wpb_wrapper\"><\/div><\/div><\/div><div class=\"wpb_column vc_column_container vc_col-sm-8\"><div class=\"vc_column-inner\"><div class=\"wpb_wrapper\">\n\t\t<div id=\"wd-66d5accc58ce5\" class=\"wd-tabs wd-wpb wd-rs-66d5accc58ce5 tabs-design-default \">\n\t\t\t<div class=\"wd-tabs-header text-center\">\n\t\t\t\t\n\t\t\t\t\n\t\t\t\t<div class=\"wd-nav-wrapper wd-nav-tabs-wrapper wd-mb-action-swipe\">\n\t\t\t\t\t<ul class=\"wd-nav wd-nav-tabs wd-icon-pos-left wd-style-default font-primary wd-fontsize-s wd-font-weight-600\">\n\t\t\t\t\t\t\t\t\t\t\t\t\t\n\t\t\t\t\t\t\t<li>\n\t\t\t\t\t\t\t\t<a href=\"#\" class=\"wd-nav-link\">\n\t\t\t\t\t\t\t\t\t\t\t\t\t\t\t\t\t\t<span class=\"nav-link-text wd-tabs-title\">\n\t\t\t\t\t\t\t\t\t\tOPIS PRODUKTU\t\t\t\t\t\t\t\t\t<\/span>\n\t\t\t\t\t\t\t\t<\/a>\n\t\t\t\t\t\t\t<\/li>\n\n\t\t\t\t\t\t\t\t\t\t\t\t\t\n\t\t\t\t\t\t\t<li>\n\t\t\t\t\t\t\t\t<a href=\"#\" class=\"wd-nav-link\">\n\t\t\t\t\t\t\t\t\t\t\t\t\t\t\t\t\t\t<span class=\"nav-link-text wd-tabs-title\">\n\t\t\t\t\t\t\t\t\t\tSk\u0142ad\t\t\t\t\t\t\t\t\t<\/span>\n\t\t\t\t\t\t\t\t<\/a>\n\t\t\t\t\t\t\t<\/li>\n\n\t\t\t\t\t\t\t\t\t\t\t\t\t\n\t\t\t\t\t\t\t<li>\n\t\t\t\t\t\t\t\t<a href=\"#\" class=\"wd-nav-link\">\n\t\t\t\t\t\t\t\t\t\t\t\t\t\t\t\t\t\t<span class=\"nav-link-text wd-tabs-title\">\n\t\t\t\t\t\t\t\t\t\tBadania naukowe\t\t\t\t\t\t\t\t\t<\/span>\n\t\t\t\t\t\t\t\t<\/a>\n\t\t\t\t\t\t\t<\/li>\n\n\t\t\t\t\t\t\n\t\t\t\t\t<\/ul>\n\t\t\t\t<\/div>\n\t\t\t<\/div>\n\n\t\t\t<div class=\"wd-tabs-content-wrapper\">\n\t\t\t\t\n\t\t<div class=\"wd-tab-content\">\n\t\t\t\t\t\t\t<div class=\"wd-entry-content\">\n\t\t\t\t\t<\/p>\n<h3>P\u0142ynny ekstrakt z owocnik\u00f3w Chagi (B\u0142yskoporek podkorowy)\u00a0 50 ml<\/h3>\n<p class=\"p1\">Produkt Chaga Extract Encann\u00ae to czysty ekstrakt pochodz\u0105cy z <strong>owocnik\u00f3w<\/strong> grzyba Chaga (Inonotus obliquus)<\/p>\n<p data-start=\"48\" data-end=\"475\">Grzyb Chaga (Inonotus obliquus) to wyj\u0105tkowy skarb natury, znany i ceniony od wiek\u00f3w w medycynie ludowej Syberii, Skandynawii oraz kraj\u00f3w Dalekiego Wschodu. Ro\u015bnie g\u0142\u00f3wnie na brzozach w ch\u0142odnych rejonach, czerpi\u0105c z nich cenne sk\u0142adniki od\u017cywcze. Bogaty w <strong data-start=\"305\" data-end=\"348\">antyoksydanty, polisacharydy i betulin\u0119<\/strong>, Chaga wspiera odporno\u015b\u0107, dzia\u0142a przeciwzapalnie i korzystnie wp\u0142ywa na organizm, pomagaj\u0105c w walce ze stresem oksydacyjnym.<\/p>\n<p data-start=\"477\" data-end=\"848\" data-is-last-node=\"\" data-is-only-node=\"\">Jego naturalne w\u0142a\u015bciwo\u015bci doceniane s\u0105 szczeg\u00f3lnie w formie herbaty, ekstrakt\u00f3w i suplement\u00f3w, kt\u00f3re wspomagaj\u0105 <strong data-start=\"590\" data-end=\"665\">zdrowie uk\u0142adu trawiennego, poprawiaj\u0105 funkcje w\u0105troby i dodaj\u0105 energii<\/strong>. Dzi\u0119ki \u0142agodnemu, ziemistemu smakowi wyci\u0105g z Chagi jest doskona\u0142ym dodatkiem do codziennej diety. Odkryj moc tego unikalnego grzyba i poczuj jego dobroczynny wp\u0142yw na sw\u00f3j organizm!<\/p>\n<p><b>Nutraceutyki AdaptSense<\/b>\u00a0od Encann\u00ae powstaj\u0105ce na bazie ro\u015blin adaptogennych, cz\u0119sto okre\u015blanych jako \u017cywno\u015b\u0107 funkcjonalna, zdobywaj\u0105 coraz wi\u0119ksz\u0105 popularno\u015b\u0107 jako forma suplementacji, i to z kilku wa\u017cnych powod\u00f3w. W przeciwie\u0144stwie do syntetycznych suplement\u00f3w,\u00a0<b>nutraceutyki<\/b>\u00a0s\u0105\u00a0 lepiej przyswajane przez organizm. Naturalne sk\u0142adniki s\u0105 \u0142atwiej rozpoznawalne przez cia\u0142o, co zwi\u0119ksza ich skuteczno\u015b\u0107. Jako produkty naturalne, nutraceutyki zazwyczaj maj\u0105 mniej skutk\u00f3w ubocznych w por\u00f3wnaniu do tradycyjnych farmaceutyk\u00f3w i syntetycznych suplement\u00f3w. Przede wszystkim jednak, adaptogeny wykazuj\u0105 wysokie dzia\u0142anie synergiczne pomi\u0119dzy sob\u0105.<\/p>\n<p class=\"p1\"><strong>W 1 porcji dziennej zmie\u015bcili\u015bmy a\u017c 2372 mg owocnik\u00f3w chagi. Zalecana dzienna porcja do spo\u017cycia: 1,5 g produktu (tj. 40 kropli lub 2 naci\u0105gni\u0119cia pipety). Stosowa\u0107 pod j\u0119zyk lub dodawa\u0107 do jedzenia\/napoj\u00f3w.<\/strong><\/p>\n<p class=\"p1\">Owocniki zosta\u0142y wyekstrahowane, skoncentrowane, a nast\u0119pnie rozpuszczone w wodzie z alkoholem, aby wyci\u0105gn\u0105\u0107 z nich to, co najlepsze.<\/p>\n<p class=\"p1\"><strong>Nie zawiera sztucznych dodatk\u00f3w, ani wype\u0142niaczy.<\/strong>\u00a0Ekstrakty od Encann\u00ae to\u00a0<strong>najwy\u017csza<\/strong>\u00a0dawka substancji czynnej w\u00a0 jednej dziennej dawce.<\/p>\n<p class=\"p1\">W zak\u0142adce\u00a0<strong>sk\u0142ad\u00a0<\/strong>znajdziesz wi\u0119cej informacji o surowcach i produkcji.<\/p>\n<p>W zak\u0142adce\u00a0<strong>badania naukowe<\/strong> znajdziesz informacje o potwierdzonych zaletach grzyba Chaga.<\/p>\n<h6 class=\"p1\"><img loading=\"lazy\" decoding=\"async\" class=\"alignnone wp-image-4900 size-full\" src=\"https:\/\/encann.pl\/wp-content\/uploads\/2025\/03\/but_kamien_chaga2-e1742220814359.png\" alt=\"Kompozycja reklamowa suplementu diety z grzybem Chaga\" width=\"1884\" height=\"1558\" srcset=\"https:\/\/encann.pl\/wp-content\/uploads\/2025\/03\/but_kamien_chaga2-e1742220814359.png 1884w, https:\/\/encann.pl\/wp-content\/uploads\/2025\/03\/but_kamien_chaga2-e1742220814359-300x248.png 300w, https:\/\/encann.pl\/wp-content\/uploads\/2025\/03\/but_kamien_chaga2-e1742220814359-1024x847.png 1024w, https:\/\/encann.pl\/wp-content\/uploads\/2025\/03\/but_kamien_chaga2-e1742220814359-768x635.png 768w, https:\/\/encann.pl\/wp-content\/uploads\/2025\/03\/but_kamien_chaga2-e1742220814359-1536x1270.png 1536w, https:\/\/encann.pl\/wp-content\/uploads\/2025\/03\/but_kamien_chaga2-e1742220814359-15x12.png 15w, https:\/\/encann.pl\/wp-content\/uploads\/2025\/03\/but_kamien_chaga2-e1742220814359-600x496.png 600w, https:\/\/encann.pl\/wp-content\/uploads\/2025\/03\/but_kamien_chaga2-e1742220814359-1200x992.png 1200w, https:\/\/encann.pl\/wp-content\/uploads\/2025\/03\/but_kamien_chaga2-e1742220814359-150x124.png 150w\" sizes=\"auto, (max-width: 1884px) 100vw, 1884px\" \/>Ten produkt to suplement diety. Nie przekracza\u0107 zalecanej porcji do spo\u017cycia w ci\u0105gu dnia. Suplementy diety nie mog\u0105 by\u0107 stosowane jako substytut (zamiennik) zr\u00f3\u017cnicowanej diety. Suplementy diety powinny by\u0107 przechowywane w spos\u00f3b niedost\u0119pny dla ma\u0142ych dzieci. Wyprodukowano w Polsce. Data przydatno\u015bci do spo\u017cycia znajduje si\u0119 na opakowaniu- wynosi minimum rok od chwili zakupu. Podmiot odpowiedzialny: Encann sp. z o. o.<\/h6>\n<p>\t\t\t\t<\/div>\n\t\t\t\t\t<\/div>\n\n\t\t\n\t\t<div class=\"wd-tab-content\">\n\t\t\t\t\t\t\t<div class=\"wd-entry-content\">\n\t\t\t\t\t<strong>Sk\u0142ad: Ekstrakt z owocnik\u00f3w b\u0142yskoporka podkorowego (Inonotus obliquus), woda, etanol.<\/strong><\/p>\n<p><em>Wodno-alkoholowy ekstrakt z owocnik\u00f3w Chagi.<\/em><\/p>\n<p><em><strong>W opakowaniu<\/strong><\/em><\/p>\n<p><strong>3x 75 000 mg<\/strong> Chagi w przeliczeniu na suche owocniki<\/p>\n<p><em><strong>W zalecanej dziennej porcji<\/strong><\/em><\/p>\n<p><strong>2272 mg<\/strong>\u00a0Chagi w przeliczeniu na suche owocniki<\/p>\n<p><strong>Chaga AdaptSense Encann\u00ae nie zawiera syntetycznych sk\u0142adnik\u00f3w, wype\u0142niaczy czy konserwant\u00f3w.<\/strong><\/p>\n<p>Wodno-alkoholowa metoda ekstrakcji zapewnia pozyskanie wyj\u0105tkowo\u00a0<strong>szerokiego spektrum substancji znajduj\u0105cych si\u0119 w\u00a0 owocnikach Chagi.\u00a0<\/strong><\/p>\n<p>\t\t\t\t<\/div>\n\t\t\t\t\t<\/div>\n\n\t\t\n\t\t<div class=\"wd-tab-content\">\n\t\t\t\t\t\t\t<div class=\"wd-entry-content\">\n\t\t\t\t\t<strong>Zach\u0119camy do szerokiego zapoznania si\u0119 z badaniami dotycz\u0105cymi Chagi, poni\u017cej przedstawiamy wybrane publikacje naukowe*<\/strong><\/p>\n<h6>*Podane o\u015bwiadczenia odnosz\u0105 si\u0119 do bada\u0144 nad grzybem Inonotus obliquus<strong>,\u00a0<\/strong>nie nad produktem Chaga Extract Encann\u00ae. Nie s\u0105 to o\u015bwiadczenia dotycz\u0105ce w\u0142a\u015bciwo\u015bci leczniczych oferowanego produktu. Zgodnie z tre\u015bci\u0105 rozporz\u0105dzenia PARLAMENTU EUROPEJSKIEGO 1924\/2006\u00a0 przedstawiono na tej stronie weryfikowalne dowody naukowe dotycz\u0105ce bada\u0144 nad zastosowaniem grzyba Chaga- jednego ze sk\u0142adnik\u00f3w oferowanego produktu.<\/h6>\n<p>&nbsp;<\/p>\n<p>Badania nad chag\u0105 (<em data-start=\"19\" data-end=\"38\">Inonotus obliquus<\/em>) wykaza\u0142y, \u017ce posiada silne w\u0142a\u015bciwo\u015bci przeciwutleniaj\u0105ce dzi\u0119ki obecno\u015bci polisacharyd\u00f3w, triterpen\u00f3w i melaniny, co mo\u017ce wspiera\u0107 ochron\u0119 kom\u00f3rek przed stresem oksydacyjnym. Wykazano r\u00f3wnie\u017c jej potencja\u0142 przeciwzapalny, immunomoduluj\u0105cy oraz przeciwnowotworowy. Chaga mo\u017ce wspiera\u0107 regulacj\u0119 poziomu cukru we krwi oraz poprawia\u0107 funkcje w\u0105troby, co sugeruje jej korzystny wp\u0142yw na metabolizm. Istniej\u0105 tak\u017ce dowody na jej dzia\u0142anie przeciwwirusowe, szczeg\u00f3lnie wobec niekt\u00f3rych szczep\u00f3w wirus\u00f3w, w tym grypy.<\/p>\n<ul>\n<li data-start=\"106\" data-end=\"336\">\n<p data-start=\"109\" data-end=\"336\"><strong data-start=\"109\" data-end=\"141\">Dzia\u0142anie przeciwnowotworowe<\/strong> \u2013 Ekstrakt wodny Chagi wykazuje dzia\u0142anie cytotoksyczne wobec kom\u00f3rek raka p\u0142uc A549, przy jednoczesnym ograniczeniu szkodliwego wp\u0142ywu na zdrowe kom\u00f3rki nab\u0142onka oskrzeli [(G\u00e9ry et al., 2018)].<\/p>\n<\/li>\n<li data-start=\"338\" data-end=\"593\">\n<p data-start=\"341\" data-end=\"593\"><strong data-start=\"341\" data-end=\"379\">Szerokie w\u0142a\u015bciwo\u015bci terapeutyczne<\/strong> \u2013 Przegl\u0105d bada\u0144 wykaza\u0142, \u017ce Chaga posiada w\u0142a\u015bciwo\u015bci przeciwzapalne, przeciwnowotworowe, przeciwcukrzycowe, hepatoprotekcyjne i przeciwbakteryjne, co czyni j\u0105 potencjalnym lekiem naturalnym [(Ern et al., 2023)].<\/p>\n<\/li>\n<li data-start=\"595\" data-end=\"861\">\n<p data-start=\"598\" data-end=\"861\"><strong data-start=\"598\" data-end=\"646\">Hamowanie proliferacji kom\u00f3rek nowotworowych<\/strong> \u2013 Frakcja IO4 izolowana z owocnik\u00f3w Chagi wykazuje dzia\u0142anie antynowotworowe wobec kom\u00f3rek raka p\u0142uc, jelita grubego i glejaka, nie wykazuj\u0105c przy tym toksyczno\u015bci wobec zdrowych kom\u00f3rek [(Lemieszek et al., 2011)].<\/p>\n<\/li>\n<li data-start=\"863\" data-end=\"1065\">\n<p data-start=\"866\" data-end=\"1065\"><strong data-start=\"866\" data-end=\"912\">Indukcja apoptozy w kom\u00f3rkach raka w\u0105troby<\/strong> \u2013 Ekstrakt wodny Chagi powoduje zatrzymanie cyklu kom\u00f3rkowego w fazie G0\/G1 oraz indukuje apoptoz\u0119 w kom\u00f3rkach raka w\u0105troby HepG2 [(Youn et al., 2008)].<\/p>\n<\/li>\n<li data-start=\"1067\" data-end=\"1289\">\n<p data-start=\"1070\" data-end=\"1289\"><strong data-start=\"1070\" data-end=\"1100\">Wspomaganie wzrostu w\u0142os\u00f3w<\/strong> \u2013 Lanostanowe triterpeny zawarte w Chaga stymuluj\u0105 proliferacj\u0119 kom\u00f3rek brodawki sk\u00f3rnej mieszka w\u0142osowego, co mo\u017ce przyczynia\u0107 si\u0119 do wspomagania wzrostu w\u0142os\u00f3w [(Sagayama et al., 2019)].<\/p>\n<\/li>\n<li data-start=\"1291\" data-end=\"1508\">\n<p data-start=\"1294\" data-end=\"1508\"><strong data-start=\"1294\" data-end=\"1342\">Poprawa odporno\u015bci i r\u00f3wnowagi energetycznej<\/strong> \u2013 Badania na myszach wykaza\u0142y, \u017ce d\u0142ugotrwa\u0142e spo\u017cywanie ekstraktu wodnego Chagi hamuje wzrost nowotwor\u00f3w i wspomaga termoregulacj\u0119 organizmu [(Arata et al., 2016)].<\/p>\n<\/li>\n<li data-start=\"1510\" data-end=\"1717\">\n<p data-start=\"1513\" data-end=\"1717\"><strong data-start=\"1513\" data-end=\"1558\">Dzia\u0142anie antymutagenne i antyoksydacyjne<\/strong> \u2013 Subfrakcje ekstraktu Chagi wykazuj\u0105 silne w\u0142a\u015bciwo\u015bci antymutagenne i antyoksydacyjne, co mo\u017ce pomaga\u0107 w zapobieganiu uszkodzeniom DNA [(Ham et al., 2009)].<\/p>\n<\/li>\n<li data-start=\"1719\" data-end=\"1939\">\n<p data-start=\"1722\" data-end=\"1939\"><strong data-start=\"1722\" data-end=\"1771\">Hamowanie wzrostu kom\u00f3rek raka jelita grubego<\/strong> \u2013 Ekstrakt etanolowy Chagi powoduje zatrzymanie cyklu kom\u00f3rkowego w fazie G1 w kom\u00f3rkach raka jelita grubego HT-29, zmniejszaj\u0105c ich proliferacj\u0119 [(Lee et al., 2015)].<\/p>\n<\/li>\n<li data-start=\"1941\" data-end=\"2154\">\n<p data-start=\"1944\" data-end=\"2154\"><strong data-start=\"1944\" data-end=\"1975\">W\u0142a\u015bciwo\u015bci przeciwwirusowe<\/strong> \u2013 Ekstrakt wodny Chagi wykazuje silne dzia\u0142anie przeciwwirusowe przeciwko wirusowi opryszczki (HSV-1), blokuj\u0105c fuzj\u0119 b\u0142on wirusowych z kom\u00f3rkami gospodarza [(Pan et al., 2013)].<\/p>\n<\/li>\n<li data-start=\"2156\" data-end=\"2425\">\n<p data-start=\"2160\" data-end=\"2425\"><strong data-start=\"2160\" data-end=\"2188\">Dzia\u0142anie antybakteryjne<\/strong> \u2013 Ekstrakt Chagi skutecznie hamuje wzrost patogennych bakterii, takich jak Staphylococcus aureus i Salmonella typhimurium, co wskazuje na jego potencjalne zastosowanie jako naturalnego \u015brodka antybakteryjnego [(Tuwaijri &amp; Souad, 2023)].<\/p>\n<\/li>\n<\/ul>\n<h6><em>\u0179<\/em><em>r\u00f3d\u0142a:<\/em><\/h6>\n<article class=\"group\/turn w-full text-token-text-primary focus-visible:outline-2 focus-visible:outline-offset-&#091;-4px&#093;\" dir=\"auto\" data-testid=\"conversation-turn-3\" data-scroll-anchor=\"true\">\n<div class=\"text-base my-auto mx-auto py-&#091;18px&#093; px-6\">\n<div class=\"mx-auto flex flex-1 text-base gap-4 md:gap-5 lg:gap-6 md:max-w-3xl lg:max-w-&#091;40rem&#093; xl:max-w-&#091;48rem&#093;\">\n<div class=\"group\/conversation-turn relative flex w-full min-w-0 flex-col agent-turn @xs\/thread:px-0 @sm\/thread:px-1.5 @md\/thread:px-4\">\n<div class=\"flex-col gap-1 md:gap-3\">\n<div class=\"flex max-w-full flex-col flex-grow\">\n<div class=\"min-h-8 text-message relative flex w-full flex-col items-end gap-2 whitespace-normal break-words text-start &#091;.text-message+&amp;&#093;:mt-5\" dir=\"auto\" data-message-author-role=\"assistant\" data-message-id=\"35683346-0569-47e6-b024-ccba29df0a1d\" data-message-model-slug=\"gpt-4o\">\n<div class=\"flex w-full flex-col gap-1 empty:hidden first:pt-&#091;3px&#093;\">\n<div class=\"markdown prose w-full break-words dark:prose-invert dark\">\n<ul data-start=\"2439\" data-end=\"4537\" data-is-only-node=\"\" data-is-last-node=\"\">\n<li data-start=\"2439\" data-end=\"2611\">\n<h6>G\u00e9ry, A., Dubreule, C., Andr\u00e9, V., et al. (2018). Chaga (Inonotus obliquus), a Future Potential Medicinal Fungus in Oncology? <em data-start=\"2567\" data-end=\"2601\">Integrative Cancer Therapies, 17<\/em>, 832-843.<\/h6>\n<\/li>\n<li data-start=\"2612\" data-end=\"2771\">\n<h6>Ern, P. T. Y., Quan, T., Yee, F. S., &amp; Yin, A. C. Y. (2023). Therapeutic properties of Inonotus obliquus (Chaga mushroom): A review. <em data-start=\"2747\" data-end=\"2761\">Mycology, 15<\/em>, 144-161.<\/h6>\n<\/li>\n<li data-start=\"2772\" data-end=\"3001\">\n<h6>Lemieszek, M., Langner, E., Kaczor, J., et al. (2011). Anticancer effects of fraction isolated from fruiting bodies of Chaga medicinal mushroom, Inonotus obliquus. <em data-start=\"2938\" data-end=\"2988\">International Journal of Medicinal Mushrooms, 13<\/em>(2), 131-143.<\/h6>\n<\/li>\n<li data-start=\"3002\" data-end=\"3204\">\n<h6>Youn, M., Kim, J., Park, S.-Y., et al. (2008). Chaga mushroom (Inonotus obliquus) induces G0\/G1 arrest and apoptosis in human hepatoma HepG2 cells. <em data-start=\"3152\" data-end=\"3191\">World Journal of Gastroenterology, 14<\/em>(4), 511-517.<\/h6>\n<\/li>\n<li data-start=\"3205\" data-end=\"3450\">\n<h6>Sagayama, K., Tanaka, N., Fukumoto, T., &amp; Kashiwada, Y. (2019). Lanostane-type triterpenes from the sclerotium of Inonotus obliquus as proproliferative agents on human follicle dermal papilla cells. <em data-start=\"3406\" data-end=\"3440\">Journal of Natural Medicines, 73<\/em>, 597-601.<\/h6>\n<\/li>\n<li data-start=\"3451\" data-end=\"3663\">\n<h6>Arata, S., Watanabe, J., Maeda, M., et al. (2016). Continuous intake of the Chaga mushroom (Inonotus obliquus) aqueous extract suppresses cancer progression and maintains body temperature in mice. <em data-start=\"3650\" data-end=\"3662\">Heliyon, 2<\/em>.<\/h6>\n<\/li>\n<li data-start=\"3664\" data-end=\"3829\">\n<h6>Ham, S., Kim, S., Moon, S., et al. (2009). Antimutagenic effects of subfractions of Chaga mushroom (Inonotus obliquus) extract. <em data-start=\"3794\" data-end=\"3818\">Mutation Research, 672<\/em>(1), 55-59.<\/h6>\n<\/li>\n<li data-start=\"3830\" data-end=\"4034\">\n<h6>Lee, H., Kim, E., &amp; Kim, S. H. (2015). Ethanol extract of Innotus obliquus (Chaga mushroom) induces G1 cell cycle arrest in HT-29 human colon cancer cells. <em data-start=\"3988\" data-end=\"4024\">Nutrition Research and Practice, 9<\/em>, 111-116.<\/h6>\n<\/li>\n<li data-start=\"4035\" data-end=\"4298\">\n<h6>Pan, H., Yu, X.-T., Li, T., et al. (2013). Aqueous extract from a Chaga medicinal mushroom, Inonotus obliquus, prevents herpes simplex virus entry through inhibition of viral-induced membrane fusion. <em data-start=\"4237\" data-end=\"4287\">International Journal of Medicinal Mushrooms, 15<\/em>(1), 29-38.<\/h6>\n<\/li>\n<li data-start=\"4299\" data-end=\"4537\" data-is-last-node=\"\">\n<h6>Tuwaijri, M., &amp; Souad, S. (2023). Antibacterial activity of Chaga mushroom (Inonotus obliquus) extract against Staphylococcus aureus and Salmonella typhimurium: An In Vitro Study. <em data-start=\"4481\" data-end=\"4536\">The Egyptian Journal of Experimental Biology (Botany)<\/em><\/h6>\n<\/li>\n<\/ul>\n<\/div>\n<\/div>\n<\/div>\n<\/div>\n<div class=\"flex items-center justify-start rounded-xl p-1\"><\/div>\n<\/div>\n<\/div>\n<\/div>\n<\/div>\n<\/article>\n<h6 class=\"pointer-events-none h-px w-px\" aria-hidden=\"true\" data-edge=\"true\"><\/h6>\n<p>\t\t\t\t<\/div>\n\t\t\t\t\t<\/div>\n\n\t\t\t\t\t<\/div>\n\t\t<\/div>\n\n\t\t<\/div><\/div><\/div><div class=\"wpb_column vc_column_container vc_col-sm-2\"><div class=\"vc_column-inner\"><div class=\"wpb_wrapper\"><\/div><\/div><\/div><\/div>\n<\/div>","protected":false},"excerpt":{"rendered":"<p><em>50 ml (1.58 pln\/ ml)<\/em><\/p>\n<h1><strong>Chaga Extract<\/strong><\/h1>\n<p>Extract of\u00a0<strong>Chagi (Inonotus obliquus) liquid<\/strong><\/p>\n<p><em>Encann\u00ae Adapt Sense Nutraceutic Extract.<\/em><\/p>\n<p><b>2272 mg of Chaga fruiting bodies in a daily serving, calculated as dry fruiting bodies<\/b><\/p>\n<p>Extract Standardized for <b>75,000 mg Chaga converted to dry fruiting bodies <\/b>in a package. When you buy from this auction you are buying a set of 3 packs.<\/p>\n<p>Net content <strong>3\u00d750 ml | 99 suggested daily servings<\/strong><\/p>","protected":false},"featured_media":4900,"template":"","meta":[],"product_brand":[],"product_cat":[95,97],"product_tag":[],"class_list":{"0":"post-4926","1":"product","2":"type-product","3":"status-publish","4":"has-post-thumbnail","6":"product_cat-wszystkie_produkty","7":"product_cat-adaptsense","9":"first","10":"instock","11":"taxable","12":"shipping-taxable","13":"purchasable","14":"product-type-simple"},"_links":{"self":[{"href":"https:\/\/encann.pl\/en\/wp-json\/wp\/v2\/product\/4926","targetHints":{"allow":["GET"]}}],"collection":[{"href":"https:\/\/encann.pl\/en\/wp-json\/wp\/v2\/product"}],"about":[{"href":"https:\/\/encann.pl\/en\/wp-json\/wp\/v2\/types\/product"}],"wp:featuredmedia":[{"embeddable":true,"href":"https:\/\/encann.pl\/en\/wp-json\/wp\/v2\/media\/4900"}],"wp:attachment":[{"href":"https:\/\/encann.pl\/en\/wp-json\/wp\/v2\/media?parent=4926"}],"wp:term":[{"taxonomy":"product_brand","embeddable":true,"href":"https:\/\/encann.pl\/en\/wp-json\/wp\/v2\/product_brand?post=4926"},{"taxonomy":"product_cat","embeddable":true,"href":"https:\/\/encann.pl\/en\/wp-json\/wp\/v2\/product_cat?post=4926"},{"taxonomy":"product_tag","embeddable":true,"href":"https:\/\/encann.pl\/en\/wp-json\/wp\/v2\/product_tag?post=4926"}],"curies":[{"name":"wp","href":"https:\/\/api.w.org\/{rel}","templated":true}]}}